{"id":7150,"date":"2025-07-03T14:28:44","date_gmt":"2025-07-03T11:28:44","guid":{"rendered":"https:\/\/monditaly.com\/kauppa\/?post_type=product&#038;p=7150"},"modified":"2025-12-30T11:22:03","modified_gmt":"2025-12-30T09:22:03","slug":"gimetal-pieni-pyorea-pizzalapio-20cm-120","status":"publish","type":"product","link":"https:\/\/monditaly.com\/kauppa\/tuote\/gimetal-pieni-pyorea-pizzalapio-20cm-120\/","title":{"rendered":"GiMetal pieni py\u00f6re\u00e4 pizzalapio 20cm\/120 cm"},"content":{"rendered":"<h3><\/h3>\n<p>&nbsp;<\/p>\n","protected":false},"excerpt":{"rendered":"<p>Pieni pizzalapio, my\u00f6s kotik\u00e4ytt\u00f6\u00f6n. Lapion halkaisija 20cm, varsi 120 cm. Valmistettu alumiinista. Eritt\u00e4in kest\u00e4v\u00e4. Pest\u00e4\u00e4n k\u00e4sin miedolla pesuaineella.<\/p>\n<p>Aluminum pizza peel with 120 cm handle and 20 cm head. It is made of anodized aluminum, assembled to the head by means of 2 very resistant in-line rivets, which make the peel stable and extremely durable over time. The shape of the peel is ideal for cooking pizzas up to 20 cm in diameter and the size is designed to be used in traditional electric ovens, gas ovens and domestic wood ovens. Wash the product by hand with non-aggressive detergents. Do not wash in the dishwasher.<\/p>\n","protected":false},"featured_media":8071,"template":"","meta":[],"product_brand":[],"product_cat":[294,15,334,286,335,337,339],"product_tag":[702,341,342],"class_list":{"0":"post-7150","1":"product","2":"type-product","3":"status-publish","4":"has-post-thumbnail","6":"product_cat-juomat-horeca","7":"product_cat-non-food","8":"product_cat-horeca-non-food","9":"product_cat-pizzatarvikkeet","10":"product_cat-yksityisasiakkaat-non-food","11":"product_cat-keittiotarvikkeet-yksityisasiakkaat","12":"product_cat-pizzatarvikkeet-ja-muut-keittiotarvikkeet","13":"product_tag-gimetal","14":"product_tag-pizzalapio","15":"product_tag-pizzapeel","17":"first","18":"instock","19":"taxable","20":"shipping-taxable","21":"product-type-simple"},"_links":{"self":[{"href":"https:\/\/monditaly.com\/kauppa\/wp-json\/wp\/v2\/product\/7150","targetHints":{"allow":["GET"]}}],"collection":[{"href":"https:\/\/monditaly.com\/kauppa\/wp-json\/wp\/v2\/product"}],"about":[{"href":"https:\/\/monditaly.com\/kauppa\/wp-json\/wp\/v2\/types\/product"}],"wp:featuredmedia":[{"embeddable":true,"href":"https:\/\/monditaly.com\/kauppa\/wp-json\/wp\/v2\/media\/8071"}],"wp:attachment":[{"href":"https:\/\/monditaly.com\/kauppa\/wp-json\/wp\/v2\/media?parent=7150"}],"wp:term":[{"taxonomy":"product_brand","embeddable":true,"href":"https:\/\/monditaly.com\/kauppa\/wp-json\/wp\/v2\/product_brand?post=7150"},{"taxonomy":"product_cat","embeddable":true,"href":"https:\/\/monditaly.com\/kauppa\/wp-json\/wp\/v2\/product_cat?post=7150"},{"taxonomy":"product_tag","embeddable":true,"href":"https:\/\/monditaly.com\/kauppa\/wp-json\/wp\/v2\/product_tag?post=7150"}],"curies":[{"name":"wp","href":"https:\/\/api.w.org\/{rel}","templated":true}]}}