{"id":7159,"date":"2025-07-04T11:24:17","date_gmt":"2025-07-04T08:24:17","guid":{"rendered":"https:\/\/monditaly.com\/kauppa\/?post_type=product&#038;p=7159"},"modified":"2025-07-29T16:30:41","modified_gmt":"2025-07-29T13:30:41","slug":"suklaa-multicream-jaatelovalmiste-08-kg-me-20-kpl","status":"publish","type":"product","link":"https:\/\/monditaly.com\/kauppa\/tuote\/suklaa-multicream-jaatelovalmiste-08-kg-me-20-kpl\/","title":{"rendered":"Suklaa multicream j\u00e4\u00e4tel\u00f6valmiste 0,8 kg (ME 20 kpl)"},"content":{"rendered":"<h3>Ainesosat \/ Ingredienser:<\/h3>\n<div><\/div>\n<h3>Ravintoarvot per 100g \/ N\u00e4ringsv\u00e4rde per 100g:<\/h3>\n<p>Energia \/ Energi kJ \/\u00a0 kcal<br \/>\nRasva \/ Fett\u00a0 g<br \/>\njosta tyydyttynytt\u00e4 \/ varav m\u00e4ttade\u00a0 g<br \/>\nHiilihydraatit \/ Kolhydrat\u00a0 g<br \/>\njoista sokereita \/ varav sockerarter\u00a0 g<br \/>\nKuitu \/ Fiber\u00a0 g<br \/>\nProteiini \/ Protein\u00a0 g<br \/>\nSuola \/ Salt\u00a0 g<\/p>\n","protected":false},"excerpt":{"rendered":"<p>Herkullista suklaaj\u00e4\u00e4tel\u00f6\u00e4 helposti ja nopeasti. T\u00e4st\u00e4 valmisteesta voit tehd\u00e4 pehme\u00e4\u00e4 suklaaj\u00e4\u00e4tel\u00f6\u00e4 sekoittamalla jauheen joko veteen tai maitoon. Tarvitset k\u00e4ytt\u00f6\u00f6si vain slush-koneen.<\/p>\n<p>The \u201cChocolate Cold Cream \u201c is a powdered mix in an 800 g bag with which to make cold creams or ice creams with a creamy consistency and a rich chocolate taste.<\/p>\n<p>It is a versatile product as the same bag can be prepared by mixing it with milk or water, using a traditional slush machine or an enhanced slush machine.<\/p>\n<p>To prepare the Chocolate Cold Cream it is necessary to mix the contents of a bag with 2 liters of whole milk. Mix\u00a0carefully to avoid the formation of lumps and then pour into the slush machine (or into the powered slush machine if you want to obtain an ice cream).<\/p>\n<p>It is also possible to obtain a\u00a0<strong>cream\u00a0<\/strong>or an<strong>\u00a0ice cream<\/strong>\u00a0with a more intense flavor by mixing the contents of a bag with 1.5 liters of water.<\/p>\n<p>For the correct storage of the product, remember to keep the slush machine always on, selecting the maintenance \/ refrigerated mode when not in use, thus avoiding the souring of the milk.<\/p>\n","protected":false},"featured_media":7336,"template":"","meta":[],"product_brand":[],"product_cat":[72,235,61,171,266],"product_tag":[591,512,514,590,588,589,115],"class_list":{"0":"post-7159","1":"product","2":"type-product","3":"status-publish","4":"has-post-thumbnail","6":"product_cat-leivat-keksit-ja-leivonnaiset-horeca","7":"product_cat-leivonnaiset-horeca","8":"product_cat-pakasteet","9":"product_cat-pakasteet-horeca","10":"product_cat-jaatelot-horeca","11":"product_tag-chocolate","12":"product_tag-jaatelo","13":"product_tag-jaatelovalmiste","14":"product_tag-multicream","15":"product_tag-pehmis","16":"product_tag-softice","17":"product_tag-suklaa","18":"product_shipping_class-horeca","20":"first","21":"instock","22":"taxable","23":"shipping-taxable","24":"product-type-simple"},"_links":{"self":[{"href":"https:\/\/monditaly.com\/kauppa\/wp-json\/wp\/v2\/product\/7159","targetHints":{"allow":["GET"]}}],"collection":[{"href":"https:\/\/monditaly.com\/kauppa\/wp-json\/wp\/v2\/product"}],"about":[{"href":"https:\/\/monditaly.com\/kauppa\/wp-json\/wp\/v2\/types\/product"}],"wp:featuredmedia":[{"embeddable":true,"href":"https:\/\/monditaly.com\/kauppa\/wp-json\/wp\/v2\/media\/7336"}],"wp:attachment":[{"href":"https:\/\/monditaly.com\/kauppa\/wp-json\/wp\/v2\/media?parent=7159"}],"wp:term":[{"taxonomy":"product_brand","embeddable":true,"href":"https:\/\/monditaly.com\/kauppa\/wp-json\/wp\/v2\/product_brand?post=7159"},{"taxonomy":"product_cat","embeddable":true,"href":"https:\/\/monditaly.com\/kauppa\/wp-json\/wp\/v2\/product_cat?post=7159"},{"taxonomy":"product_tag","embeddable":true,"href":"https:\/\/monditaly.com\/kauppa\/wp-json\/wp\/v2\/product_tag?post=7159"}],"curies":[{"name":"wp","href":"https:\/\/api.w.org\/{rel}","templated":true}]}}