{"id":7160,"date":"2025-07-04T11:41:13","date_gmt":"2025-07-04T08:41:13","guid":{"rendered":"https:\/\/monditaly.com\/kauppa\/?post_type=product&#038;p=7160"},"modified":"2025-07-29T16:24:52","modified_gmt":"2025-07-29T13:24:52","slug":"mango-sorbettivalmiste-1-kg-me-20-kpl","status":"publish","type":"product","link":"https:\/\/monditaly.com\/kauppa\/tuote\/mango-sorbettivalmiste-1-kg-me-20-kpl\/","title":{"rendered":"Mango sorbettivalmiste 1 kg (ME 20 kpl)"},"content":{"rendered":"<h3>Ainesosat \/ Ingredienser:<\/h3>\n<div><\/div>\n<h3>Ravintoarvot per 100g \/ N\u00e4ringsv\u00e4rde per 100g:<\/h3>\n<p>Energia \/ Energi kJ \/\u00a0 kcal<br \/>\nRasva \/ Fett\u00a0 g<br \/>\njosta tyydyttynytt\u00e4 \/ varav m\u00e4ttade\u00a0 g<br \/>\nHiilihydraatit \/ Kolhydrat\u00a0 g<br \/>\njoista sokereita \/ varav sockerarter\u00a0 g<br \/>\nKuitu \/ Fiber\u00a0 g<br \/>\nProteiini \/ Protein\u00a0 g<br \/>\nSuola \/ Salt\u00a0 g<\/p>\n","protected":false},"excerpt":{"rendered":"<p>Herkullinen ja raikas mangosorbettivalmiste, josta valmistat helposti slush-j\u00e4\u00e4tel\u00f6koneessa yht\u00e4 suomalaisten suosikkij\u00e4\u00e4tel\u00f6mauista. Voit tehd\u00e4 joko laktoositonta sorbettia sekoittamalla veteen tai maitoon sekoittamalla j\u00e4\u00e4tel\u00f6\u00e4. Voit my\u00f6s lis\u00e4t\u00e4 makua esim. proseccolla tai lik\u00f6\u00f6rill\u00e4.<\/p>\n<p>Mango Sorbet is a powdered mix in a 1 kg bag. It has a rich formulation that allows, with the addition of\u00a0<strong>only water<\/strong>, to obtain a creamy sorbet with a\u00a0<strong>great yield<\/strong>\u00a0and pleasant Mango taste. Perfect to serve at the end of a meal or at any time you want a refreshing citrus-flavored dessert.<\/p>\n<p>To prepare Mango Sorbet it is necessary to mix the contents of a sachet with 3 liters of water. Mix carefully to avoid the formation of lumps and then pour into the slush machine.<br \/>\nIt is possible to enrich the product by adding 200 ml of prosecco or liqueur of your choice .<\/p>\n<p>&nbsp;<\/p>\n","protected":false},"featured_media":7337,"template":"","meta":[],"product_brand":[],"product_cat":[72,235,61,171,266],"product_tag":[512,514,516,590,589,517],"class_list":{"0":"post-7160","1":"product","2":"type-product","3":"status-publish","4":"has-post-thumbnail","6":"product_cat-leivat-keksit-ja-leivonnaiset-horeca","7":"product_cat-leivonnaiset-horeca","8":"product_cat-pakasteet","9":"product_cat-pakasteet-horeca","10":"product_cat-jaatelot-horeca","11":"product_tag-jaatelo","12":"product_tag-jaatelovalmiste","13":"product_tag-mango","14":"product_tag-multicream","15":"product_tag-softice","16":"product_tag-sorbetti","17":"product_shipping_class-horeca","19":"first","20":"instock","21":"taxable","22":"shipping-taxable","23":"product-type-simple"},"_links":{"self":[{"href":"https:\/\/monditaly.com\/kauppa\/wp-json\/wp\/v2\/product\/7160","targetHints":{"allow":["GET"]}}],"collection":[{"href":"https:\/\/monditaly.com\/kauppa\/wp-json\/wp\/v2\/product"}],"about":[{"href":"https:\/\/monditaly.com\/kauppa\/wp-json\/wp\/v2\/types\/product"}],"wp:featuredmedia":[{"embeddable":true,"href":"https:\/\/monditaly.com\/kauppa\/wp-json\/wp\/v2\/media\/7337"}],"wp:attachment":[{"href":"https:\/\/monditaly.com\/kauppa\/wp-json\/wp\/v2\/media?parent=7160"}],"wp:term":[{"taxonomy":"product_brand","embeddable":true,"href":"https:\/\/monditaly.com\/kauppa\/wp-json\/wp\/v2\/product_brand?post=7160"},{"taxonomy":"product_cat","embeddable":true,"href":"https:\/\/monditaly.com\/kauppa\/wp-json\/wp\/v2\/product_cat?post=7160"},{"taxonomy":"product_tag","embeddable":true,"href":"https:\/\/monditaly.com\/kauppa\/wp-json\/wp\/v2\/product_tag?post=7160"}],"curies":[{"name":"wp","href":"https:\/\/api.w.org\/{rel}","templated":true}]}}