{"id":7161,"date":"2025-07-04T11:56:27","date_gmt":"2025-07-04T08:56:27","guid":{"rendered":"https:\/\/monditaly.com\/kauppa\/?post_type=product&#038;p=7161"},"modified":"2025-07-29T16:13:55","modified_gmt":"2025-07-29T13:13:55","slug":"vanilja-multicream-jaatelovalmiste-08-kg-me-20-kpl","status":"publish","type":"product","link":"https:\/\/monditaly.com\/kauppa\/tuote\/vanilja-multicream-jaatelovalmiste-08-kg-me-20-kpl\/","title":{"rendered":"Vanilja multicream j\u00e4\u00e4tel\u00f6valmiste 0,8 kg (ME 20 kpl)"},"content":{"rendered":"<h3>Ainesosat \/ Ingredienser:<\/h3>\n<div><\/div>\n<h3>Ravintoarvot per 100g \/ N\u00e4ringsv\u00e4rde per 100g:<\/h3>\n<p>Energia \/ Energi kJ \/\u00a0 kcal<br \/>\nRasva \/ Fett\u00a0 g<br \/>\njosta tyydyttynytt\u00e4 \/ varav m\u00e4ttade\u00a0 g<br \/>\nHiilihydraatit \/ Kolhydrat\u00a0 g<br \/>\njoista sokereita \/ varav sockerarter\u00a0 g<br \/>\nKuitu \/ Fiber\u00a0 g<br \/>\nProteiini \/ Protein\u00a0 g<br \/>\nSuola \/ Salt\u00a0 g<\/p>\n","protected":false},"excerpt":{"rendered":"<p>Vaniljanmakuinen j\u00e4\u00e4tel\u00f6valmiste, josta teet nopeasti slush-j\u00e4\u00e4tel\u00f6koneessa herkullisen pehme\u00e4\u00e4 vaniljaj\u00e4\u00e4tel\u00f6\u00e4.<\/p>\n<h6 class=\"wp-block-heading\"><strong>Bicom slush creams are high quality Horeca professional products, gluten-free, without hydrogenated fats, without artificial colors and without GMOs.<\/strong><\/h6>\n<p>The Milk Cream Cold Cream is a powder preparation in an 800 g bag with which to make cold creams or ice creams with a creamy consistency and an intense taste of milk and cream.<\/p>\n<p>It is a versatile product as the same bag can be prepared by mixing it with milk or water, using a traditional slush machine or an enhanced slush machine.<\/p>\n<p>Milk Cold Cream can also be used as a neutral base to be flavored with dried fruit pastes, toppings or concentrated syrups to obtain the most varied flavors, always starting from the same product<\/p>\n","protected":false},"featured_media":7334,"template":"","meta":[],"product_brand":[],"product_cat":[46,110,61,171,266],"product_tag":[512,514,588,589,513],"class_list":{"0":"post-7161","1":"product","2":"type-product","3":"status-publish","4":"has-post-thumbnail","6":"product_cat-teolliset_elintarvikkeet","7":"product_cat-horeca-teolliset-elintarvikkeet","8":"product_cat-pakasteet","9":"product_cat-pakasteet-horeca","10":"product_cat-jaatelot-horeca","11":"product_tag-jaatelo","12":"product_tag-jaatelovalmiste","13":"product_tag-pehmis","14":"product_tag-softice","15":"product_tag-vanilja","16":"product_shipping_class-horeca","18":"first","19":"instock","20":"taxable","21":"shipping-taxable","22":"product-type-simple"},"_links":{"self":[{"href":"https:\/\/monditaly.com\/kauppa\/wp-json\/wp\/v2\/product\/7161","targetHints":{"allow":["GET"]}}],"collection":[{"href":"https:\/\/monditaly.com\/kauppa\/wp-json\/wp\/v2\/product"}],"about":[{"href":"https:\/\/monditaly.com\/kauppa\/wp-json\/wp\/v2\/types\/product"}],"wp:featuredmedia":[{"embeddable":true,"href":"https:\/\/monditaly.com\/kauppa\/wp-json\/wp\/v2\/media\/7334"}],"wp:attachment":[{"href":"https:\/\/monditaly.com\/kauppa\/wp-json\/wp\/v2\/media?parent=7161"}],"wp:term":[{"taxonomy":"product_brand","embeddable":true,"href":"https:\/\/monditaly.com\/kauppa\/wp-json\/wp\/v2\/product_brand?post=7161"},{"taxonomy":"product_cat","embeddable":true,"href":"https:\/\/monditaly.com\/kauppa\/wp-json\/wp\/v2\/product_cat?post=7161"},{"taxonomy":"product_tag","embeddable":true,"href":"https:\/\/monditaly.com\/kauppa\/wp-json\/wp\/v2\/product_tag?post=7161"}],"curies":[{"name":"wp","href":"https:\/\/api.w.org\/{rel}","templated":true}]}}