{"id":7671,"date":"2025-10-06T10:01:19","date_gmt":"2025-10-06T07:01:19","guid":{"rendered":"https:\/\/monditaly.com\/kauppa\/?post_type=product&#038;p=7671"},"modified":"2025-10-06T11:05:23","modified_gmt":"2025-10-06T08:05:23","slug":"granarolo-mascarpone-juusto-laktoositon-1ltk-250g-x-6-kpl","status":"publish","type":"product","link":"https:\/\/monditaly.com\/kauppa\/tuote\/granarolo-mascarpone-juusto-laktoositon-1ltk-250g-x-6-kpl\/","title":{"rendered":"Granarolo mascarpone juusto laktoositon 1ltk (250g x 6 kpl)"},"content":{"rendered":"<h3>Ainesosat \/ Ingredienser:<\/h3>\n<p class=\"p1\">Past\u00f6roitu laktoositon kerma, past\u00f6roitu laktoositon maito, happamuudens\u00e4\u00e4t\u00f6aine: sitruunahappo.<\/p>\n<p>Past\u00f6riserad laktosfri gr\u00e4dde, past\u00f6riserad laktosfri mj\u00f6lk, surhetsreglerande medel: citronsyra.<\/p>\n<h3>Ravintoarvot per 100g \/ N\u00e4ringsv\u00e4rde per 100g:<\/h3>\n<p>Energia \/ Energi\u00a0 1658kJ \/\u00a0 403kcal<br \/>\nRasva \/ Fett\u00a0 42g<br \/>\njosta tyydyttynytt\u00e4 \/ varav m\u00e4ttade 28g<br \/>\nHiilihydraatit \/ Kolhydrater 2,5 g<br \/>\njoista sokereita \/ varav sockerarter 2,5 g<br \/>\nProteiini \/ Protein 3,6 g<br \/>\nSuola \/ Salt 0,10 g<br \/>\nLaktoosi\/ Laktos &lt;0,01<\/p>\n","protected":false},"excerpt":{"rendered":"<p>Monik\u00e4ytt\u00f6inen laktoositon italialainen tuorejuusto niin makeisiin kuin suolaisiinkin ruokiin.<\/p>\n<p>Versatile lactose-free Italian cream cheese for both sweet and savory dishes.<\/p>\n","protected":false},"featured_media":7672,"template":"","meta":[],"product_brand":[],"product_cat":[36,163,246,247,248],"product_tag":[187,618,553,305,619,90],"class_list":{"0":"post-7671","1":"product","2":"type-product","3":"status-publish","4":"has-post-thumbnail","6":"product_cat-viileat","7":"product_cat-viileat-horeca","8":"product_cat-juustot-horeca","9":"product_cat-tuorejuusto-horeca","10":"product_cat-pehmeat-juustot-horeca","11":"product_tag-cheese","12":"product_tag-creamcheese","13":"product_tag-lactosefree","14":"product_tag-laktoositon","15":"product_tag-mascarpone","16":"product_tag-tuorejuusto","17":"product_shipping_class-viileat-pakaste","19":"first","20":"instock","21":"virtual","22":"taxable","23":"product-type-simple"},"_links":{"self":[{"href":"https:\/\/monditaly.com\/kauppa\/wp-json\/wp\/v2\/product\/7671","targetHints":{"allow":["GET"]}}],"collection":[{"href":"https:\/\/monditaly.com\/kauppa\/wp-json\/wp\/v2\/product"}],"about":[{"href":"https:\/\/monditaly.com\/kauppa\/wp-json\/wp\/v2\/types\/product"}],"wp:featuredmedia":[{"embeddable":true,"href":"https:\/\/monditaly.com\/kauppa\/wp-json\/wp\/v2\/media\/7672"}],"wp:attachment":[{"href":"https:\/\/monditaly.com\/kauppa\/wp-json\/wp\/v2\/media?parent=7671"}],"wp:term":[{"taxonomy":"product_brand","embeddable":true,"href":"https:\/\/monditaly.com\/kauppa\/wp-json\/wp\/v2\/product_brand?post=7671"},{"taxonomy":"product_cat","embeddable":true,"href":"https:\/\/monditaly.com\/kauppa\/wp-json\/wp\/v2\/product_cat?post=7671"},{"taxonomy":"product_tag","embeddable":true,"href":"https:\/\/monditaly.com\/kauppa\/wp-json\/wp\/v2\/product_tag?post=7671"}],"curies":[{"name":"wp","href":"https:\/\/api.w.org\/{rel}","templated":true}]}}