{"id":7759,"date":"2025-10-30T11:09:23","date_gmt":"2025-10-30T09:09:23","guid":{"rendered":"https:\/\/monditaly.com\/kauppa\/?post_type=product&#038;p=7759"},"modified":"2025-10-30T11:18:27","modified_gmt":"2025-10-30T09:18:27","slug":"trinita-coppa-n-15-kg","status":"publish","type":"product","link":"https:\/\/monditaly.com\/kauppa\/tuote\/trinita-coppa-n-15-kg\/","title":{"rendered":"Trinita Coppa n. 1,5 kg"},"content":{"rendered":"<h3>Ainesosat \/ Ingredienser:<\/h3>\n<p>Tiedot tulossa pian<\/p>\n<h3>Ravintoarvot per 100g \/ N\u00e4ringsv\u00e4rde per 100g:<\/h3>\n<p>Tiedot tulossa pian<\/p>\n","protected":false},"excerpt":{"rendered":"<p class=\"p1\">Kypsytetty leikkele, joka on valmistettu sian niskasta per\u00e4isin olevasta tuoreesta lihasta. Liha suolataan, maustetaan ja kypsytet\u00e4\u00e4n perinteiseen tapaan valvotuissa olosuhteissa. K\u00e4ytetty liha on per\u00e4isin EU-maista. Leikattaessa tuote on v\u00e4rilt\u00e4\u00e4n punainen, ja siin\u00e4 on valkoista lihaksensis\u00e4ist\u00e4 rasvaa. Maku on tyypillinen Parmassa valmistetuille kypsytetyille leikkeleille \u2013 makeahko, jossa on vivahteita mausteista ja aromaattisista yrteist\u00e4. Tuote ei sis\u00e4ll\u00e4 allergeeneja ja soveltuu sek\u00e4 keliaakikoille ett\u00e4 laktoosi-intoleranteille.<\/p>\n<p>Cured cold cut made from fresh pork neck. The meat is salted, seasoned, and matured according to traditional methods in controlled environments. The meat used comes from EU countries. When sliced, the product has a red colour with white intramuscular fat. Its flavour is typical of cured meats from the Parma region \u2013 delicate and slightly sweet, with notes of spices and aromatic herbs. The product contains no allergens and is suitable for coeliacs and lactose-intolerant consumers.<\/p>\n","protected":false},"featured_media":7762,"template":"","meta":[],"product_brand":[],"product_cat":[196,110,36,163,165,166],"product_tag":[623,622],"class_list":{"0":"post-7759","1":"product","2":"type-product","3":"status-publish","4":"has-post-thumbnail","6":"product_cat-kilokauppa","7":"product_cat-horeca-teolliset-elintarvikkeet","8":"product_cat-viileat","9":"product_cat-viileat-horeca","10":"product_cat-lihat-horeca","11":"product_cat-salamit-ja-kinkut-horeca","12":"product_tag-coppa","13":"product_tag-trinita","14":"product_shipping_class-viileat-pakaste","16":"first","17":"onbackorder","18":"taxable","19":"shipping-taxable","20":"product-type-simple"},"_links":{"self":[{"href":"https:\/\/monditaly.com\/kauppa\/wp-json\/wp\/v2\/product\/7759","targetHints":{"allow":["GET"]}}],"collection":[{"href":"https:\/\/monditaly.com\/kauppa\/wp-json\/wp\/v2\/product"}],"about":[{"href":"https:\/\/monditaly.com\/kauppa\/wp-json\/wp\/v2\/types\/product"}],"wp:featuredmedia":[{"embeddable":true,"href":"https:\/\/monditaly.com\/kauppa\/wp-json\/wp\/v2\/media\/7762"}],"wp:attachment":[{"href":"https:\/\/monditaly.com\/kauppa\/wp-json\/wp\/v2\/media?parent=7759"}],"wp:term":[{"taxonomy":"product_brand","embeddable":true,"href":"https:\/\/monditaly.com\/kauppa\/wp-json\/wp\/v2\/product_brand?post=7759"},{"taxonomy":"product_cat","embeddable":true,"href":"https:\/\/monditaly.com\/kauppa\/wp-json\/wp\/v2\/product_cat?post=7759"},{"taxonomy":"product_tag","embeddable":true,"href":"https:\/\/monditaly.com\/kauppa\/wp-json\/wp\/v2\/product_tag?post=7759"}],"curies":[{"name":"wp","href":"https:\/\/api.w.org\/{rel}","templated":true}]}}