{"id":7763,"date":"2025-10-30T11:18:41","date_gmt":"2025-10-30T09:18:41","guid":{"rendered":"https:\/\/monditaly.com\/kauppa\/?post_type=product&#038;p=7763"},"modified":"2025-10-30T11:24:15","modified_gmt":"2025-10-30T09:24:15","slug":"trinita-mortadella-superba-pistacchio-n-35-kg","status":"publish","type":"product","link":"https:\/\/monditaly.com\/kauppa\/tuote\/trinita-mortadella-superba-pistacchio-n-35-kg\/","title":{"rendered":"Trinita Mortadella Superba Pistacchio n. 3,5 kg"},"content":{"rendered":"<h3>Ainesosat \/ Ingredienser:<\/h3>\n<p>Tiedot tulossa pian<\/p>\n<h3>Ravintoarvot per 100g \/ N\u00e4ringsv\u00e4rde per 100g:<\/h3>\n<p>Tiedot tulossa pian<\/p>\n","protected":false},"excerpt":{"rendered":"<p>Mortadella, joka on valmistettu hienoksi jauhetusta sianlihasta (EU-alkuper\u00e4\u00e4), sekoitettuna suolan ja aromien kanssa. Mukana kuutioitua sian selk\u00e4rasvaa (lardelli). Leikattaessa tuote on vaaleanpunainen, ja siin\u00e4 n\u00e4kyy valkoisia, kiinteit\u00e4 rasvakuutioita. Maku on t\u00e4ytel\u00e4inen ja voimakas, mausteisin vivahtein. Saatavilla on versioita sek\u00e4 pistaaseilla ett\u00e4 ilman, eik\u00e4 tuotteeseen ole lis\u00e4tty polyfosfaatteja. Mortadella on tyhji\u00f6pakattu.<\/p>\n<p>Mortadella made from finely minced pork (of EU origin), mixed with salt and natural flavourings. The lardelli (fat cubes) are obtained by dicing firm back fat from the pig. When sliced, the product appears pink with compact white fat cubes. The flavour is rich and intense, with spicy notes. Available with or without pistachios and without added polyphosphates. The product is vacuum-packed.<\/p>\n","protected":false},"featured_media":7761,"template":"","meta":[],"product_brand":[],"product_cat":[196,110,36,163,165,166],"product_tag":[624,454,605,455,622],"class_list":{"0":"post-7763","1":"product","2":"type-product","3":"status-publish","4":"has-post-thumbnail","6":"product_cat-kilokauppa","7":"product_cat-horeca-teolliset-elintarvikkeet","8":"product_cat-viileat","9":"product_cat-viileat-horeca","10":"product_cat-lihat-horeca","11":"product_cat-salamit-ja-kinkut-horeca","12":"product_tag-mortadella","13":"product_tag-pistaasi","14":"product_tag-pistacchio","15":"product_tag-pistachio","16":"product_tag-trinita","17":"product_shipping_class-viileat-pakaste","19":"first","20":"onbackorder","21":"taxable","22":"shipping-taxable","23":"product-type-simple"},"_links":{"self":[{"href":"https:\/\/monditaly.com\/kauppa\/wp-json\/wp\/v2\/product\/7763","targetHints":{"allow":["GET"]}}],"collection":[{"href":"https:\/\/monditaly.com\/kauppa\/wp-json\/wp\/v2\/product"}],"about":[{"href":"https:\/\/monditaly.com\/kauppa\/wp-json\/wp\/v2\/types\/product"}],"wp:featuredmedia":[{"embeddable":true,"href":"https:\/\/monditaly.com\/kauppa\/wp-json\/wp\/v2\/media\/7761"}],"wp:attachment":[{"href":"https:\/\/monditaly.com\/kauppa\/wp-json\/wp\/v2\/media?parent=7763"}],"wp:term":[{"taxonomy":"product_brand","embeddable":true,"href":"https:\/\/monditaly.com\/kauppa\/wp-json\/wp\/v2\/product_brand?post=7763"},{"taxonomy":"product_cat","embeddable":true,"href":"https:\/\/monditaly.com\/kauppa\/wp-json\/wp\/v2\/product_cat?post=7763"},{"taxonomy":"product_tag","embeddable":true,"href":"https:\/\/monditaly.com\/kauppa\/wp-json\/wp\/v2\/product_tag?post=7763"}],"curies":[{"name":"wp","href":"https:\/\/api.w.org\/{rel}","templated":true}]}}