{"id":7778,"date":"2025-10-31T12:05:49","date_gmt":"2025-10-31T10:05:49","guid":{"rendered":"https:\/\/monditaly.com\/kauppa\/?post_type=product&#038;p=7778"},"modified":"2025-10-31T12:10:49","modified_gmt":"2025-10-31T10:10:49","slug":"acquaviva-pakastettu-ricotta-pistaasikakku","status":"publish","type":"product","link":"https:\/\/monditaly.com\/kauppa\/tuote\/acquaviva-pakastettu-ricotta-pistaasikakku\/","title":{"rendered":"Acquaviva pakastettu Ricotta-pistaasikakku 1300g"},"content":{"rendered":"<h3>Ainesosat:<\/h3>\n<h3>Ingredients:<\/h3>\n<h3>Ravintoarvot per 100g:<\/h3>\n<p class=\"p1\">Ravintosis\u00e4lt\u00f6 per 100g\/N\u00e4ringsv\u00e4rde per 100g<br \/>\nEnergia\/ Energi kJ \/ kcal<br \/>\nRasva\/ Fett g<br \/>\njoista tyydyttynytt\u00e4\/ varav m\u00e4ttade g<br \/>\nHiilihydraatit\/ Kolhydrater g<br \/>\njosta sokereita\/ varav sockerarter g<br \/>\nProteiini\/ Protein g<br \/>\nSuola\/ Salt g<\/p>\n","protected":false},"excerpt":{"rendered":"<p>Valmiiksi paloiksi leikattu kakku, jossa hasselp\u00e4hkin\u00f6ist\u00e4 ja <span style=\"font-size: 14.4px;\">manteleista tehty pohja, ja sis\u00e4ll\u00e4 bufala-ricottaa sek\u00e4 pistaasip\u00e4hkin\u00e4\u00e4.<\/span><\/p>\n<p>Pre-cut cake: a hazelnut and almond cookie base, that encloses bufala ricotta and pistachio.<\/p>\n","protected":false},"featured_media":7773,"template":"","meta":[],"product_brand":[],"product_cat":[61,171,267],"product_tag":[604,204,631,447,203,454,605,455,125],"class_list":{"0":"post-7778","1":"product","2":"type-product","3":"status-publish","4":"has-post-thumbnail","6":"product_cat-pakasteet","7":"product_cat-pakasteet-horeca","8":"product_cat-leivonnaiset-pakaste-horeca","9":"product_tag-acquaviva","10":"product_tag-frozen","11":"product_tag-kakku","12":"product_tag-leivonnainen","13":"product_tag-pakaste","14":"product_tag-pistaasi","15":"product_tag-pistacchio","16":"product_tag-pistachio","17":"product_tag-ricotta","18":"product_shipping_class-viileat-pakaste","20":"first","21":"instock","22":"taxable","23":"shipping-taxable","24":"product-type-simple"},"_links":{"self":[{"href":"https:\/\/monditaly.com\/kauppa\/wp-json\/wp\/v2\/product\/7778","targetHints":{"allow":["GET"]}}],"collection":[{"href":"https:\/\/monditaly.com\/kauppa\/wp-json\/wp\/v2\/product"}],"about":[{"href":"https:\/\/monditaly.com\/kauppa\/wp-json\/wp\/v2\/types\/product"}],"wp:featuredmedia":[{"embeddable":true,"href":"https:\/\/monditaly.com\/kauppa\/wp-json\/wp\/v2\/media\/7773"}],"wp:attachment":[{"href":"https:\/\/monditaly.com\/kauppa\/wp-json\/wp\/v2\/media?parent=7778"}],"wp:term":[{"taxonomy":"product_brand","embeddable":true,"href":"https:\/\/monditaly.com\/kauppa\/wp-json\/wp\/v2\/product_brand?post=7778"},{"taxonomy":"product_cat","embeddable":true,"href":"https:\/\/monditaly.com\/kauppa\/wp-json\/wp\/v2\/product_cat?post=7778"},{"taxonomy":"product_tag","embeddable":true,"href":"https:\/\/monditaly.com\/kauppa\/wp-json\/wp\/v2\/product_tag?post=7778"}],"curies":[{"name":"wp","href":"https:\/\/api.w.org\/{rel}","templated":true}]}}