{"id":7779,"date":"2025-10-31T12:11:10","date_gmt":"2025-10-31T10:11:10","guid":{"rendered":"https:\/\/monditaly.com\/kauppa\/?post_type=product&#038;p=7779"},"modified":"2025-11-05T13:56:07","modified_gmt":"2025-11-05T11:56:07","slug":"acquaviva-pakastettu-newyork-cheesecake","status":"publish","type":"product","link":"https:\/\/monditaly.com\/kauppa\/tuote\/acquaviva-pakastettu-newyork-cheesecake\/","title":{"rendered":"Acquaviva pakastettu New York Cheesecake 1400g"},"content":{"rendered":"<h3>Ainesosat:<\/h3>\n<p>Sokeri, RICOTTA (HERATIIVISTE, happamuudens\u00e4\u00e4t\u00f6aineet: E330, E270), MASCARPONE (KERMA, t\u00e4ysMAITO, happamuudens\u00e4\u00e4t\u00f6aine: E270), past\u00f6roidut KOKONAISET MUNAT, VOI, VEHN\u00c4JAUHO, kasvimargariini (palmurasvat ja auringonkukka\u00f6ljyt, emulgointiaine: E471; suola, aromit), perunat\u00e4rkkelys, glukoosi-fruktoosisiirappi, kasvirasvat (kookos, palmuydin, palmu) vaihtelevissa suhteissa, sitruunamehu, past\u00f6roitu MUNANKELTAINEN, KERMA, RASVATON MAITOJAUHE, vaahdotusaine (stabilointiaine (E420i); sakkaroosisiirappi, hunaja, emulgointiaine (E471); aromit), stabilointiaine (E420ii), muunnettu maissit\u00e4rkkelys, glukoosisiirappi, kasvikuitu (peruna), suola, nostatusaineet (E450i, E500ii), emulgointiaineet E471, SOIJAlesitiini, MAITOpitoiset proteiinit, aromit.<br data-start=\"920\" data-end=\"923\" \/>Saattaa sis\u00e4lt\u00e4\u00e4: MAAP\u00c4HKIN\u00d6IT\u00c4, P\u00c4HKIN\u00d6IT\u00c4 (PISTAASI, HASSELP\u00c4HKIN\u00c4, MANTELI), RIKKIDIOKSIDIA, SINAPPIA.<\/p>\n<h3>Ingredienser:<\/h3>\n<p>Socker, RICOTTA (VASSLE, surhetsreglerande medel: E330, E270), MASCARPONE (GR\u00c4DDE, helmj\u00f6lk, surhetsreglerande medel: E270), past\u00f6riserade HEL\u00c4GG, SM\u00d6R, VETEMJ\u00d6L, vegetabilisk margarin (palmfetter och solrosoljor, emulgeringsmedel: E471; salt, aromer), potatisst\u00e4rkelse, glukos-fruktossirap, vegetabiliska fetter (kokos, palmk\u00e4rna, palm) i varierande proportioner, citronsaft, past\u00f6riserad \u00c4GGULA, GR\u00c4DDE, SKUMMJ\u00d6LKSPULVER, vispmedel (stabiliseringsmedel (E420i); sackarossirap, honung, emulgeringsmedel (E471); aromer), stabiliseringsmedel (E420ii), modifierad majsst\u00e4rkelse, glukossirap, vegetabiliska fibrer (potatis), salt, j\u00e4smedel (E450i, E500ii), emulgeringsmedel E471, SOJAlecitin, MJ\u00d6LKproteiner, aromer.<br data-start=\"1924\" data-end=\"1927\" \/>Kan inneh\u00e5lla: JORDN\u00d6TTER, N\u00d6TTER (PISTAGE, HASSELN\u00d6T, MANDEL), SVAVELDIOXID, SENAP.<\/p>\n<h3>Ravintoarvot per 100g:<\/h3>\n<p class=\"p1\">Ravintosis\u00e4lt\u00f6 per 100g\/N\u00e4ringsv\u00e4rde per 100g<br \/>\nEnergia\/ Energi 1524 kJ \/ 366kcal<br \/>\nRasva\/ Fett 25g<br \/>\njoista tyydyttynytt\u00e4\/ varav m\u00e4ttade 16g<br \/>\nHiilihydraatit\/ Kolhydrater 29g<br \/>\njosta sokereita\/ varav sockerarter 20g<br \/>\nProteiini\/ Protein 4,9g<br \/>\nSuola\/ Salt 0,28g<\/p>\n","protected":false},"excerpt":{"rendered":"<p>Valmiiksi paloiksi leikattu perinteinen New York juustokakku, jossa keksipohjan p\u00e4\u00e4ll\u00e4 pehme\u00e4 tuorejuusto-ricotta -t\u00e4yte. Pakastettu tuote.<\/p>\n<p>Pre-cut cake: a cookie base with soft cheese cream and ricotta cream. Djupfryst produkt.<\/p>\n","protected":false},"featured_media":7774,"template":"","meta":[],"product_brand":[],"product_cat":[61,171,267],"product_tag":[604,635,204,636,631,447,634,637,203],"class_list":{"0":"post-7779","1":"product","2":"type-product","3":"status-publish","4":"has-post-thumbnail","6":"product_cat-pakasteet","7":"product_cat-pakasteet-horeca","8":"product_cat-leivonnaiset-pakaste-horeca","9":"product_tag-acquaviva","10":"product_tag-cheesecake","11":"product_tag-frozen","12":"product_tag-juustokakku","13":"product_tag-kakku","14":"product_tag-leivonnainen","15":"product_tag-newyork","16":"product_tag-ny","17":"product_tag-pakaste","18":"product_shipping_class-viileat-pakaste","20":"first","21":"instock","22":"taxable","23":"shipping-taxable","24":"product-type-simple"},"_links":{"self":[{"href":"https:\/\/monditaly.com\/kauppa\/wp-json\/wp\/v2\/product\/7779","targetHints":{"allow":["GET"]}}],"collection":[{"href":"https:\/\/monditaly.com\/kauppa\/wp-json\/wp\/v2\/product"}],"about":[{"href":"https:\/\/monditaly.com\/kauppa\/wp-json\/wp\/v2\/types\/product"}],"wp:featuredmedia":[{"embeddable":true,"href":"https:\/\/monditaly.com\/kauppa\/wp-json\/wp\/v2\/media\/7774"}],"wp:attachment":[{"href":"https:\/\/monditaly.com\/kauppa\/wp-json\/wp\/v2\/media?parent=7779"}],"wp:term":[{"taxonomy":"product_brand","embeddable":true,"href":"https:\/\/monditaly.com\/kauppa\/wp-json\/wp\/v2\/product_brand?post=7779"},{"taxonomy":"product_cat","embeddable":true,"href":"https:\/\/monditaly.com\/kauppa\/wp-json\/wp\/v2\/product_cat?post=7779"},{"taxonomy":"product_tag","embeddable":true,"href":"https:\/\/monditaly.com\/kauppa\/wp-json\/wp\/v2\/product_tag?post=7779"}],"curies":[{"name":"wp","href":"https:\/\/api.w.org\/{rel}","templated":true}]}}