{"id":7780,"date":"2025-10-31T12:14:55","date_gmt":"2025-10-31T10:14:55","guid":{"rendered":"https:\/\/monditaly.com\/kauppa\/?post_type=product&#038;p=7780"},"modified":"2025-11-05T14:08:50","modified_gmt":"2025-11-05T12:08:50","slug":"acquaviva-pakastettu-capresecake","status":"publish","type":"product","link":"https:\/\/monditaly.com\/kauppa\/tuote\/acquaviva-pakastettu-capresecake\/","title":{"rendered":"Acquaviva pakastettu Caprese cake 1100g"},"content":{"rendered":"<h3>Ainesosat:<\/h3>\n<p data-start=\"118\" data-end=\"438\">Past\u00f6roidut MUNAT, MANTELI 17,8 %, suklaakuorrute 17,8 % (osittain kovetetut kasvirasvat (palmuydin ja kookos), v\u00e4h\u00e4rasvainen kaakaojauhe, kaakaovoi, LAKTOOSI, emulgointiaine: SOIJAlesitiini; vanilliiniaromi), sokeri, VOI, VEHN\u00c4jauho, kaakaojauhe 1,4 %, nostatusaineet: E450i, E500ii; maissit\u00e4rkkelys.<\/p>\n<p data-start=\"440\" data-end=\"506\">Saattaa sis\u00e4lt\u00e4\u00e4: SINAPPIA, MUITA P\u00c4HKIN\u00d6IT\u00c4, MAAP\u00c4HKIN\u00d6IT\u00c4.<\/p>\n<h3>Ingredients:<\/h3>\n<p data-start=\"539\" data-end=\"854\">Past\u00f6riserade \u00c4GG, MANDEL 17,8 %, choklad\u00f6verdrag 17,8 % (delvis h\u00e4rdade vegetabiliska fetter (palmpalmk\u00e4rna och kokos), fettreducerat kakaopulver, kakaosm\u00f6r, LAKTOS, emulgeringsmedel: SOJAlecitin; vaniljarom), socker, SM\u00d6R, VETEmj\u00f6l, kakaopulver 1,4 %, j\u00e4smedel: E450i, E500ii; majsst\u00e4rkelse.<\/p>\n<p data-start=\"856\" data-end=\"909\">Kan inneh\u00e5lla: SENAP, ANDRA N\u00d6TTER, JORDN\u00d6TTER.<\/p>\n<h3>Ravintoarvot per 100g:<\/h3>\n<p class=\"p1\">Ravintosis\u00e4lt\u00f6 per 100g\/N\u00e4ringsv\u00e4rde per 100g<br \/>\nEnergia\/ Energi 1804kJ \/ 434kcal<br \/>\nRasva\/ Fett 30g<br \/>\njoista tyydyttynytt\u00e4\/ varav m\u00e4ttade 9,0g<br \/>\nHiilihydraatit\/ Kolhydrater 29g<br \/>\njosta sokereita\/ varav sockerarter 24g<br \/>\nProteiini\/ Protein 9,2g<br \/>\nSuola\/ Salt 0,12g<\/p>\n","protected":false},"excerpt":{"rendered":"<p>Valmiiksi paloiksi leikattu, perinteinen napolilainen suklaakakku, jossa manteleita ja hasselp\u00e4hkin\u00e4\u00e4.<\/p>\n<p>Pre-cut cake: a typical Neapolitan product made with almonds, hazelnuts and chocolate.<\/p>\n","protected":false},"featured_media":7775,"template":"","meta":[],"product_brand":[],"product_cat":[61,171,267],"product_tag":[604,639,638,591,204,631,447,539,203],"class_list":{"0":"post-7780","1":"product","2":"type-product","3":"status-publish","4":"has-post-thumbnail","6":"product_cat-pakasteet","7":"product_cat-pakasteet-horeca","8":"product_cat-leivonnaiset-pakaste-horeca","9":"product_tag-acquaviva","10":"product_tag-caprese","11":"product_tag-capresecake","12":"product_tag-chocolate","13":"product_tag-frozen","14":"product_tag-kakku","15":"product_tag-leivonnainen","16":"product_tag-napoli","17":"product_tag-pakaste","18":"product_shipping_class-viileat-pakaste","20":"first","21":"instock","22":"taxable","23":"shipping-taxable","24":"product-type-simple"},"_links":{"self":[{"href":"https:\/\/monditaly.com\/kauppa\/wp-json\/wp\/v2\/product\/7780","targetHints":{"allow":["GET"]}}],"collection":[{"href":"https:\/\/monditaly.com\/kauppa\/wp-json\/wp\/v2\/product"}],"about":[{"href":"https:\/\/monditaly.com\/kauppa\/wp-json\/wp\/v2\/types\/product"}],"wp:featuredmedia":[{"embeddable":true,"href":"https:\/\/monditaly.com\/kauppa\/wp-json\/wp\/v2\/media\/7775"}],"wp:attachment":[{"href":"https:\/\/monditaly.com\/kauppa\/wp-json\/wp\/v2\/media?parent=7780"}],"wp:term":[{"taxonomy":"product_brand","embeddable":true,"href":"https:\/\/monditaly.com\/kauppa\/wp-json\/wp\/v2\/product_brand?post=7780"},{"taxonomy":"product_cat","embeddable":true,"href":"https:\/\/monditaly.com\/kauppa\/wp-json\/wp\/v2\/product_cat?post=7780"},{"taxonomy":"product_tag","embeddable":true,"href":"https:\/\/monditaly.com\/kauppa\/wp-json\/wp\/v2\/product_tag?post=7780"}],"curies":[{"name":"wp","href":"https:\/\/api.w.org\/{rel}","templated":true}]}}