{"id":7781,"date":"2025-10-31T12:18:46","date_gmt":"2025-10-31T10:18:46","guid":{"rendered":"https:\/\/monditaly.com\/kauppa\/?post_type=product&#038;p=7781"},"modified":"2025-11-05T13:54:21","modified_gmt":"2025-11-05T11:54:21","slug":"acquaviva-pakastettu-kolmensuklaankakku","status":"publish","type":"product","link":"https:\/\/monditaly.com\/kauppa\/tuote\/acquaviva-pakastettu-kolmensuklaankakku\/","title":{"rendered":"Acquaviva pakastettu Kolmen suklaan kakku 1400g"},"content":{"rendered":"<h3>Ainesosat:<\/h3>\n<p data-start=\"128\" data-end=\"1554\">Kaakaokakkupohja (sokeri, VEHN\u00c4jauho, kuivattu t\u00e4ysMAITO, past\u00f6roidut MUNAT, VOI, kaakao 5,2 %, auringonkukka\u00f6ljy, past\u00f6roitu MUNANKELTAINEN, perunat\u00e4rkkelys, nostatusaine: natriumbikarbonaatti, suola, bourbon-vanilja, kanelijauhe), suklaakerma 22,5 % [suklaa 30 % \u2013 kaakaota v\u00e4h. 56 % (kaakaomassa, sokeri, kaakaovoi, emulgointiaine: SOIJAlesitiini; vaniljauute), KERMA, MAITO, past\u00f6roitu MUNANKELTAINEN, sokeri, liivate], maitosuklaakerma 22,5 % [KERMA, maitosuklaa 39 % \u2013 kaakaota v\u00e4h. 32 % (sokeri, kaakaovoi, MAITOjauhe, kaakaomassa, heraMAITOjauhe, emulgointiaine: SOIJAlesitiini; vaniljauute)], valkosuklaakerma 22,5 % [KERMA, valkosuklaa 30 % (sokeri, kaakaovoi, MAITOjauhe, heraMAITOjauhe, emulgointiaine: SOIJAlesitiini; vaniljauute)], kuorrute (sokeri, dekstroosi, vesi, VOI, kaakao, MAITOtiiviste (MAITO, sokeri), liivate, glukoosi, sakeuttamisaine: pektiini), alkoholiliuos [vesi, sokeri, rommiliuos 70 % (sokeriruokoalkoholi, vesi, aromit, karamelli)], suklaa-MAITOkuorrute (kaakaota v\u00e4h. 28,1 % \u2013 sokeri, kaakaomassa, kaakaovoi, t\u00e4ysMAITOjauhe, rasvaton MAITOjauhe, emulgointiaine: SOIJAlesitiini; luonnollinen vanilja-aromi), suklaakuorrute \u2013 kaakaota v\u00e4h. 48,5 % (sokeri, kaakaomassa, kaakaovoi, luonnollinen vanilja-aromi, emulgointiaine: auringonkukkalesitiini), valkosuklaakuorrute (sokeri, kaakaovoi, t\u00e4ysMAITOjauhe, LAKTOOSI, heraMAITOjauhe, emulgointiaine: SOIJAlesitiini; luonnollinen vanilja-aromi).<\/p>\n<p data-start=\"1556\" data-end=\"1673\">Saattaa sis\u00e4lt\u00e4\u00e4 P\u00c4HKIN\u00d6IT\u00c4 (HASSELP\u00c4HKIN\u00d6IT\u00c4, MANTELEITA, SOKERIP\u00c4HKIN\u00d6IT\u00c4, PISTASIOITA), MAAP\u00c4HKIN\u00d6IT\u00c4 ja SINAPPIA.<\/p>\n<h3 data-start=\"1556\" data-end=\"1673\">Ingredienser:<\/h3>\n<p data-start=\"1706\" data-end=\"3084\">Kaka med kakaobotten (socker, VETEmj\u00f6l, torkad helmj\u00f6lk, past\u00f6riserade \u00c4GG, SM\u00d6R, kakao 5,2 %, solrosolja, past\u00f6riserad \u00c4GGULA, potatisst\u00e4rkelse, j\u00e4smedel: natriumbikarbonat, salt, bourbonvanilj, kanelpulver), chokladkr\u00e4m 22,5 % [choklad 30 % \u2013 kakao minst 56 % (kakaomassa, socker, kakaosm\u00f6r, emulgeringsmedel: SOJAlecitin; vaniljextrakt), GR\u00c4DDE, MJ\u00d6LK, past\u00f6riserad \u00c4GGULA, socker, gelatin], mj\u00f6lkchokladkr\u00e4m 22,5 % [GR\u00c4DDE, mj\u00f6lkchoklad 39 % \u2013 kakao minst 32 % (socker, kakaosm\u00f6r, MJ\u00d6LKPULVER, kakaomassa, VASSLEMJ\u00d6LKSPULVER, emulgeringsmedel: SOJAlecitin; vaniljextrakt)], vit chokladkr\u00e4m 22,5 % [GR\u00c4DDE, vit choklad 30 % (socker, kakaosm\u00f6r, MJ\u00d6LKPULVER, VASSLEMJ\u00d6LKSPULVER, emulgeringsmedel: SOJAlecitin; vaniljextrakt)], glasyr (socker, dextros, vatten, SM\u00d6R, kakao, kondenserad MJ\u00d6LK (MJ\u00d6LK, socker), gelatin, glukos, f\u00f6rtjockningsmedel: pektin), alkohol\u00f6sning [vatten, socker, roml\u00f6sning 70 % (sockerr\u00f6rsdestillat, vatten, aromer, karamell)], choklad-MJ\u00d6LKkr\u00e4m (kakao minst 28,1 % \u2013 socker, kakaomassa, kakaosm\u00f6r, helmj\u00f6lkspulver, skummj\u00f6lkspulver, emulgeringsmedel: SOJAlecitin; naturlig vaniljarom), chokladkr\u00e4m \u2013 kakao minst 48,5 % (socker, kakaomassa, kakaosm\u00f6r, naturlig vaniljarom, emulgeringsmedel: solroslecitin), vit chokladkr\u00e4m (socker, kakaosm\u00f6r, helmj\u00f6lkspulver, LAKTOS, VASSLEMJ\u00d6LKSPULVER, emulgeringsmedel: SOJAlecitin; naturlig vaniljarom).<\/p>\n<p data-start=\"3086\" data-end=\"3180\">Kan inneh\u00e5lla N\u00d6TTER (HASSELN\u00d6TTER, MANDEL, VALN\u00d6TTER, PISTASCHN\u00d6TTER), JORDN\u00d6TTER och SENAP.<\/p>\n<h3>Ravintoarvot per 100g:<\/h3>\n<p class=\"p1\">Ravintosis\u00e4lt\u00f6 per 100g\/N\u00e4ringsv\u00e4rde per 100g<br \/>\nEnergia\/ Energi 1669 kJ \/ 399 kcal<br \/>\nRasva\/ Fett 16g<br \/>\njoista tyydyttynytt\u00e4\/ varav m\u00e4ttade 12g<br \/>\nHiilihydraatit\/ Kolhydrater 52g<br \/>\njosta sokereita\/ varav sockerarter 36g<br \/>\nProteiini\/ Protein 11g<br \/>\nSuola\/ Salt 0,20g<\/p>\n","protected":false},"excerpt":{"rendered":"<p>Valmiiksi paloiteltu, t\u00e4ytel\u00e4inen kolmen suklaan t\u00e4ytekakku, jossa tummaa suklaata, valkosuklaata ja maitosuklaata.<\/p>\n<p>Pre-cut cake: a sponge cake base, stuffed with dark chocolate, milk chocolate and white chocolate.<\/p>\n","protected":false},"featured_media":7776,"template":"","meta":[],"product_brand":[],"product_cat":[61,171,267],"product_tag":[604,591,204,631,447,539,203],"class_list":{"0":"post-7781","1":"product","2":"type-product","3":"status-publish","4":"has-post-thumbnail","6":"product_cat-pakasteet","7":"product_cat-pakasteet-horeca","8":"product_cat-leivonnaiset-pakaste-horeca","9":"product_tag-acquaviva","10":"product_tag-chocolate","11":"product_tag-frozen","12":"product_tag-kakku","13":"product_tag-leivonnainen","14":"product_tag-napoli","15":"product_tag-pakaste","16":"product_shipping_class-viileat-pakaste","18":"first","19":"instock","20":"taxable","21":"shipping-taxable","22":"product-type-simple"},"_links":{"self":[{"href":"https:\/\/monditaly.com\/kauppa\/wp-json\/wp\/v2\/product\/7781","targetHints":{"allow":["GET"]}}],"collection":[{"href":"https:\/\/monditaly.com\/kauppa\/wp-json\/wp\/v2\/product"}],"about":[{"href":"https:\/\/monditaly.com\/kauppa\/wp-json\/wp\/v2\/types\/product"}],"wp:featuredmedia":[{"embeddable":true,"href":"https:\/\/monditaly.com\/kauppa\/wp-json\/wp\/v2\/media\/7776"}],"wp:attachment":[{"href":"https:\/\/monditaly.com\/kauppa\/wp-json\/wp\/v2\/media?parent=7781"}],"wp:term":[{"taxonomy":"product_brand","embeddable":true,"href":"https:\/\/monditaly.com\/kauppa\/wp-json\/wp\/v2\/product_brand?post=7781"},{"taxonomy":"product_cat","embeddable":true,"href":"https:\/\/monditaly.com\/kauppa\/wp-json\/wp\/v2\/product_cat?post=7781"},{"taxonomy":"product_tag","embeddable":true,"href":"https:\/\/monditaly.com\/kauppa\/wp-json\/wp\/v2\/product_tag?post=7781"}],"curies":[{"name":"wp","href":"https:\/\/api.w.org\/{rel}","templated":true}]}}