{"id":7782,"date":"2025-10-31T12:33:42","date_gmt":"2025-10-31T10:33:42","guid":{"rendered":"https:\/\/monditaly.com\/kauppa\/?post_type=product&#038;p=7782"},"modified":"2025-11-05T13:35:12","modified_gmt":"2025-11-05T11:35:12","slug":"acquaviva-pakastettu-sacherkakku","status":"publish","type":"product","link":"https:\/\/monditaly.com\/kauppa\/tuote\/acquaviva-pakastettu-sacherkakku\/","title":{"rendered":"Acquaviva pakastettu Sacherkakku 1300g"},"content":{"rendered":"<h3>Ainesosat:<\/h3>\n<p data-start=\"305\" data-end=\"779\">Ekstra-aprikoosihillo 28 % (aprikoosimassa 70 %, sokeri, sakeuttamisaine: E440a; happamuudens\u00e4\u00e4t\u00f6aineet: E330, E331, E333), past\u00f6roidut MUNAT, sokeri, VEHN\u00c4jauho, vesi, v\u00e4h\u00e4rasvainen kaakaojauhe, kasvi\u00f6ljy (auringonkukka), kaakaovoi, glukoosisiirappi, alkoholi 1,6 %, emulgointiaineet: E471, E475, E322 (SOIJAsta), rasvaton MAITOjauhe, HASSELP\u00c4HKIN\u00c4tahna, LAKTOOSI, nostatusaineet: E450i, E500ii, brandy, kaakaomassa, luonnolliset aromit, perunat\u00e4rkkelys.<\/p>\n<p data-start=\"781\" data-end=\"829\">Saattaa sis\u00e4lt\u00e4\u00e4 muita P\u00c4HKIN\u00d6IT\u00c4 ja SINAPPIA.<\/p>\n<h3>Ingredients:<\/h3>\n<p data-start=\"1010\" data-end=\"1467\">Extra aprikosmarmelad 28 % (aprikospur\u00e9 70 %, socker, f\u00f6rtjockningsmedel: E440a; surhetsreglerande medel: E330, E331, E333), past\u00f6riserade \u00c4GG, socker, VETEmj\u00f6l, vatten, fettreducerat kakaopulver, vegetabilisk olja (solros), kakaosm\u00f6r, glukossirap, alkohol 1,6 %, emulgeringsmedel: E471, E475, E322 (fr\u00e5n SOJA), skummj\u00f6lkspulver, HASSELN\u00d6Tspasta, LAKTOS, j\u00e4smedel: E450i, E500ii, brandy, kakaomassa, naturliga aromer, potatisst\u00e4rkelse.<\/p>\n<p data-start=\"1469\" data-end=\"1508\">Kan inneh\u00e5lla andra N\u00d6TTER och SENAP.<\/p>\n<h3>Ravintoarvot per 100g:<\/h3>\n<p class=\"p1\">Ravintosis\u00e4lt\u00f6 per 100g\/N\u00e4ringsv\u00e4rde per 100g<br \/>\nEnergia\/ Energi 1532kJ \/ 364kcal<br \/>\nRasva\/ Fett 11g<br \/>\njoista tyydyttynytt\u00e4\/ varav m\u00e4ttade 3,7g<br \/>\nHiilihydraatit\/ Kolhydrater 57g<br \/>\njosta sokereita\/ varav sockerarter 40g<br \/>\nRavintokuitu\/ Kostfiber 2,4g<br \/>\nProteiini\/ Protein 6,1g<br \/>\nSuola\/ Salt 0,40g<\/p>\n","protected":false},"excerpt":{"rendered":"<p>Suklaakakkujen klassikko, Sacher-kakku, joka on kostutettu appelsiininkukkalik\u00f6\u00f6rill\u00e4, ja kerrosten v\u00e4liss\u00e4 on aprikoosihilloa ja p\u00e4\u00e4ll\u00e4 tumma suklaakuorrutus. Pakastettu konditoriatuote.<\/p>\n<p>A cocoa sponge cake base soaked in orange blossom liqueur, filled with apricot jam and covered with chocolate. Frozen confectionery.<\/p>\n","protected":false},"featured_media":7790,"template":"","meta":[],"product_brand":[],"product_cat":[61,171,267],"product_tag":[604,591,204,631,447,203,640,641],"class_list":{"0":"post-7782","1":"product","2":"type-product","3":"status-publish","4":"has-post-thumbnail","6":"product_cat-pakasteet","7":"product_cat-pakasteet-horeca","8":"product_cat-leivonnaiset-pakaste-horeca","9":"product_tag-acquaviva","10":"product_tag-chocolate","11":"product_tag-frozen","12":"product_tag-kakku","13":"product_tag-leivonnainen","14":"product_tag-pakaste","15":"product_tag-sacher","16":"product_tag-sacherkakku","17":"product_shipping_class-viileat-pakaste","19":"first","20":"instock","21":"taxable","22":"shipping-taxable","23":"product-type-simple"},"_links":{"self":[{"href":"https:\/\/monditaly.com\/kauppa\/wp-json\/wp\/v2\/product\/7782","targetHints":{"allow":["GET"]}}],"collection":[{"href":"https:\/\/monditaly.com\/kauppa\/wp-json\/wp\/v2\/product"}],"about":[{"href":"https:\/\/monditaly.com\/kauppa\/wp-json\/wp\/v2\/types\/product"}],"wp:featuredmedia":[{"embeddable":true,"href":"https:\/\/monditaly.com\/kauppa\/wp-json\/wp\/v2\/media\/7790"}],"wp:attachment":[{"href":"https:\/\/monditaly.com\/kauppa\/wp-json\/wp\/v2\/media?parent=7782"}],"wp:term":[{"taxonomy":"product_brand","embeddable":true,"href":"https:\/\/monditaly.com\/kauppa\/wp-json\/wp\/v2\/product_brand?post=7782"},{"taxonomy":"product_cat","embeddable":true,"href":"https:\/\/monditaly.com\/kauppa\/wp-json\/wp\/v2\/product_cat?post=7782"},{"taxonomy":"product_tag","embeddable":true,"href":"https:\/\/monditaly.com\/kauppa\/wp-json\/wp\/v2\/product_tag?post=7782"}],"curies":[{"name":"wp","href":"https:\/\/api.w.org\/{rel}","templated":true}]}}