{"id":7798,"date":"2025-10-31T13:43:18","date_gmt":"2025-10-31T11:43:18","guid":{"rendered":"https:\/\/monditaly.com\/kauppa\/?post_type=product&#038;p=7798"},"modified":"2025-11-05T13:47:03","modified_gmt":"2025-11-05T11:47:03","slug":"acquaviva-pakastettu-metsamarja-juustokakku","status":"publish","type":"product","link":"https:\/\/monditaly.com\/kauppa\/tuote\/acquaviva-pakastettu-metsamarja-juustokakku\/","title":{"rendered":"Acquaviva pakastettu Mets\u00e4marja-juustokakku 100g, gluteeniton (ME 9 kpl)"},"content":{"rendered":"<h3>Ainesosat:<\/h3>\n<p data-start=\"110\" data-end=\"1239\">Kreemi (t\u00e4ysMAITO, sokeri, KERMA, past\u00f6roitu MUNANKELTAINEN, past\u00f6roidut MUNAT, riisijauho, suola), levitett\u00e4v\u00e4 tuorejuusto 18,4 % (HERA, MAITOKERMA, heraproteiinikonsentraatti, suola, happamuudens\u00e4\u00e4t\u00f6aineet: sitruuna- ja maitohappo, maitohappobakteerit), KERMA, sokeri, vesi, marjakuorrute 8 % (gelatiini [glukoosisiirappi, vesi, sokeri, sakeuttamisaine: pektiini], sokeri, marjasose 16,2 % [vadelmia, mustikoita, karhunvatukoita ja punaherukoita vaihtelevissa suhteissa, sokeri], mustikkasose 8,1 % [mustikat, sokeri], happamuudens\u00e4\u00e4t\u00f6aine: sitruunahappo (E330)), riisijauho, past\u00f6roitu MUNANVALKUAINEN, kasvirasvat (palmuydin, palmu), kasvimargariini (kasvirasvat: palmu; kasvi\u00f6ljyt: auringonkukka; vesi; emulgointiaine: rasvahappojen mono- ja diglyseridit; happamuudens\u00e4\u00e4t\u00f6aine: sitruunahappo), maissit\u00e4rkkelys, VOI, past\u00f6roidut MUNAT, hyytel\u00f6imisaine: gelatiini; MAITOjauhe, stabilointiaineet: sorbitolisiirappi, selluloosa, kaliumfosfaatit; MAITOproteiinia, sakeuttamisaine: karboksimetyyliselluloosa; emulgointiaineet: rasvahappojen mono- ja diglyseridien esterit, auringonkukkalesitiini; suola, aromit.<\/p>\n<p data-start=\"1241\" data-end=\"1349\"><strong data-start=\"1241\" data-end=\"1262\">Saattaa sis\u00e4lt\u00e4\u00e4:<\/strong> MAAP\u00c4HKIN\u00d6IT\u00c4, SOIJAA, P\u00c4HKIN\u00d6IT\u00c4 (MANTELI, HASSELP\u00c4HKIN\u00c4, SAKSANP\u00c4HKIN\u00c4, PISTAASI).<\/p>\n<h3>Ingredients:<\/h3>\n<p data-start=\"1382\" data-end=\"2483\">Vaniljkr\u00e4m (helmj\u00f6lk, socker, GR\u00c4DDE, past\u00f6riserad \u00c4GGula, past\u00f6riserade \u00c4GG, rismj\u00f6l, salt), bredbar f\u00e4rskost 18,4 % (VASSLE, MJ\u00d6LKgr\u00e4dde, vassleproteinkoncentrat, salt, surhetsreglerande medel: citronsyra och mj\u00f6lksyra, mj\u00f6lksyrakulturer), GR\u00c4DDE, socker, vatten, b\u00e4rglasyr 8 % (gelatin [glukossirap, vatten, socker, f\u00f6rtjockningsmedel: pektin], socker, b\u00e4rpur\u00e9 16,2 % [hallon, bl\u00e5b\u00e4r, bj\u00f6rnb\u00e4r och r\u00f6da vinb\u00e4r i varierande proportioner, socker], bl\u00e5b\u00e4rspur\u00e9 8,1 % [bl\u00e5b\u00e4r, socker], surhetsreglerande medel: citronsyra (E330)), rismj\u00f6l, past\u00f6riserad \u00c4GGvita, vegetabiliska fetter (palmk\u00e4rna, palm), vegetabiliskt margarin (vegetabiliska fetter: palm; vegetabiliska oljor: solros; vatten; emulgeringsmedel: mono- och diglycerider av fettsyror; surhetsreglerande medel: citronsyra), majsst\u00e4rkelse, SM\u00d6R, past\u00f6riserade \u00c4GG, geleringsmedel: gelatin; skummj\u00f6lkspulver, stabiliseringsmedel: sorbitsirap, cellulosa, kaliumfosfater; MJ\u00d6LKproteiner, f\u00f6rtjockningsmedel: karboximetylcellulosa; emulgeringsmedel: estrar av mono- och diglycerider av fettsyror, solroslecitin; salt, aromer.<\/p>\n<p data-start=\"2485\" data-end=\"2569\"><strong data-start=\"2485\" data-end=\"2503\">Kan inneh\u00e5lla:<\/strong> JORDN\u00d6TTER, SOJA, N\u00d6TTER (MANDEL, HASSELN\u00d6T, VALN\u00d6T, PISTASCH).<\/p>\n<h3>Ravintoarvot per 100g:<\/h3>\n<p class=\"p1\">Ravintosis\u00e4lt\u00f6 per 100g\/N\u00e4ringsv\u00e4rde per 100g<br \/>\nEnergia\/ Energi 1185kJ \/ 283kcal<br \/>\nRasva\/ Fett 15g<br \/>\njoista tyydyttynytt\u00e4\/ varav m\u00e4ttade 10g<br \/>\nHiilihydraatit\/ Kolhydrater 32g<br \/>\njosta sokereita\/ varav sockerarter 20g<br \/>\nProteiini\/ Protein 4,3g<br \/>\nSuola\/ Salt 0,26 g<\/p>\n","protected":false},"excerpt":{"rendered":"<p>Herkullinen, gluteeniton annosjuustokakku, jonka p\u00e4\u00e4ll\u00e4 on marjaisa kuorrutus.<\/p>\n<p>Delicious cheesecake with soft berry fruit topping, gluten free: an exquisite dessert for any specific occasion.<\/p>\n","protected":false},"featured_media":7793,"template":"","meta":[],"product_brand":[],"product_cat":[61,171,267],"product_tag":[604,204,304,636,631,447,642,643,203],"class_list":{"0":"post-7798","1":"product","2":"type-product","3":"status-publish","4":"has-post-thumbnail","6":"product_cat-pakasteet","7":"product_cat-pakasteet-horeca","8":"product_cat-leivonnaiset-pakaste-horeca","9":"product_tag-acquaviva","10":"product_tag-frozen","11":"product_tag-gluteeniton","12":"product_tag-juustokakku","13":"product_tag-kakku","14":"product_tag-leivonnainen","15":"product_tag-marjakakku","16":"product_tag-metsamarja","17":"product_tag-pakaste","18":"product_shipping_class-viileat-pakaste","20":"first","21":"instock","22":"taxable","23":"shipping-taxable","24":"product-type-simple"},"_links":{"self":[{"href":"https:\/\/monditaly.com\/kauppa\/wp-json\/wp\/v2\/product\/7798","targetHints":{"allow":["GET"]}}],"collection":[{"href":"https:\/\/monditaly.com\/kauppa\/wp-json\/wp\/v2\/product"}],"about":[{"href":"https:\/\/monditaly.com\/kauppa\/wp-json\/wp\/v2\/types\/product"}],"wp:featuredmedia":[{"embeddable":true,"href":"https:\/\/monditaly.com\/kauppa\/wp-json\/wp\/v2\/media\/7793"}],"wp:attachment":[{"href":"https:\/\/monditaly.com\/kauppa\/wp-json\/wp\/v2\/media?parent=7798"}],"wp:term":[{"taxonomy":"product_brand","embeddable":true,"href":"https:\/\/monditaly.com\/kauppa\/wp-json\/wp\/v2\/product_brand?post=7798"},{"taxonomy":"product_cat","embeddable":true,"href":"https:\/\/monditaly.com\/kauppa\/wp-json\/wp\/v2\/product_cat?post=7798"},{"taxonomy":"product_tag","embeddable":true,"href":"https:\/\/monditaly.com\/kauppa\/wp-json\/wp\/v2\/product_tag?post=7798"}],"curies":[{"name":"wp","href":"https:\/\/api.w.org\/{rel}","templated":true}]}}