{"id":7799,"date":"2025-10-31T13:51:48","date_gmt":"2025-10-31T11:51:48","guid":{"rendered":"https:\/\/monditaly.com\/kauppa\/?post_type=product&#038;p=7799"},"modified":"2025-11-05T13:19:54","modified_gmt":"2025-11-05T11:19:54","slug":"acquaviva-pakastettu-jogurtti-omenakakku","status":"publish","type":"product","link":"https:\/\/monditaly.com\/kauppa\/tuote\/acquaviva-pakastettu-jogurtti-omenakakku\/","title":{"rendered":"Acquaviva pakastettu Jogurtti-omenakakku 1100g"},"content":{"rendered":"<h3>Ainesosat:<\/h3>\n<p>Omenalohkot 25 %, vesi, sokeri, rypsi\u00f6ljy, VEHN\u00c4jauho, past\u00f6roitu MUNAjauhe, VEHN\u00c4t\u00e4rkkelys, omenasose 2,8 %, glukoosi-fruktoosisiirappi, muunnettu perunat\u00e4rkkelys, JOGURTTI\u00adjauhe 0,7 %, nostatusaineet: E450ii, E500ii; emulgointiaineet: E472e, E472a, E472b; happamuudens\u00e4\u00e4t\u00f6aineet: E330, E341; aprikoosimassa, suola, RASVATON MAITOJAUHE, HERAjauhe, sakeuttamisaine: E440a; aromit, MAITORASVA; hapettumisenestoaine: E300; s\u00e4il\u00f6nt\u00e4aineet: E200; perunat\u00e4rkkelys.<br data-start=\"644\" data-end=\"647\" \/>Saattaa sis\u00e4lt\u00e4\u00e4: SOIJAA, P\u00c4HKIN\u00d6IT\u00c4 (Saksanp\u00e4hkin\u00f6it\u00e4, Hasselp\u00e4hkin\u00f6it\u00e4, Pistaaseja, Manteleita), LUPIINIA ja SINAPPIA<\/p>\n<h3>Ingredienser:<\/h3>\n<p>\u00c4ppelklyftor 25 %, vatten, socker, rapsolja, VETEmj\u00f6l, past\u00f6riserat \u00c4GGpulver, VETEst\u00e4rkelse, \u00e4ppelpur\u00e9 2,8 %, glukos-fruktossirap, modifierad potatisst\u00e4rkelse, YOGHURTpulver 0,7 %, j\u00e4smedel: E450ii, E500ii; emulgeringsmedel: E472e, E472a, E472b; surhetsreglerande medel: E330, E341; aprikospur\u00e9, salt, SKUMMJ\u00d6LKSPULVER, VASSLEpulver, f\u00f6rtjockningsmedel: E440a; aromer, MJ\u00d6LKfett; antioxidant: E300; konserveringsmedel: E200; potatisst\u00e4rkelse.<br data-start=\"1394\" data-end=\"1397\" \/>Kan inneh\u00e5lla: SOJA, N\u00d6TTER (VALN\u00d6TTER, HASSELN\u00d6TTER, PISTAGEN\u00d6TTER, MANDEL), LUPIN och SENAP.<\/p>\n<h3>Ravintoarvot per 100g:<\/h3>\n<p class=\"p1\">Ravintosis\u00e4lt\u00f6 per 100g\/N\u00e4ringsv\u00e4rde per 100g<br \/>\nEnergia\/ Energi 1418 kJ \/ 399kcal<br \/>\nRasva\/ Fett 18g<br \/>\njoista tyydyttynytt\u00e4\/ varav m\u00e4ttade 1,6g<br \/>\nHiilihydraatit\/ Kolhydrater 39g<br \/>\njosta sokereita\/ varav sockerarter 22g<br \/>\nProteiini\/ Protein 4,6g<br \/>\nSuola\/ Salt 0,75g<\/p>\n","protected":false},"excerpt":{"rendered":"<p>Pehme\u00e4 kahvikakku, jossa t\u00e4ytteen\u00e4 kermaista jogurttia ja p\u00e4\u00e4ll\u00e4 omenaviipaleita.<\/p>\n<p>A soft sponge cake filled with delicious yogurt cream and topped with apple wedges.<\/p>\n","protected":false},"featured_media":7796,"template":"","meta":[],"product_brand":[],"product_cat":[61,171,267],"product_tag":[604,204,647,631,447,646,203],"class_list":{"0":"post-7799","1":"product","2":"type-product","3":"status-publish","4":"has-post-thumbnail","6":"product_cat-pakasteet","7":"product_cat-pakasteet-horeca","8":"product_cat-leivonnaiset-pakaste-horeca","9":"product_tag-acquaviva","10":"product_tag-frozen","11":"product_tag-jogurttikakku","12":"product_tag-kakku","13":"product_tag-leivonnainen","14":"product_tag-omenakakku","15":"product_tag-pakaste","16":"product_shipping_class-viileat-pakaste","18":"first","19":"instock","20":"taxable","21":"shipping-taxable","22":"product-type-simple"},"_links":{"self":[{"href":"https:\/\/monditaly.com\/kauppa\/wp-json\/wp\/v2\/product\/7799","targetHints":{"allow":["GET"]}}],"collection":[{"href":"https:\/\/monditaly.com\/kauppa\/wp-json\/wp\/v2\/product"}],"about":[{"href":"https:\/\/monditaly.com\/kauppa\/wp-json\/wp\/v2\/types\/product"}],"wp:featuredmedia":[{"embeddable":true,"href":"https:\/\/monditaly.com\/kauppa\/wp-json\/wp\/v2\/media\/7796"}],"wp:attachment":[{"href":"https:\/\/monditaly.com\/kauppa\/wp-json\/wp\/v2\/media?parent=7799"}],"wp:term":[{"taxonomy":"product_brand","embeddable":true,"href":"https:\/\/monditaly.com\/kauppa\/wp-json\/wp\/v2\/product_brand?post=7799"},{"taxonomy":"product_cat","embeddable":true,"href":"https:\/\/monditaly.com\/kauppa\/wp-json\/wp\/v2\/product_cat?post=7799"},{"taxonomy":"product_tag","embeddable":true,"href":"https:\/\/monditaly.com\/kauppa\/wp-json\/wp\/v2\/product_tag?post=7799"}],"curies":[{"name":"wp","href":"https:\/\/api.w.org\/{rel}","templated":true}]}}