{"id":7800,"date":"2025-10-31T13:54:52","date_gmt":"2025-10-31T11:54:52","guid":{"rendered":"https:\/\/monditaly.com\/kauppa\/?post_type=product&#038;p=7800"},"modified":"2025-11-05T14:22:29","modified_gmt":"2025-11-05T12:22:29","slug":"acquaviva-pakastettu-minitiramisu","status":"publish","type":"product","link":"https:\/\/monditaly.com\/kauppa\/tuote\/acquaviva-pakastettu-minitiramisu\/","title":{"rendered":"Acquaviva pakastettu Mini tiramis\u00f9 90g, laktoositon, gluteeniton (ME 9 kpl)"},"content":{"rendered":"<h3>Ainesosat:<\/h3>\n<p data-start=\"135\" data-end=\"831\">Laktoositon KERMA (laktoositon MAITO), sokeri, laktoositon MASCARPONE-juusto 14,5 % (laktoositon KERMA, laktoositon MAITO, happamuudens\u00e4\u00e4t\u00f6aine: maitohappo), past\u00f6roitu MUNANKELTUAINEN, kahvijuoma 6,6 % (vesi, sokeri, kahvi), past\u00f6roidut MUNAT, kaakaojauhe (kaakao 10\/12 % kaakaovoita, dekstroosi, sokeri, fraktioidut kasvirasvat (palmuydin), perunat\u00e4rkkelys), vesi, suklaalastut 1,7 % (sokeri, kaakaomassa, kaakaovoi, emulgointiaine: SOIJAlesitiini, luonnollinen vanilja-aromi \u2013 kaakao v\u00e4hint\u00e4\u00e4n 46 %), maissit\u00e4rkkelys, riisijauho, hyytel\u00f6imisaineet: liivate, riisit\u00e4rkkelys, nostatusaineet: dinatriumdifosfaatti, natriumvetykarbonaatti, sakeuttamisaine: ksantaanikumi (E415).<\/p>\n<p data-start=\"833\" data-end=\"945\">Saattaa sis\u00e4lt\u00e4\u00e4: MAAP\u00c4HKIN\u00d6IT\u00c4, P\u00c4HKIN\u00d6IT\u00c4 (MANTELEITA, HASSELP\u00c4HKIN\u00d6IT\u00c4, SAKSANP\u00c4HKIN\u00d6IT\u00c4, PISTAASIA).<\/p>\n<h3>Ingredienser:<\/h3>\n<p data-start=\"978\" data-end=\"1643\">Laktosfri GR\u00c4DDE (laktosfri MJ\u00d6LK), socker, laktosfri MASCARPONE ost 14,5 % (laktosfri GR\u00c4DDE, laktosfri MJ\u00d6LK, surhetsreglerande medel: mj\u00f6lksyra), past\u00f6riserad \u00c4GGULA, kaffedryck 6,6 % (vatten, socker, kaffe), past\u00f6riserade \u00c4GG, kakaopulver (kakao 10\/12 % kakaosm\u00f6r, druvsocker, socker, fraktionerade vegetabiliska fetter (palmk\u00e4rna), potatisst\u00e4rkelse), vatten, chokladbitar 1,7 % (socker, kakaomassa, kakaosm\u00f6r, emulgeringsmedel: SOJAlecitin, naturlig vaniljarom \u2013 kakao minst 46 %), majsst\u00e4rkelse, rismj\u00f6l, geleringsmedel: gelatin, risst\u00e4rkelse, j\u00e4smedel: dinatriumdifosfat, natriumv\u00e4tekarbonat, f\u00f6rtjockningsmedel: xantangummi (E415).<\/p>\n<p data-start=\"1645\" data-end=\"1734\">Kan inneh\u00e5lla: JORDN\u00d6TTER, N\u00d6TTER (MANDEL, HASSELN\u00d6TTER, VALN\u00d6TTER, PISTASCHN\u00d6TTER).<\/p>\n<h3>Ravintoarvot per 100g:<\/h3>\n<p class=\"p1\">Ravintosis\u00e4lt\u00f6 per 100g\/N\u00e4ringsv\u00e4rde per 100g<br \/>\nEnergia\/ Energi 1409kJ \/ 339kcal<br \/>\nRasva\/ Fett 25g<br \/>\njoista tyydyttynytt\u00e4\/ varav m\u00e4ttade 16g<br \/>\nHiilihydraatit\/ Kolhydrater 23g<br \/>\njosta sokereita\/ varav sockerarter 21g<br \/>\nProteiini\/ Protein 4,9g<br \/>\nSuola\/ Salt 0,09g<\/p>\n","protected":false},"excerpt":{"rendered":"<p>Klassikkojen klassikko tiramis\u00f9, joka sopii my\u00f6s gluteenitonta ja laktoositonta ruokavaliota noudattaville. K\u00e4tev\u00e4ss\u00e4 annoskoossa.<\/p>\n<p>The everlasting gluten free and lactose free tiramis\u00f9: a delicious dessert for any specific occasion.<\/p>\n","protected":false},"featured_media":7791,"template":"","meta":[],"product_brand":[],"product_cat":[61,171,267],"product_tag":[604,648,204,304,307,636,308,305,447,203,183],"class_list":{"0":"post-7800","1":"product","2":"type-product","3":"status-publish","4":"has-post-thumbnail","6":"product_cat-pakasteet","7":"product_cat-pakasteet-horeca","8":"product_cat-leivonnaiset-pakaste-horeca","9":"product_tag-acquaviva","10":"product_tag-annoskakku","11":"product_tag-frozen","12":"product_tag-gluteeniton","13":"product_tag-glutenfree","14":"product_tag-juustokakku","15":"product_tag-lactose-free","16":"product_tag-laktoositon","17":"product_tag-leivonnainen","18":"product_tag-pakaste","19":"product_tag-tiramisu","20":"product_shipping_class-viileat-pakaste","22":"first","23":"instock","24":"taxable","25":"shipping-taxable","26":"product-type-simple"},"_links":{"self":[{"href":"https:\/\/monditaly.com\/kauppa\/wp-json\/wp\/v2\/product\/7800","targetHints":{"allow":["GET"]}}],"collection":[{"href":"https:\/\/monditaly.com\/kauppa\/wp-json\/wp\/v2\/product"}],"about":[{"href":"https:\/\/monditaly.com\/kauppa\/wp-json\/wp\/v2\/types\/product"}],"wp:featuredmedia":[{"embeddable":true,"href":"https:\/\/monditaly.com\/kauppa\/wp-json\/wp\/v2\/media\/7791"}],"wp:attachment":[{"href":"https:\/\/monditaly.com\/kauppa\/wp-json\/wp\/v2\/media?parent=7800"}],"wp:term":[{"taxonomy":"product_brand","embeddable":true,"href":"https:\/\/monditaly.com\/kauppa\/wp-json\/wp\/v2\/product_brand?post=7800"},{"taxonomy":"product_cat","embeddable":true,"href":"https:\/\/monditaly.com\/kauppa\/wp-json\/wp\/v2\/product_cat?post=7800"},{"taxonomy":"product_tag","embeddable":true,"href":"https:\/\/monditaly.com\/kauppa\/wp-json\/wp\/v2\/product_tag?post=7800"}],"curies":[{"name":"wp","href":"https:\/\/api.w.org\/{rel}","templated":true}]}}