{"id":7801,"date":"2025-10-31T13:59:50","date_gmt":"2025-10-31T11:59:50","guid":{"rendered":"https:\/\/monditaly.com\/kauppa\/?post_type=product&#038;p=7801"},"modified":"2025-11-05T14:01:55","modified_gmt":"2025-11-05T12:01:55","slug":"acquaviva-pakastettu-sitruunakakku","status":"publish","type":"product","link":"https:\/\/monditaly.com\/kauppa\/tuote\/acquaviva-pakastettu-sitruunakakku\/","title":{"rendered":"Acquaviva pakastettu Sitruunakakku 1200g"},"content":{"rendered":"<h3>Ainesosat:<\/h3>\n<p data-start=\"117\" data-end=\"743\">Vesi, sokeri, VEHN\u00c4jauho, past\u00f6roidut MUNAT, kasvi\u00f6ljyt (auringonkukka, rapsi, SOIJA), sitruunamehu 4,5 %, muokattu perunat\u00e4rkkelys, VOI, VEHN\u00c4t\u00e4rkkelys, HERAjauhe, kasvirasva (kookos), glukoosi-fruktoosisiirappi, KERMA, nostatusaineet: E450ii, E500i; dekstroosi, MAITOPROTEIINIjauhe, sakeuttamisaineet: E401, E440a; aprikoosisose, rasvaton MAITOjauhe, porkkanauute, stabilointiaine: E516; happamuudens\u00e4\u00e4t\u00f6aineet: E330, E331; luonnolliset aromit, glukoosisiirappi, suola, kaakaovoi, aromit, tiivistetty sitruunamehu 0,01 %, sitrushedelm\u00e4liha, tiivistetty appelsiinimehu, s\u00e4il\u00f6nt\u00e4aine: E200; perunat\u00e4rkkelys.<\/p>\n<p data-start=\"745\" data-end=\"850\">Saattaa sis\u00e4lt\u00e4\u00e4: P\u00c4HKIN\u00d6IT\u00c4 (SAKSANP\u00c4HKIN\u00c4, HASSELP\u00c4HKIN\u00c4, PISTASIA, MANTELI), SINAPPIA, LUPIINIA.<\/p>\n<h3>Ingredients:<\/h3>\n<p data-start=\"883\" data-end=\"1506\">Vatten, socker, VETEmj\u00f6l, past\u00f6riserade \u00c4GG, vegetabiliska oljor (solros, raps, SOJA), citronsaft 4,5 %, modifierad potatisst\u00e4rkelse, SM\u00d6R, VETEst\u00e4rkelse, VASSLEpulver, vegetabiliskt fett (kokos), glukos-fruktossirap, GR\u00c4DDE, j\u00e4smedel: E450ii, E500i; druvsocker, MJ\u00d6LKproteinpulver, f\u00f6rtjockningsmedel: E401, E440a; aprikospur\u00e9, skummj\u00f6lkspulver, morotsextrakt, stabiliseringsmedel: E516; surhetsreglerande medel: E330, E331; naturliga aromer, glukossirap, salt, kakaosm\u00f6r, aromer, koncentrerad citronsaft 0,01 %, citrusfruktk\u00f6tt, koncentrerad apelsinjuice, konserveringsmedel: E200; potatisst\u00e4rkelse.<\/p>\n<p data-start=\"1508\" data-end=\"1588\">Kan inneh\u00e5lla: N\u00d6TTER (VALN\u00d6T, HASSELN\u00d6T, PISTASCH, MANDEL), SENAP, LUPIN.<\/p>\n<h3>Ravintoarvot per 100g:<\/h3>\n<p class=\"p1\">Ravintosis\u00e4lt\u00f6 per 100g\/N\u00e4ringsv\u00e4rde per 100g<br \/>\nEnergia\/ Energi 1167kJ \/ 277kcal<br \/>\nRasva\/ Fett 8,0g<br \/>\njoista tyydyttynytt\u00e4\/ varav m\u00e4ttade 4,0g<br \/>\nHiilihydraatit\/ Kolhydrater 47g<br \/>\njosta sokereita\/ varav sockerarter 26g<br \/>\nProteiini\/ Protein 3,6g<br \/>\nSuola\/ Salt 0,33g<\/p>\n","protected":false},"excerpt":{"rendered":"<p>Pehme\u00e4 kakku, jonka t\u00e4ytteen\u00e4 on herkullista sitruunakreemi\u00e4 ja p\u00e4\u00e4ll\u00e4 tomusokerikuorrutus.<\/p>\n<p class=\"p2\">Sponge cake filled with a delicate lemon cream, decorated with a dusting of powdered sugar.<\/p>\n","protected":false},"featured_media":7792,"template":"","meta":[],"product_brand":[],"product_cat":[61,171,267],"product_tag":[604,204,631,447,542,650,203,649,651],"class_list":{"0":"post-7801","1":"product","2":"type-product","3":"status-publish","4":"has-post-thumbnail","6":"product_cat-pakasteet","7":"product_cat-pakasteet-horeca","8":"product_cat-leivonnaiset-pakaste-horeca","9":"product_tag-acquaviva","10":"product_tag-frozen","11":"product_tag-kakku","12":"product_tag-leivonnainen","13":"product_tag-lemon","14":"product_tag-lemoncake","15":"product_tag-pakaste","16":"product_tag-sitruunakakku","17":"product_tag-spongecake","18":"product_shipping_class-viileat-pakaste","20":"first","21":"instock","22":"taxable","23":"shipping-taxable","24":"product-type-simple"},"_links":{"self":[{"href":"https:\/\/monditaly.com\/kauppa\/wp-json\/wp\/v2\/product\/7801","targetHints":{"allow":["GET"]}}],"collection":[{"href":"https:\/\/monditaly.com\/kauppa\/wp-json\/wp\/v2\/product"}],"about":[{"href":"https:\/\/monditaly.com\/kauppa\/wp-json\/wp\/v2\/types\/product"}],"wp:featuredmedia":[{"embeddable":true,"href":"https:\/\/monditaly.com\/kauppa\/wp-json\/wp\/v2\/media\/7792"}],"wp:attachment":[{"href":"https:\/\/monditaly.com\/kauppa\/wp-json\/wp\/v2\/media?parent=7801"}],"wp:term":[{"taxonomy":"product_brand","embeddable":true,"href":"https:\/\/monditaly.com\/kauppa\/wp-json\/wp\/v2\/product_brand?post=7801"},{"taxonomy":"product_cat","embeddable":true,"href":"https:\/\/monditaly.com\/kauppa\/wp-json\/wp\/v2\/product_cat?post=7801"},{"taxonomy":"product_tag","embeddable":true,"href":"https:\/\/monditaly.com\/kauppa\/wp-json\/wp\/v2\/product_tag?post=7801"}],"curies":[{"name":"wp","href":"https:\/\/api.w.org\/{rel}","templated":true}]}}