{"id":7818,"date":"2025-11-04T10:53:18","date_gmt":"2025-11-04T08:53:18","guid":{"rendered":"https:\/\/monditaly.com\/kauppa\/?post_type=product&#038;p=7818"},"modified":"2026-01-02T11:30:57","modified_gmt":"2026-01-02T09:30:57","slug":"pinot-noir-pays-doc-domain-de-cibadies","status":"publish","type":"product","link":"https:\/\/monditaly.com\/kauppa\/tuote\/pinot-noir-pays-doc-domain-de-cibadies\/","title":{"rendered":"Pinot Noir Pays D&#8217;Oc &#8211; Domain de Cibadies (0,75l x 6 plo)"},"content":{"rendered":"<p>DOMAINES BONFILS<\/p>\n<p class=\"p1\">Sadonkorjuu tapahtuu y\u00f6aikaan. Ryp\u00e4leet poistetaan kokonaan tertuista, ja k\u00e4yminen tapahtuu ruostumattomasta ter\u00e4ksest\u00e4 valmistetuissa tankeissa, joissa suoritetaan s\u00e4\u00e4nn\u00f6llisi\u00e4 kuorikosketuksia ja p\u00e4ivitt\u00e4isi\u00e4 sekoituksia (pigeage). Maseraatio kest\u00e4\u00e4 2\u20133 viikkoa. Pinot-ryp\u00e4leit\u00e4 k\u00e4sitell\u00e4\u00e4n erityisen huolellisesti, jotta ne p\u00e4\u00e4sev\u00e4t ilmaisemaan tyypillisi\u00e4 piirteit\u00e4\u00e4n ja kehittym\u00e4\u00e4n hienostuneiksi, luonnonmarjoja muistuttaviksi aromeiksi.<\/p>\n<p data-start=\"0\" data-end=\"383\">The harvest is carried out at night. The grapes are completely destemmed, and fermentation takes place in stainless steel tanks with regular skin contact and daily punch-downs (<em data-start=\"177\" data-end=\"186\">pigeage<\/em>). Maceration lasts for 2\u20133 weeks. The Pinot grapes are handled with particular care to allow them to express their typical characteristics and develop refined aromas reminiscent of wild berries.<\/p>\n","protected":false},"excerpt":{"rendered":"<p>Kauniin kirkas, hohtava rubiininpunainen v\u00e4ri. Tuoksussa vadelmaa ja kirsikkaa. Suussa viini on hienostunut ja t\u00e4ytel\u00e4inen, suutuntuma on silkkinen. Tyylik\u00e4s ja harmoninen Pinot. T\u00e4ydellinen kumppani esimerkiksi coq au vin -padalle, haudutetuille endiiveille tai Brie de Meaux -juustolle.<\/p>\n<p>A beautifully bright, shimmering ruby-red color. The aroma reveals raspberry and cherry. On the palate, the wine is elegant and full-bodied, with a silky mouthfeel. A stylish and harmonious Pinot.<br data-start=\"581\" data-end=\"584\" \/>A perfect companion to dishes such as <em data-start=\"622\" data-end=\"634\">coq au vin<\/em>, braised endives, or Brie de Meaux cheese.<\/p>\n","protected":false},"featured_media":7826,"template":"","meta":[],"product_brand":[],"product_cat":[23,294,352,353],"product_tag":[526,357],"class_list":{"0":"post-7818","1":"product","2":"type-product","3":"status-publish","4":"has-post-thumbnail","6":"product_cat-juomat","7":"product_cat-juomat-horeca","8":"product_cat-viinit","9":"product_cat-punaviinit","10":"product_tag-pinotnoir","11":"product_tag-red-wine","12":"product_shipping_class-horeca","14":"first","15":"instock","16":"taxable","17":"shipping-taxable","18":"product-type-simple"},"_links":{"self":[{"href":"https:\/\/monditaly.com\/kauppa\/wp-json\/wp\/v2\/product\/7818","targetHints":{"allow":["GET"]}}],"collection":[{"href":"https:\/\/monditaly.com\/kauppa\/wp-json\/wp\/v2\/product"}],"about":[{"href":"https:\/\/monditaly.com\/kauppa\/wp-json\/wp\/v2\/types\/product"}],"wp:featuredmedia":[{"embeddable":true,"href":"https:\/\/monditaly.com\/kauppa\/wp-json\/wp\/v2\/media\/7826"}],"wp:attachment":[{"href":"https:\/\/monditaly.com\/kauppa\/wp-json\/wp\/v2\/media?parent=7818"}],"wp:term":[{"taxonomy":"product_brand","embeddable":true,"href":"https:\/\/monditaly.com\/kauppa\/wp-json\/wp\/v2\/product_brand?post=7818"},{"taxonomy":"product_cat","embeddable":true,"href":"https:\/\/monditaly.com\/kauppa\/wp-json\/wp\/v2\/product_cat?post=7818"},{"taxonomy":"product_tag","embeddable":true,"href":"https:\/\/monditaly.com\/kauppa\/wp-json\/wp\/v2\/product_tag?post=7818"}],"curies":[{"name":"wp","href":"https:\/\/api.w.org\/{rel}","templated":true}]}}