{"id":7827,"date":"2025-11-04T13:17:57","date_gmt":"2025-11-04T11:17:57","guid":{"rendered":"https:\/\/monditaly.com\/kauppa\/?post_type=product&#038;p=7827"},"modified":"2026-01-02T11:30:17","modified_gmt":"2026-01-02T09:30:17","slug":"fantazzy-passion-blend-red","status":"publish","type":"product","link":"https:\/\/monditaly.com\/kauppa\/tuote\/fantazzy-passion-blend-red\/","title":{"rendered":"Fantazzy Passion Blend Red 0,75 (ME 6 ploa)"},"content":{"rendered":"<p>DOMAINES BONFILS<\/p>\n<p class=\"p1\">Bonfils Fantazzy Passion Blend Rouge on aromaattinen punaviini, joka on valmistettu Grenache-, Syrah- ja Merlot-ryp\u00e4leiden sekoituksesta ja tulee Vin de France -nimikkeen alta. Viini\u00e4 luonnehtii syv\u00e4 rubiininpunainen v\u00e4ri sek\u00e4 intensiivinen punaisten hedelmien tuoksu, kuten kirsikoiden ja vadelmien aromit, joita t\u00e4ydent\u00e4v\u00e4t hienovaraiset mausteiset ja kukkaiset s\u00e4vyt. Viini kypsyy ter\u00e4stankeissa, mik\u00e4 auttaa s\u00e4ilytt\u00e4m\u00e4\u00e4n sen raikkauden ja hedelm\u00e4isen luonteen. Keskihapokkuus ja pehme\u00e4t tanniinit tekev\u00e4t siit\u00e4 helposti nautittavan viinin, joka sopii erinomaisesti rentoihin, arjen hetkiin.<\/p>\n<p>Bonfils Fantazzy Passion Blend Rouge is an aromatic red wine made from a blend of Grenache, Syrah, and Merlot grapes, produced under the Vin de France designation. The wine is characterized by a deep ruby-red color and an intense aroma of red fruits such as cherries and raspberries, complemented by subtle spicy and floral notes. It is aged in stainless steel tanks, which helps preserve its freshness and fruity character. With medium acidity and soft tannins, this is an easy-drinking wine, perfect for relaxed, everyday moments.<\/p>\n","protected":false},"excerpt":{"rendered":"<p class=\"p1\">Viiniss\u00e4 on voimakkaat punaisten hedelmien, kuten vadelmien ja kirsikoiden, aromit, joita t\u00e4ydent\u00e4v\u00e4t mausteiset vivahteet ja hienovarainen kukkaisuus, tuoden viiniin pehmeytt\u00e4 ja eleganssia. Suutuntumaltaan viini on pehme\u00e4 ja hedelm\u00e4inen, ja siin\u00e4 maistuvat selke\u00e4sti punaiset hedelm\u00e4t sek\u00e4 hienot mausteiset s\u00e4vyt. Keskihapokkuus ja pehme\u00e4t tanniinit antavat viinille miellytt\u00e4v\u00e4n rakenteen.<\/p>\n<p class=\"p1\">Pitk\u00e4, hedelm\u00e4inen j\u00e4lkimaku, jota s\u00e4vytt\u00e4v\u00e4t hienovaraiset mausteet \u2013 ne tuovat viiniin hienostunutta eleganssia. Fantazzy Passion Blend Rouge sopii erinomaisesti grillattujen lihojen, pastaruokien ja puolikovien juustojen kanssa. Se on my\u00f6s mainio valinta aperitiiviksi.<\/p>\n<p>The wine displays intense aromas of red fruits such as raspberries and cherries, complemented by spicy notes and a subtle floral nuance that lend softness and elegance to the wine. On the palate, the wine is smooth and fruity, with clear flavors of red fruits and delicate spicy undertones. Medium acidity and soft tannins provide a pleasant and balanced structure. A long, fruity finish accented by gentle spice notes, adding refined elegance to the wine. Fantazzy Passion Blend Rouge pairs beautifully with grilled meats, pasta dishes, and semi-hard cheeses. It is also an excellent choice as an aperitif.<\/p>\n","protected":false},"featured_media":7819,"template":"","meta":[],"product_brand":[],"product_cat":[23,294,352,353],"product_tag":[656,657,659,357,658],"class_list":{"0":"post-7827","1":"product","2":"type-product","3":"status-publish","4":"has-post-thumbnail","6":"product_cat-juomat","7":"product_cat-juomat-horeca","8":"product_cat-viinit","9":"product_cat-punaviinit","10":"product_tag-fantazzy","11":"product_tag-grenache","12":"product_tag-merlot","13":"product_tag-red-wine","14":"product_tag-syrah","15":"product_shipping_class-horeca","17":"first","18":"instock","19":"taxable","20":"shipping-taxable","21":"product-type-simple"},"_links":{"self":[{"href":"https:\/\/monditaly.com\/kauppa\/wp-json\/wp\/v2\/product\/7827","targetHints":{"allow":["GET"]}}],"collection":[{"href":"https:\/\/monditaly.com\/kauppa\/wp-json\/wp\/v2\/product"}],"about":[{"href":"https:\/\/monditaly.com\/kauppa\/wp-json\/wp\/v2\/types\/product"}],"wp:featuredmedia":[{"embeddable":true,"href":"https:\/\/monditaly.com\/kauppa\/wp-json\/wp\/v2\/media\/7819"}],"wp:attachment":[{"href":"https:\/\/monditaly.com\/kauppa\/wp-json\/wp\/v2\/media?parent=7827"}],"wp:term":[{"taxonomy":"product_brand","embeddable":true,"href":"https:\/\/monditaly.com\/kauppa\/wp-json\/wp\/v2\/product_brand?post=7827"},{"taxonomy":"product_cat","embeddable":true,"href":"https:\/\/monditaly.com\/kauppa\/wp-json\/wp\/v2\/product_cat?post=7827"},{"taxonomy":"product_tag","embeddable":true,"href":"https:\/\/monditaly.com\/kauppa\/wp-json\/wp\/v2\/product_tag?post=7827"}],"curies":[{"name":"wp","href":"https:\/\/api.w.org\/{rel}","templated":true}]}}