{"id":7828,"date":"2025-11-04T13:30:42","date_gmt":"2025-11-04T11:30:42","guid":{"rendered":"https:\/\/monditaly.com\/kauppa\/?post_type=product&#038;p=7828"},"modified":"2026-01-02T11:29:22","modified_gmt":"2026-01-02T09:29:22","slug":"barbaresco-garassino","status":"publish","type":"product","link":"https:\/\/monditaly.com\/kauppa\/tuote\/barbaresco-garassino\/","title":{"rendered":"Barbaresco DOCG Garassino (6 x 0,75)"},"content":{"rendered":"<p class=\"p1\">Garassino on Barbaresco-viinialueen lis\u00e4maantieteellinen nimitys, joka sijaitsee Treison kunnan luoteisosassa.<\/p>\n<p>K\u00e4yminen tapahtuu uppokorkkimaseraationa ja kest\u00e4\u00e4 10\u201312 p\u00e4iv\u00e4\u00e4 noin 28 \u00b0C l\u00e4mp\u00f6tilassa. K\u00e4ymisen j\u00e4lkeen viini kypsyy ensin ranskalaissa tammisissa tonneau-tynnyreiss\u00e4 ja sen j\u00e4lkeen suurissa tammitynnyreiss\u00e4 v\u00e4hint\u00e4\u00e4n 12 kuukauden ajan. T\u00e4m\u00e4n j\u00e4lkeen seuraa pullotus ja kypsytys, kunnes viini saavuttaa v\u00e4hint\u00e4\u00e4n 24 kuukauden kokonaiskypsytyksen, joka lasketaan sadonkorjuuvuotta seuraavan vuoden marraskuun alusta alkaen.<\/p>\n<p>V\u00e4ri on syv\u00e4n granaatinpunainen, tuoksu on laaja ja vivahteikas \u2014 orvokin ja kuihtuneen ruusun, mets\u00e4npohjan, vaniljan ja mausteiden s\u00e4vyin. Maultaan viini on monivivahteinen mutta raikas, harmoninen ja hurmaavan pehme\u00e4, klassisen hienostunut Barbaresco. Erinomainen valinta rikkaiden pastaruokien, hienojen liharuokien, riistan ja kypsytettyjen juustojen kanssa.<\/p>\n<p data-start=\"0\" data-end=\"148\">Garassino is an additional geographic designation within the Barbaresco wine area, located in the northwestern part of the municipality of Treiso.<\/p>\n<p data-start=\"150\" data-end=\"554\">Fermentation takes place with submerged cap maceration and lasts for 10\u201312 days at around 28 \u00b0C. After fermentation, the wine is first aged in French oak tonneaux and then in large oak barrels for at least 12 months. This is followed by bottling and further maturation until the wine reaches a total aging period of at least 24 months, counted from the beginning of November following the harvest year.<\/p>\n<p data-start=\"556\" data-end=\"901\" data-is-last-node=\"\" data-is-only-node=\"\">The color is deep garnet red, and the bouquet is broad and complex \u2014 with notes of violet and dried rose, forest floor, vanilla, and spices. On the palate, the wine is layered yet fresh, harmonious, and delightfully smooth \u2014 a classically refined Barbaresco. An excellent choice with rich pasta dishes, fine meat courses, game, and aged cheeses.<\/p>\n","protected":false},"excerpt":{"rendered":"<p class=\"p1\">Ryp\u00e4le:<br \/>\n100 % Nebbiolo (70 q\/ha).<br \/>\nKypsytys:<br \/>\nv\u00e4hint\u00e4\u00e4n 24 kuukautta, joista v\u00e4hint\u00e4\u00e4n 12 kuukautta tammitynnyriss\u00e4 ja 6 kuukautta pullossa.<br \/>\nV\u00e4ri:<br \/>\nGranaatinpunainen.<br \/>\nTuoksu:<br \/>\nIntensiivinen, jossa orvokin ja kuihtuneen ruusun aromeja sek\u00e4 vivahteita vaniljasta ja mausteista.<\/p>\n<p data-start=\"0\" data-end=\"43\">Grape:<br data-start=\"14\" data-end=\"17\" \/>100% Nebbiolo (70 q\/ha).<br \/>\n<span style=\"font-size: 14.4px;\">Aging:<br \/>\n<\/span>At least 24 months, including a minimum of 12 months in oak barrels and 6 months in the bottle.<br \/>\nColor:<br data-start=\"159\" data-end=\"162\" \/>Garnet red.<br \/>\nAroma:<br data-start=\"183\" data-end=\"186\" \/>Intense, with aromas of violet and dried rose, complemented by hints of vanilla and spice.<\/p>\n","protected":false},"featured_media":7829,"template":"","meta":[],"product_brand":[],"product_cat":[23,294,352,353],"product_tag":[661,660,357],"class_list":{"0":"post-7828","1":"product","2":"type-product","3":"status-publish","4":"has-post-thumbnail","6":"product_cat-juomat","7":"product_cat-juomat-horeca","8":"product_cat-viinit","9":"product_cat-punaviinit","10":"product_tag-garassino","11":"product_tag-nebbiolo","12":"product_tag-red-wine","13":"product_shipping_class-horeca","15":"first","16":"instock","17":"taxable","18":"shipping-taxable","19":"product-type-simple"},"_links":{"self":[{"href":"https:\/\/monditaly.com\/kauppa\/wp-json\/wp\/v2\/product\/7828","targetHints":{"allow":["GET"]}}],"collection":[{"href":"https:\/\/monditaly.com\/kauppa\/wp-json\/wp\/v2\/product"}],"about":[{"href":"https:\/\/monditaly.com\/kauppa\/wp-json\/wp\/v2\/types\/product"}],"wp:featuredmedia":[{"embeddable":true,"href":"https:\/\/monditaly.com\/kauppa\/wp-json\/wp\/v2\/media\/7829"}],"wp:attachment":[{"href":"https:\/\/monditaly.com\/kauppa\/wp-json\/wp\/v2\/media?parent=7828"}],"wp:term":[{"taxonomy":"product_brand","embeddable":true,"href":"https:\/\/monditaly.com\/kauppa\/wp-json\/wp\/v2\/product_brand?post=7828"},{"taxonomy":"product_cat","embeddable":true,"href":"https:\/\/monditaly.com\/kauppa\/wp-json\/wp\/v2\/product_cat?post=7828"},{"taxonomy":"product_tag","embeddable":true,"href":"https:\/\/monditaly.com\/kauppa\/wp-json\/wp\/v2\/product_tag?post=7828"}],"curies":[{"name":"wp","href":"https:\/\/api.w.org\/{rel}","templated":true}]}}