{"id":783,"date":"2021-06-07T13:23:16","date_gmt":"2021-06-07T10:23:16","guid":{"rendered":"https:\/\/monditaly.com\/kauppa\/?post_type=product&#038;p=783"},"modified":"2024-07-10T20:48:38","modified_gmt":"2024-07-10T17:48:38","slug":"viander-oliivisekoitus-1500g","status":"publish","type":"product","link":"https:\/\/monditaly.com\/kauppa\/tuote\/viander-oliivisekoitus-1500g\/","title":{"rendered":"Viander oliivisekoitus 1,5kg"},"content":{"rendered":"<h3>Ainesosat \/ Ingredienser:<\/h3>\n<p>Oliivit, paprikatahna (paprika, sakeuttamisaineet: E401, E412, s\u00e4il\u00f6nt\u00e4aine: E202), auringonkukka\u00f6ljy, persilja, valkosipuli, peperoncino-chili, oregano, suola, happamuudens\u00e4\u00e4t\u00f6aine: E330, E270, s\u00e4il\u00f6nt\u00e4aine E202.<\/p>\n<p>Oliver, paprikapasta (paprika, f\u00f6rtjockningsmedel: E401, E412, konserveringsmedel: E202), solrosolja, persilja, vitl\u00f6k, chilipaprika, oregano, salt, surhetsreglerande medel: E330, E270, konserveringsmedel E202.<\/p>\n<h3>Ravintoarvot per 100g \/ N\u00e4ringsv\u00e4rde per 100g:<\/h3>\n<p>Energia \/ Energi 999 kJ \/ 243 kcal<br \/>\nRasva \/ Fett 25 g<br \/>\njosta tyydyttynytt\u00e4 \/ varav m\u00e4ttade 3,3 g<br \/>\nHiilihydraatit \/ Kolhydrater 1,0 g<br \/>\njoista sokereita \/ varav sockerarter 0,0 g<br \/>\nKuitu \/ Fiber 4,4 g<br \/>\nProteiini \/ Protein 2,1 g<br \/>\nSuola \/ Salt 4,1 g<\/p>\n","protected":false},"excerpt":{"rendered":"<p>Oliivisekoitus (mustia, vihreit\u00e4 ja t\u00e4ytettyj\u00e4), mausteita ja auringonkukka\u00f6ljy\u00e4. S\u00e4ilyt\u00e4 viile\u00e4ss\u00e4 ja kuivassa paikassa suojassa kuumuudelta. S\u00e4ilyt\u00e4 avattu tuote j\u00e4\u00e4kaapissa ja k\u00e4yt\u00e4 lyhyen ajan sis\u00e4ll\u00e4. Alkuper\u00e4maat: Italia, Espanja, Kreikka ja Marokko.<\/p>\n<p>Mixed olives (black, green and stuffed) seasoned with spices and sunflower oil. Countries of Origin: Italy, Spain, Greece, Morocco.<\/p>\n","protected":false},"featured_media":1150,"template":"","meta":[],"product_brand":[],"product_cat":[46,110,70,103],"product_tag":[102,149],"class_list":{"0":"post-783","1":"product","2":"type-product","3":"status-publish","4":"has-post-thumbnail","6":"product_cat-teolliset_elintarvikkeet","7":"product_cat-horeca-teolliset-elintarvikkeet","8":"product_cat-sailykkeet-horeca","9":"product_cat-oliivit-horeca","10":"product_tag-oliivi","11":"product_tag-olive","12":"product_shipping_class-horeca","14":"first","15":"onbackorder","16":"taxable","17":"shipping-taxable","18":"product-type-simple"},"_links":{"self":[{"href":"https:\/\/monditaly.com\/kauppa\/wp-json\/wp\/v2\/product\/783","targetHints":{"allow":["GET"]}}],"collection":[{"href":"https:\/\/monditaly.com\/kauppa\/wp-json\/wp\/v2\/product"}],"about":[{"href":"https:\/\/monditaly.com\/kauppa\/wp-json\/wp\/v2\/types\/product"}],"wp:featuredmedia":[{"embeddable":true,"href":"https:\/\/monditaly.com\/kauppa\/wp-json\/wp\/v2\/media\/1150"}],"wp:attachment":[{"href":"https:\/\/monditaly.com\/kauppa\/wp-json\/wp\/v2\/media?parent=783"}],"wp:term":[{"taxonomy":"product_brand","embeddable":true,"href":"https:\/\/monditaly.com\/kauppa\/wp-json\/wp\/v2\/product_brand?post=783"},{"taxonomy":"product_cat","embeddable":true,"href":"https:\/\/monditaly.com\/kauppa\/wp-json\/wp\/v2\/product_cat?post=783"},{"taxonomy":"product_tag","embeddable":true,"href":"https:\/\/monditaly.com\/kauppa\/wp-json\/wp\/v2\/product_tag?post=783"}],"curies":[{"name":"wp","href":"https:\/\/api.w.org\/{rel}","templated":true}]}}