{"id":7830,"date":"2025-11-04T13:39:15","date_gmt":"2025-11-04T11:39:15","guid":{"rendered":"https:\/\/monditaly.com\/kauppa\/?post_type=product&#038;p=7830"},"modified":"2026-01-02T11:28:40","modified_gmt":"2026-01-02T09:28:40","slug":"barolo-cascina-ferrero","status":"publish","type":"product","link":"https:\/\/monditaly.com\/kauppa\/tuote\/barolo-cascina-ferrero\/","title":{"rendered":"Barolo DOCG Cascina Ferrero (6 x 0,75)"},"content":{"rendered":"<p class=\"p1\">V\u00e4ri on intensiivinen granaatinpunainen. Tuoksussa kuivattua ruusua, luumua, tupakkaa, lakritsia ja kaakaota, joita t\u00e4ydent\u00e4v\u00e4t mausteiset vivahteet.<br \/>\nMaultaan viini on l\u00e4mmitt\u00e4v\u00e4 ja moniulotteinen, mutta samalla harmoninen ja pehme\u00e4. Erinomainen kumppani punaiselle lihalle, pitk\u00e4\u00e4n haudutetuille ruoille, riistalle sek\u00e4 kypsytetyille juustoille. Suositeltu tarjoilul\u00e4mp\u00f6tila: 18\u201320 \u00b0C.<\/p>\n<p class=\"p1\">Ryp\u00e4leet:<br \/>\n100 % Nebbiolo (70 q\/ha)<\/p>\n<p class=\"p1\">Kypsytys:<br \/>\nV\u00e4hint\u00e4\u00e4n 36 kuukautta, joista 24 kuukautta tynnyriss\u00e4 ja 9 kuukautta pullossa<\/p>\n<p class=\"p1\">V\u00e4ri:<br \/>\nIntensiivinen granaatinpunainen<\/p>\n<p class=\"p1\">Tuoksu:<br \/>\nRuusua, mets\u00e4npohjaa, lakritsia, kaakaota ja mausteita.<\/p>\n<p data-start=\"0\" data-end=\"291\">The color is an intense garnet red. The aroma reveals dried rose, plum, tobacco, licorice, and cocoa, complemented by spicy undertones.<br data-start=\"135\" data-end=\"138\" \/>On the palate, the wine is warm and complex, yet harmonious and smooth. An excellent companion to red meat, slow-cooked dishes, game, and aged cheeses. Recommended serving temperature: 18\u201320 \u00b0C<\/p>\n<p data-start=\"342\" data-end=\"381\">Grapes:<br data-start=\"353\" data-end=\"356\" \/>100% Nebbiolo (70 q\/ha)<\/p>\n<p data-start=\"383\" data-end=\"475\">Aging:<br data-start=\"393\" data-end=\"396\" \/>At least 36 months, including 24 months in barrels and 9 months in the bottle<\/p>\n<p data-start=\"477\" data-end=\"510\">Color:<br data-start=\"487\" data-end=\"490\" \/>Intense garnet red<\/p>\n<p data-start=\"512\" data-end=\"573\" data-is-last-node=\"\" data-is-only-node=\"\">Aroma:<br data-start=\"522\" data-end=\"525\" \/>Rose, forest floor, licorice, cocoa, and spices.<\/p>\n","protected":false},"excerpt":{"rendered":"<p class=\"p2\">T\u00e4ytel\u00e4inen ja l\u00e4mmin Barolo, joka on valmistettu perinteit\u00e4 noudattaen. Pehme\u00e4t ja elegantit tanniinit antavat viinille persoonallisuutta, ja sit\u00e4 luonnehtii pitk\u00e4 j\u00e4lkimaku.<\/p>\n<p>A full-bodied and warm Barolo, crafted in accordance with tradition. Soft and elegant tannins lend the wine its personality, characterized by a long and persistent finish.<\/p>\n","protected":false},"featured_media":7822,"template":"","meta":[],"product_brand":[],"product_cat":[23,294,352,353],"product_tag":[662,357],"class_list":{"0":"post-7830","1":"product","2":"type-product","3":"status-publish","4":"has-post-thumbnail","6":"product_cat-juomat","7":"product_cat-juomat-horeca","8":"product_cat-viinit","9":"product_cat-punaviinit","10":"product_tag-barolo","11":"product_tag-red-wine","12":"product_shipping_class-horeca","14":"first","15":"instock","16":"taxable","17":"shipping-taxable","18":"product-type-simple"},"_links":{"self":[{"href":"https:\/\/monditaly.com\/kauppa\/wp-json\/wp\/v2\/product\/7830","targetHints":{"allow":["GET"]}}],"collection":[{"href":"https:\/\/monditaly.com\/kauppa\/wp-json\/wp\/v2\/product"}],"about":[{"href":"https:\/\/monditaly.com\/kauppa\/wp-json\/wp\/v2\/types\/product"}],"wp:featuredmedia":[{"embeddable":true,"href":"https:\/\/monditaly.com\/kauppa\/wp-json\/wp\/v2\/media\/7822"}],"wp:attachment":[{"href":"https:\/\/monditaly.com\/kauppa\/wp-json\/wp\/v2\/media?parent=7830"}],"wp:term":[{"taxonomy":"product_brand","embeddable":true,"href":"https:\/\/monditaly.com\/kauppa\/wp-json\/wp\/v2\/product_brand?post=7830"},{"taxonomy":"product_cat","embeddable":true,"href":"https:\/\/monditaly.com\/kauppa\/wp-json\/wp\/v2\/product_cat?post=7830"},{"taxonomy":"product_tag","embeddable":true,"href":"https:\/\/monditaly.com\/kauppa\/wp-json\/wp\/v2\/product_tag?post=7830"}],"curies":[{"name":"wp","href":"https:\/\/api.w.org\/{rel}","templated":true}]}}