{"id":7831,"date":"2025-11-04T13:44:19","date_gmt":"2025-11-04T11:44:19","guid":{"rendered":"https:\/\/monditaly.com\/kauppa\/?post_type=product&#038;p=7831"},"modified":"2026-02-27T11:59:09","modified_gmt":"2026-02-27T09:59:09","slug":"barbera-dalba-doc-fagiano","status":"publish","type":"product","link":"https:\/\/monditaly.com\/kauppa\/tuote\/barbera-dalba-doc-fagiano\/","title":{"rendered":"Barbera d&#8217;Alba Doc Fagiano (6 x 0,75)"},"content":{"rendered":"<p class=\"p1\">T\u00e4m\u00e4 Barbera-lajike teki ensiesiintymisens\u00e4 Tenuta Carrettassa\u00a01900-luvun alussa. Perinteisell\u00e4 tavalla valmistettuna se edustaa Barbera-ryp\u00e4lett\u00e4 parhaimmillaan: hedelm\u00e4isyytt\u00e4, ainutlaatuista tuoksua, eleganssia ja suunmy\u00f6t\u00e4isyytt\u00e4.<\/p>\n<p>Ryp\u00e4le: 100 % Barbera<br \/>\nKypsytys: 4 kuukautta ter\u00e4stankeissa ja 6 kuukautta pullossa<br \/>\nV\u00e4ri: rubiininpunainen, jossa vivahdus purppuraa<br \/>\nTuoksu: kukkia, hapankirsikoita ja marjoja<\/p>\n<p class=\"p1\">This Barbera variety made its first appearance at Tenuta Carretta in the early 1900s. Traditionally crafted, it is a quintessential expression of this grape: fruitiness, fragrance, elegance, and drinkability.<br \/>\nGrape: 100% Barbera<br \/>\nAging: 4 months in stainless steel tanks and 6 months in the bottle<br \/>\nColor: Ruby red with a hint of purple<br \/>\nAroma: Flowers, morello cherries, and berries<\/p>\n","protected":false},"excerpt":{"rendered":"<p class=\"p2\">T\u00e4ytel\u00e4inen ja l\u00e4mmin Barbera, joka on valmistettu perinteit\u00e4 noudattaen. Pehme\u00e4t ja elegantit tanniinit antavat viinille persoonallisuutta, ja sit\u00e4 luonnehtii pitk\u00e4 j\u00e4lkimaku.<\/p>\n<p>A full-bodied and warm Barbera, crafted in accordance with tradition. Soft and elegant tannins lend the wine its personality, characterized by a long and persistent finish.<\/p>\n","protected":false},"featured_media":7820,"template":"","meta":[],"product_brand":[],"product_cat":[23,294,352,353],"product_tag":[665,664,663,357],"class_list":{"0":"post-7831","1":"product","2":"type-product","3":"status-publish","4":"has-post-thumbnail","6":"product_cat-juomat","7":"product_cat-juomat-horeca","8":"product_cat-viinit","9":"product_cat-punaviinit","10":"product_tag-alba","11":"product_tag-barbera","12":"product_tag-fagiano","13":"product_tag-red-wine","14":"product_shipping_class-horeca","16":"first","17":"instock","18":"taxable","19":"shipping-taxable","20":"product-type-simple"},"_links":{"self":[{"href":"https:\/\/monditaly.com\/kauppa\/wp-json\/wp\/v2\/product\/7831","targetHints":{"allow":["GET"]}}],"collection":[{"href":"https:\/\/monditaly.com\/kauppa\/wp-json\/wp\/v2\/product"}],"about":[{"href":"https:\/\/monditaly.com\/kauppa\/wp-json\/wp\/v2\/types\/product"}],"wp:featuredmedia":[{"embeddable":true,"href":"https:\/\/monditaly.com\/kauppa\/wp-json\/wp\/v2\/media\/7820"}],"wp:attachment":[{"href":"https:\/\/monditaly.com\/kauppa\/wp-json\/wp\/v2\/media?parent=7831"}],"wp:term":[{"taxonomy":"product_brand","embeddable":true,"href":"https:\/\/monditaly.com\/kauppa\/wp-json\/wp\/v2\/product_brand?post=7831"},{"taxonomy":"product_cat","embeddable":true,"href":"https:\/\/monditaly.com\/kauppa\/wp-json\/wp\/v2\/product_cat?post=7831"},{"taxonomy":"product_tag","embeddable":true,"href":"https:\/\/monditaly.com\/kauppa\/wp-json\/wp\/v2\/product_tag?post=7831"}],"curies":[{"name":"wp","href":"https:\/\/api.w.org\/{rel}","templated":true}]}}