{"id":7832,"date":"2025-11-04T13:54:19","date_gmt":"2025-11-04T11:54:19","guid":{"rendered":"https:\/\/monditaly.com\/kauppa\/?post_type=product&#038;p=7832"},"modified":"2026-01-02T11:26:21","modified_gmt":"2026-01-02T09:26:21","slug":"rocca-delle-macie-santalfonso-chianti-classico","status":"publish","type":"product","link":"https:\/\/monditaly.com\/kauppa\/tuote\/rocca-delle-macie-santalfonso-chianti-classico\/","title":{"rendered":"Rocca Delle Macie Tenuta Sant\u2019Alfonso Chianti Classico DOCG (6 x 0,75)"},"content":{"rendered":"<p class=\"p1\">Rocca Delle Macie Tenuta Sant\u2019Alfonso Chianti Classico DOCG<\/p>\n<p>V\u00e4ri: intensiivisen rubiininpunainen.<br \/>\nTuoksu: voimakas ja rikas, jossa selv\u00e4sti erottuvat kyps\u00e4t punaiset hedelm\u00e4t ja mausteet.<br \/>\nMaku: l\u00e4mmin, pehme\u00e4 ja hyvin rakennettu. Eritt\u00e4in hienostunut, tanniinien tasapainottama kokonaisuus.<\/p>\n<p>Vaikka viini\u00e4 ei ole luokiteltu <i>Riservaksi<\/i>, sen hienostuneet aistinvaraiset ominaisuudet, t\u00e4ytel\u00e4inen runko ja erinomainen kypsytyspotentiaali tekev\u00e4t siit\u00e4 erinomaisen kumppanin voimakkaan makuisille p\u00e4\u00e4ruoille, kuten paahdetulle lihalle ja riistalle. Oikein s\u00e4ilytettyn\u00e4 se voi kehitty\u00e4 5\u20136 vuoden ajan.<\/p>\n<p data-start=\"0\" data-end=\"245\">Color: Intense ruby red.<br data-start=\"28\" data-end=\"31\" data-is-only-node=\"\" \/>Aroma: Powerful and rich, with clearly defined notes of ripe red fruits and spices.<br data-start=\"118\" data-end=\"121\" \/>Taste: Warm, smooth, and well-structured. Exceptionally refined, with a balance beautifully maintained by its tannins.<\/p>\n<p data-start=\"247\" data-end=\"518\" data-is-last-node=\"\" data-is-only-node=\"\">Although not classified as a <em data-start=\"276\" data-end=\"285\">Riserva<\/em>, its refined sensory qualities, full body, and excellent aging potential make it an outstanding companion to richly flavored main courses such as roasted meats and game. When properly stored, it can develop gracefully for 5\u20136 years.<\/p>\n<p class=\"p1\">\n","protected":false},"excerpt":{"rendered":"<p class=\"p2\">Chianti Classico Tenuta Sant\u2019Alfonso valmistetaan k\u00e4ytt\u00e4m\u00e4ll\u00e4 edistyksellisimpi\u00e4 menetelmi\u00e4, jotta ryp\u00e4leiden luonnollinen konsentraatio s\u00e4ilyisi. Sen j\u00e4lkeen viini siirret\u00e4\u00e4n 35 hehtolitran ranskalaisiin tammitynnyreihin, joissa se kypsyy noin vuoden ajan. Ennen markkinoille laskua seuraa viel\u00e4 pullokypsytysjakso.<\/p>\n<p>Ryp\u00e4le: 100 % Sangiovese<br \/>\nTarjoilul\u00e4mp\u00f6tila: 16\u201318 \u00b0C<br \/>\nAlkoholipitoisuus: 13,5 % vol.<\/p>\n<div class=\"text-base my-auto mx-auto pb-10 [--thread-content-margin:--spacing(4)] thread-sm:[--thread-content-margin:--spacing(6)] thread-lg:[--thread-content-margin:--spacing(16)] px-(--thread-content-margin)\">\n<div class=\"[--thread-content-max-width:40rem] thread-lg:[--thread-content-max-width:48rem] mx-auto max-w-(--thread-content-max-width) flex-1 group\/turn-messages focus-visible:outline-hidden relative flex w-full min-w-0 flex-col agent-turn\" tabindex=\"-1\">\n<div class=\"flex max-w-full flex-col grow\">\n<div class=\"min-h-8 text-message relative flex w-full flex-col items-end gap-2 text-start break-words whitespace-normal [.text-message+&amp;]:mt-1\" dir=\"auto\" data-message-author-role=\"assistant\" data-message-id=\"05c4ca5e-5316-48e6-a9be-af7b646f6dc0\" data-message-model-slug=\"gpt-5\">\n<div class=\"flex w-full flex-col gap-1 empty:hidden first:pt-[1px]\">\n<div class=\"markdown prose dark:prose-invert w-full break-words light markdown-new-styling\">\n<p data-start=\"0\" data-end=\"287\">Chianti Classico Tenuta Sant\u2019Alfonso is produced using the most advanced methods to preserve the grapes\u2019 natural concentration. The wine is then transferred to 35-hectoliter French oak barrels, where it matures for about one year. Before release, it undergoes a period of bottle aging.<\/p>\n<p data-start=\"289\" data-end=\"393\" data-is-last-node=\"\" data-is-only-node=\"\">Grape variety: 100% Sangiovese<br data-start=\"323\" data-end=\"326\" data-is-only-node=\"\" \/>Serving temperature: 16\u201318 \u00b0C<br data-start=\"359\" data-end=\"362\" \/>Alcohol content: 13.5% vol.<\/p>\n<\/div>\n<\/div>\n<\/div>\n<\/div>\n<\/div>\n<\/div>\n<p class=\"p2\">\n","protected":false},"featured_media":7821,"template":"","meta":[],"product_brand":[],"product_cat":[23,294,352,353],"product_tag":[667,669,670,357,668,666,387],"class_list":{"0":"post-7832","1":"product","2":"type-product","3":"status-publish","4":"has-post-thumbnail","6":"product_cat-juomat","7":"product_cat-juomat-horeca","8":"product_cat-viinit","9":"product_cat-punaviinit","10":"product_tag-chianti","11":"product_tag-classico","12":"product_tag-docg","13":"product_tag-red-wine","14":"product_tag-roccadellemacie","15":"product_tag-santalfonso","16":"product_tag-tenuta","17":"product_shipping_class-horeca","19":"first","20":"instock","21":"taxable","22":"shipping-taxable","23":"product-type-simple"},"_links":{"self":[{"href":"https:\/\/monditaly.com\/kauppa\/wp-json\/wp\/v2\/product\/7832","targetHints":{"allow":["GET"]}}],"collection":[{"href":"https:\/\/monditaly.com\/kauppa\/wp-json\/wp\/v2\/product"}],"about":[{"href":"https:\/\/monditaly.com\/kauppa\/wp-json\/wp\/v2\/types\/product"}],"wp:featuredmedia":[{"embeddable":true,"href":"https:\/\/monditaly.com\/kauppa\/wp-json\/wp\/v2\/media\/7821"}],"wp:attachment":[{"href":"https:\/\/monditaly.com\/kauppa\/wp-json\/wp\/v2\/media?parent=7832"}],"wp:term":[{"taxonomy":"product_brand","embeddable":true,"href":"https:\/\/monditaly.com\/kauppa\/wp-json\/wp\/v2\/product_brand?post=7832"},{"taxonomy":"product_cat","embeddable":true,"href":"https:\/\/monditaly.com\/kauppa\/wp-json\/wp\/v2\/product_cat?post=7832"},{"taxonomy":"product_tag","embeddable":true,"href":"https:\/\/monditaly.com\/kauppa\/wp-json\/wp\/v2\/product_tag?post=7832"}],"curies":[{"name":"wp","href":"https:\/\/api.w.org\/{rel}","templated":true}]}}