{"id":7833,"date":"2025-11-04T14:45:27","date_gmt":"2025-11-04T12:45:27","guid":{"rendered":"https:\/\/monditaly.com\/kauppa\/?post_type=product&#038;p=7833"},"modified":"2026-01-02T11:24:22","modified_gmt":"2026-01-02T09:24:22","slug":"roero-arneis-cayega","status":"publish","type":"product","link":"https:\/\/monditaly.com\/kauppa\/tuote\/roero-arneis-cayega\/","title":{"rendered":"Roero Arneis DOCG Cayega 1ltk (6&#215;0,75)"},"content":{"rendered":"<p class=\"p1\">Roero Arneis DOCG Cayega<\/p>\n<p>Ryp\u00e4le: 100 % Arneis (75 q\/ha)<br \/>\nKypsytys: 6 kuukautta ter\u00e4stankeissa, hienosakan l\u00e4sn\u00e4ollessa sadon laadusta riippuen.<br \/>\nV\u00e4ri: kultainen keltainen, jossa vihert\u00e4vi\u00e4 heijastuksia.<br \/>\nTuoksu: p\u00e4\u00e4ryn\u00e4\u00e4 ja valkoista persikkaa, piikive\u00e4.<\/p>\n<p>Grape: 100% Arneis (75 q\/ha).<br \/>\nAging: 6 months in stainless steel tanks, with the continued presence of fine lees depending on the quality of the harvest.<br \/>\nColor: Golden yellow with green reflections.<br \/>\nAroma: Pear and white peach, with hints of flint stone.<\/p>\n<div><\/div>\n","protected":false},"excerpt":{"rendered":"<p class=\"p1\">Kellarissa ryp\u00e4leet k\u00e4sitell\u00e4\u00e4n kokonaisina, ja ne puristetaan hell\u00e4varaisesti pneumaattisessa puristimessa. T\u00e4t\u00e4 seuraa 24 tunnin kylm\u00e4maserointi 10 \u00b0C:n l\u00e4mp\u00f6tilassa. K\u00e4yminen tapahtuu matalassa l\u00e4mp\u00f6tilassa (18\u201320 \u00b0C), ja kypsytys jatkuu noin 6 kuukautta ter\u00e4stankeissa hienosakan p\u00e4\u00e4ll\u00e4, mik\u00e4 lis\u00e4\u00e4 viinin aromaattista moniulotteisuutta ja suutuntuman t\u00e4ytel\u00e4isyytt\u00e4. Kypsytys viimeistell\u00e4\u00e4n pullossa.<\/p>\n<p>V\u00e4ri: oljenkeltainen, kultaisin vivahtein.<br \/>\nTuoksu: muistuttaa kypsi\u00e4 p\u00e4\u00e4ryn\u00f6it\u00e4 ja valkoisia persikoita, orapihlajankukkia ja akaasiahunajaa, kevyell\u00e4 eksoottisen hedelm\u00e4n vivahteella.<br \/>\nMaku: miellytt\u00e4v\u00e4, t\u00e4ytel\u00e4inen ja mineraalinen; raikas hapokkuus antaa eloa ja pitk\u00e4 j\u00e4lkimaku viimeistelee kokonaisuuden.<\/p>\n<p>Tarjoiltuna kylm\u00e4n\u00e4 erinomainen aperitiivi. Ruokap\u00f6yd\u00e4ss\u00e4 se sopii alkuruoille, merenantimille ja \u00e4yri\u00e4isille, raalle kalalle, ostereille sek\u00e4 yksinkertaisille pasta- ja risottoruoille. Suositeltu tarjoilul\u00e4mp\u00f6tila: 9\u201311 \u00b0C<\/p>\n<p class=\"p1\">Luokitus: Roero Arneis DOCG<br \/>\nRyp\u00e4le: Arneis<br \/>\nViljelyalue: Piobesi d\u2019Alba<br \/>\nEnsimm\u00e4inen vuosikerta: 2004<br \/>\nTarha-ala: 21 hehtaaria<\/p>\n<p data-start=\"0\" data-end=\"421\">In the cellar, the grapes are processed whole and gently pressed in a pneumatic press. This is followed by 24 hours of cold maceration at 10\u00b0C. Fermentation takes place at a low temperature (18\u201320\u00b0C), and aging continues for about 6 months in stainless steel tanks on the fine lees, enhancing the wine\u2019s aromatic complexity and fullness on the palate. The maturation is then completed in the bottle.<\/p>\n<p>Color: Straw yellow with golden hues.<br data-start=\"495\" data-end=\"498\" \/>Aroma: Reminiscent of ripe pears and white peaches, hawthorn flowers, and acacia honey, with a delicate touch of exotic fruit.<br data-start=\"628\" data-end=\"631\" \/>Taste: Pleasantly enveloping, full-bodied, and mineral; fresh acidity gives vibrancy, while a long, persistent finish completes the experience.<\/p>\n<p data-start=\"782\" data-end=\"992\">Suggested pairings:<br data-start=\"805\" data-end=\"808\" \/>When served chilled, it makes an excellent aperitif. At the table, it pairs beautifully with appetizers, seafood and shellfish, raw fish, oysters, and simple pasta or risotto dishes. Recommended serving temperature: 9\u201311\u00b0C<\/p>\n<p data-start=\"1041\" data-end=\"1193\" data-is-last-node=\"\" data-is-only-node=\"\">Appellation: Roero Arneis DOCG<br data-start=\"1075\" data-end=\"1078\" \/>Grape variety: Arneis<br data-start=\"1103\" data-end=\"1106\" \/>Vineyard area: 21 hectares<br data-start=\"1136\" data-end=\"1139\" \/>Township: Piobesi d\u2019Alba<br data-start=\"1167\" data-end=\"1170\" \/>First vintage: 2004<\/p>\n","protected":false},"featured_media":7834,"template":"","meta":[],"product_brand":[],"product_cat":[23,294,354],"product_tag":[671,672,673,358],"class_list":{"0":"post-7833","1":"product","2":"type-product","3":"status-publish","4":"has-post-thumbnail","6":"product_cat-juomat","7":"product_cat-juomat-horeca","8":"product_cat-valkoviinit","9":"product_tag-arneis","10":"product_tag-cayega","11":"product_tag-roero","12":"product_tag-white-wine","13":"product_shipping_class-horeca","15":"first","16":"instock","17":"taxable","18":"shipping-taxable","19":"product-type-simple"},"_links":{"self":[{"href":"https:\/\/monditaly.com\/kauppa\/wp-json\/wp\/v2\/product\/7833","targetHints":{"allow":["GET"]}}],"collection":[{"href":"https:\/\/monditaly.com\/kauppa\/wp-json\/wp\/v2\/product"}],"about":[{"href":"https:\/\/monditaly.com\/kauppa\/wp-json\/wp\/v2\/types\/product"}],"wp:featuredmedia":[{"embeddable":true,"href":"https:\/\/monditaly.com\/kauppa\/wp-json\/wp\/v2\/media\/7834"}],"wp:attachment":[{"href":"https:\/\/monditaly.com\/kauppa\/wp-json\/wp\/v2\/media?parent=7833"}],"wp:term":[{"taxonomy":"product_brand","embeddable":true,"href":"https:\/\/monditaly.com\/kauppa\/wp-json\/wp\/v2\/product_brand?post=7833"},{"taxonomy":"product_cat","embeddable":true,"href":"https:\/\/monditaly.com\/kauppa\/wp-json\/wp\/v2\/product_cat?post=7833"},{"taxonomy":"product_tag","embeddable":true,"href":"https:\/\/monditaly.com\/kauppa\/wp-json\/wp\/v2\/product_tag?post=7833"}],"curies":[{"name":"wp","href":"https:\/\/api.w.org\/{rel}","templated":true}]}}