{"id":7835,"date":"2025-11-04T14:55:55","date_gmt":"2025-11-04T12:55:55","guid":{"rendered":"https:\/\/monditaly.com\/kauppa\/?post_type=product&#038;p=7835"},"modified":"2025-11-04T15:03:21","modified_gmt":"2025-11-04T13:03:21","slug":"marcati-sambuca-blu","status":"publish","type":"product","link":"https:\/\/monditaly.com\/kauppa\/tuote\/marcati-sambuca-blu\/","title":{"rendered":"Marcati Sambuca Blu 40% 0,70 (ME 6 ploa)"},"content":{"rendered":"<p class=\"p1\">Sambuca tarjoillaan perinteisesti huoneenl\u00e4mp\u00f6isen\u00e4, mutta monet nauttivat sen my\u00f6s j\u00e4ill\u00e4. Eritt\u00e4in tunnettu cocktail on \u201cSambuca con la mosca\u201d \u2013 kaada sambucaa konjakkilasiin tai cocktail-lasiin ja lis\u00e4\u00e4 pinnalle kolme kahvipapua. Sopii erinomaisesti my\u00f6s lukuisten erilaisten cocktailien valmistukseen.<\/p>\n<p>Sambuca is traditionally served at room temperature, but many enjoy it over ice. A very famous cocktail is <em data-start=\"107\" data-end=\"131\">\u201cSambuca con la mosca\u201d<\/em> \u2014 pour Sambuca into a brandy or cocktail glass and float three coffee beans on top. It is also perfectly suited for creating a wide variety of cocktails.<\/p>\n","protected":false},"excerpt":{"rendered":"<p>Yksi maailman tunnetuimmista italialaisista lik\u00f6\u00f6reist\u00e4. Valmistettu huolella valituista raaka-aineista Marcatin perheen reseptin mukaan. Voimakkaan makuinen, aromaattinen lik\u00f6\u00f6ri pohjautuu t\u00e4htianiksen ja mustaseljan (Sambucus nigra) uutteeseen.<\/p>\n<p>One of the most famous Italian liqueurs in the world. Made from carefully selected raw materials according to a recipe treasured by the Marcati family. This intensely flavored, aromatic liqueur is based on star anise and elderflower (<em data-start=\"234\" data-end=\"250\">Sambucus nigra<\/em>) extract.<\/p>\n","protected":false},"featured_media":7823,"template":"","meta":[],"product_brand":[],"product_cat":[23,294,398],"product_tag":[676,674,675],"class_list":{"0":"post-7835","1":"product","2":"type-product","3":"status-publish","4":"has-post-thumbnail","6":"product_cat-juomat","7":"product_cat-juomat-horeca","8":"product_cat-vakevat","9":"product_tag-blu","10":"product_tag-marcati","11":"product_tag-sambuca","12":"product_shipping_class-horeca","14":"first","15":"instock","16":"taxable","17":"shipping-taxable","18":"product-type-simple"},"_links":{"self":[{"href":"https:\/\/monditaly.com\/kauppa\/wp-json\/wp\/v2\/product\/7835","targetHints":{"allow":["GET"]}}],"collection":[{"href":"https:\/\/monditaly.com\/kauppa\/wp-json\/wp\/v2\/product"}],"about":[{"href":"https:\/\/monditaly.com\/kauppa\/wp-json\/wp\/v2\/types\/product"}],"wp:featuredmedia":[{"embeddable":true,"href":"https:\/\/monditaly.com\/kauppa\/wp-json\/wp\/v2\/media\/7823"}],"wp:attachment":[{"href":"https:\/\/monditaly.com\/kauppa\/wp-json\/wp\/v2\/media?parent=7835"}],"wp:term":[{"taxonomy":"product_brand","embeddable":true,"href":"https:\/\/monditaly.com\/kauppa\/wp-json\/wp\/v2\/product_brand?post=7835"},{"taxonomy":"product_cat","embeddable":true,"href":"https:\/\/monditaly.com\/kauppa\/wp-json\/wp\/v2\/product_cat?post=7835"},{"taxonomy":"product_tag","embeddable":true,"href":"https:\/\/monditaly.com\/kauppa\/wp-json\/wp\/v2\/product_tag?post=7835"}],"curies":[{"name":"wp","href":"https:\/\/api.w.org\/{rel}","templated":true}]}}