{"id":7836,"date":"2025-11-04T15:04:42","date_gmt":"2025-11-04T13:04:42","guid":{"rendered":"https:\/\/monditaly.com\/kauppa\/?post_type=product&#038;p=7836"},"modified":"2025-11-04T15:17:05","modified_gmt":"2025-11-04T13:17:05","slug":"sambuco-holunder","status":"publish","type":"product","link":"https:\/\/monditaly.com\/kauppa\/tuote\/sambuco-holunder\/","title":{"rendered":"Liquore al Sambuco Holunder 14 %, 1 l (ME 6 ploa)"},"content":{"rendered":"<p class=\"p1\">V\u00e4ri: oljenkeltainen<br \/>\nTuoksu: hienovarainen ja tasapainoinen, hyv\u00e4n intensiteetin omaava tuoksu. Seljankukan aromi on hallitseva, jota seuraa limen raikkaus.<br \/>\nMaku: miellytt\u00e4v\u00e4n pehme\u00e4 ja makea. Limen lis\u00e4ys antaa sille intensiivisen sitruksisen maun. Pitk\u00e4 ja miellytt\u00e4v\u00e4 j\u00e4lkimaku.<\/p>\n<p>Color: Straw yellow<br data-start=\"23\" data-end=\"26\" data-is-only-node=\"\" \/>Aroma: Delicate and balanced, with good intensity. The elderflower aroma is dominant, followed by the freshness of lime.<br data-start=\"150\" data-end=\"153\" \/>Taste: Pleasantly soft and sweet. The addition of lime gives it an intense citrus flavor. The finish is long and enjoyable.<\/p>\n","protected":false},"excerpt":{"rendered":"<p class=\"p1\">T\u00e4m\u00e4 lik\u00f6\u00f6ri valmistetaan luonnollisesta seljankukkien ja tuoreiden mintunlehtien uutoksesta. Uuttamisen j\u00e4lkeen hydroalkoholisessa liuoksessa lis\u00e4t\u00e4\u00e4n limemehua, joka antaa tuotteelle raikkaan pirteyden.<br \/>\nLik\u00f6\u00f6ri\u00e4 k\u00e4ytet\u00e4\u00e4n tyypillisesti sekoitusjuomissa, erityisesti \u201cHugo\u201d-cocktailissa. Matala alkoholipitoisuus tekee siit\u00e4 erinomaisen sekoitettavaksi muiden juomien, kuten esimerkiksi tonic-veden, kanssa.<\/p>\n<p>This liqueur is made from a natural infusion of elderflowers and fresh mint leaves. After maceration in a hydroalcoholic solution, lime juice is added to give the product a fresh and lively character. Lqueur is typically used in mixed drinks, especially in the \u201cHugo\u201d cocktail. Its low alcohol content makes it perfect for mixing with other beverages, such as tonic water.<\/p>\n","protected":false},"featured_media":7824,"template":"","meta":[],"product_brand":[],"product_cat":[23,294,398],"product_tag":[680,677,678,679],"class_list":{"0":"post-7836","1":"product","2":"type-product","3":"status-publish","4":"has-post-thumbnail","6":"product_cat-juomat","7":"product_cat-juomat-horeca","8":"product_cat-vakevat","9":"product_tag-holunder","10":"product_tag-liquer","11":"product_tag-liquore","12":"product_tag-sambuco","13":"product_shipping_class-horeca","15":"first","16":"instock","17":"taxable","18":"shipping-taxable","19":"product-type-simple"},"_links":{"self":[{"href":"https:\/\/monditaly.com\/kauppa\/wp-json\/wp\/v2\/product\/7836","targetHints":{"allow":["GET"]}}],"collection":[{"href":"https:\/\/monditaly.com\/kauppa\/wp-json\/wp\/v2\/product"}],"about":[{"href":"https:\/\/monditaly.com\/kauppa\/wp-json\/wp\/v2\/types\/product"}],"wp:featuredmedia":[{"embeddable":true,"href":"https:\/\/monditaly.com\/kauppa\/wp-json\/wp\/v2\/media\/7824"}],"wp:attachment":[{"href":"https:\/\/monditaly.com\/kauppa\/wp-json\/wp\/v2\/media?parent=7836"}],"wp:term":[{"taxonomy":"product_brand","embeddable":true,"href":"https:\/\/monditaly.com\/kauppa\/wp-json\/wp\/v2\/product_brand?post=7836"},{"taxonomy":"product_cat","embeddable":true,"href":"https:\/\/monditaly.com\/kauppa\/wp-json\/wp\/v2\/product_cat?post=7836"},{"taxonomy":"product_tag","embeddable":true,"href":"https:\/\/monditaly.com\/kauppa\/wp-json\/wp\/v2\/product_tag?post=7836"}],"curies":[{"name":"wp","href":"https:\/\/api.w.org\/{rel}","templated":true}]}}