{"id":797,"date":"2021-06-07T14:47:19","date_gmt":"2021-06-07T11:47:19","guid":{"rendered":"https:\/\/monditaly.com\/kauppa\/?post_type=product&#038;p=797"},"modified":"2026-01-14T13:03:35","modified_gmt":"2026-01-14T11:03:35","slug":"gustarosso-kuorittu-tomaatti-1ltk","status":"publish","type":"product","link":"https:\/\/monditaly.com\/kauppa\/tuote\/gustarosso-kuorittu-tomaatti-1ltk\/","title":{"rendered":"Gustarosso kuorittu tomaatti 1ltk (2,5kg x 6 kpl)"},"content":{"rendered":"<h3>Ainesosat \/ Ingredienser:<\/h3>\n<p>Kuorittu tomaatti, tomaattimehu, happamuudens\u00e4\u00e4t\u00f6aine: sitruunahappo. Tomaatin alkuper\u00e4: Italia.<\/p>\n<p>Skalade tomater, tomatsaft, surhetsreglerande medel: citronsyra. Tomat ursprung: Italia.<\/p>\n<h3>Ravintoarvot per 100g \/ N\u00e4ringsv\u00e4rde per 100g:<\/h3>\n<p>Energia \/ Energi 115,6 kJ \/ 27,4 kcal<br \/>\nRasva \/ Fett 0,2 g josta tyydyttynytt\u00e4 \/ varav m\u00e4ttade &lt; 0,1 g<br \/>\nHiilihydraatit 4,5 g josta sokereita \/ varav sockerarter 3,4 g<br \/>\nKuitu \/ Fiber 1,2 g<br \/>\nProteiini \/ Protein 1,3g<br \/>\nSuola \/ Salt 0,05 g<\/p>\n","protected":false},"excerpt":{"rendered":"<p><strong>Tuote myyd\u00e4\u00e4n myyntier\u00e4n\u00e4 1 ltk (6 kpl). \/ Sales unit 1 box (6 pcs).<\/strong><\/p>\n<p>100% italialaisia, kokonaisia kuorittuja tomaatteja tomaattimehussa. Maukkaissa tomaateissa on alhainen happopitoisuus. Sopii eritt\u00e4in hyvin pizzaan ja pastakastikkeisiin. S\u00e4ilyvyys avaamisen j\u00e4lkeen kolme p\u00e4iv\u00e4\u00e4.<\/p>\n<p>Whole peeled tomatoes in tomato juice. Very low acid content. Ideal for pizza.<\/p>\n","protected":false},"featured_media":1783,"template":"","meta":[],"product_brand":[],"product_cat":[46,110,70,97],"product_tag":[176],"class_list":{"0":"post-797","1":"product","2":"type-product","3":"status-publish","4":"has-post-thumbnail","6":"product_cat-teolliset_elintarvikkeet","7":"product_cat-horeca-teolliset-elintarvikkeet","8":"product_cat-sailykkeet-horeca","9":"product_cat-tomaatti-horeca","10":"product_tag-tomato","11":"product_shipping_class-horeca","13":"first","14":"instock","15":"taxable","16":"shipping-taxable","17":"product-type-simple"},"_links":{"self":[{"href":"https:\/\/monditaly.com\/kauppa\/wp-json\/wp\/v2\/product\/797","targetHints":{"allow":["GET"]}}],"collection":[{"href":"https:\/\/monditaly.com\/kauppa\/wp-json\/wp\/v2\/product"}],"about":[{"href":"https:\/\/monditaly.com\/kauppa\/wp-json\/wp\/v2\/types\/product"}],"wp:featuredmedia":[{"embeddable":true,"href":"https:\/\/monditaly.com\/kauppa\/wp-json\/wp\/v2\/media\/1783"}],"wp:attachment":[{"href":"https:\/\/monditaly.com\/kauppa\/wp-json\/wp\/v2\/media?parent=797"}],"wp:term":[{"taxonomy":"product_brand","embeddable":true,"href":"https:\/\/monditaly.com\/kauppa\/wp-json\/wp\/v2\/product_brand?post=797"},{"taxonomy":"product_cat","embeddable":true,"href":"https:\/\/monditaly.com\/kauppa\/wp-json\/wp\/v2\/product_cat?post=797"},{"taxonomy":"product_tag","embeddable":true,"href":"https:\/\/monditaly.com\/kauppa\/wp-json\/wp\/v2\/product_tag?post=797"}],"curies":[{"name":"wp","href":"https:\/\/api.w.org\/{rel}","templated":true}]}}