{"id":7997,"date":"2025-12-16T14:39:00","date_gmt":"2025-12-16T12:39:00","guid":{"rendered":"https:\/\/monditaly.com\/kauppa\/?post_type=product&#038;p=7997"},"modified":"2026-01-02T11:23:36","modified_gmt":"2026-01-02T09:23:36","slug":"barbera-dalba-doc-2023-075-elio-altare-me-6-plo","status":"publish","type":"product","link":"https:\/\/monditaly.com\/kauppa\/tuote\/barbera-dalba-doc-2023-075-elio-altare-me-6-plo\/","title":{"rendered":"Barbera d&#8217;Alba DOC 2023 0,75 &#8211; Elio Altare (ME 6 plo)"},"content":{"rendered":"<p class=\"p1\">Appellation:\u00a0Barbera d\u2019 Alba doc<\/p>\n<p class=\"p1\">Varietal:\u00a0Barbera<\/p>\n<p class=\"p1\">Area of production:\u00a0La Morra<\/p>\n<p class=\"p1\">Bottles produced:\u00a015.000<\/p>\n<p class=\"p1\">Age of the vines:\u00a0from 10 to 30 years old<\/p>\n<p class=\"p1\">Soil composition:\u00a0calcareous but also very sandy<\/p>\n<p class=\"p1\">Exposure:\u00a0various, east, north &#8211; east<\/p>\n<p class=\"p1\">Vinification:\u00a0Maceration on the skins for approx. 3 to 4 days in rotary fermenters with temperature control, short passage in used French barrique for 5 months<\/p>\n<p class=\"p1\">Color:\u00a0ruby red with violet reflections<\/p>\n<p class=\"p1\">Nose:\u00a0Aromas of violets and black cherry.<\/p>\n<p class=\"p1\">Taste:\u00a0warm, full bodied, with the right acidity, nice long taste of dark red fruits<\/p>\n","protected":false},"excerpt":{"rendered":"<p>L\u00e4mmin ja t\u00e4ytel\u00e4inen Barbera d\u00b4Alba DOC. Sopivan hapokas punaviini, jossa miellytt\u00e4v\u00e4 ja pitk\u00e4 tummahkojen punaisten hedelmien maku.<\/p>\n","protected":false},"featured_media":7999,"template":"","meta":[],"product_brand":[],"product_cat":[294,352,353],"product_tag":[665,664,684,356],"class_list":{"0":"post-7997","1":"product","2":"type-product","3":"status-publish","4":"has-post-thumbnail","6":"product_cat-juomat-horeca","7":"product_cat-viinit","8":"product_cat-punaviinit","9":"product_tag-alba","10":"product_tag-barbera","11":"product_tag-elioaltare","12":"product_tag-punaviini","14":"first","15":"instock","16":"taxable","17":"shipping-taxable","18":"product-type-simple"},"_links":{"self":[{"href":"https:\/\/monditaly.com\/kauppa\/wp-json\/wp\/v2\/product\/7997","targetHints":{"allow":["GET"]}}],"collection":[{"href":"https:\/\/monditaly.com\/kauppa\/wp-json\/wp\/v2\/product"}],"about":[{"href":"https:\/\/monditaly.com\/kauppa\/wp-json\/wp\/v2\/types\/product"}],"wp:featuredmedia":[{"embeddable":true,"href":"https:\/\/monditaly.com\/kauppa\/wp-json\/wp\/v2\/media\/7999"}],"wp:attachment":[{"href":"https:\/\/monditaly.com\/kauppa\/wp-json\/wp\/v2\/media?parent=7997"}],"wp:term":[{"taxonomy":"product_brand","embeddable":true,"href":"https:\/\/monditaly.com\/kauppa\/wp-json\/wp\/v2\/product_brand?post=7997"},{"taxonomy":"product_cat","embeddable":true,"href":"https:\/\/monditaly.com\/kauppa\/wp-json\/wp\/v2\/product_cat?post=7997"},{"taxonomy":"product_tag","embeddable":true,"href":"https:\/\/monditaly.com\/kauppa\/wp-json\/wp\/v2\/product_tag?post=7997"}],"curies":[{"name":"wp","href":"https:\/\/api.w.org\/{rel}","templated":true}]}}