{"id":8017,"date":"2025-12-16T16:00:17","date_gmt":"2025-12-16T14:00:17","guid":{"rendered":"https:\/\/monditaly.com\/kauppa\/?post_type=product&#038;p=8017"},"modified":"2026-01-02T11:16:54","modified_gmt":"2026-01-02T09:16:54","slug":"barolo-docg-2016-075-15-elio-altare-me-6-plo","status":"publish","type":"product","link":"https:\/\/monditaly.com\/kauppa\/tuote\/barolo-docg-2016-075-15-elio-altare-me-6-plo\/","title":{"rendered":"Barolo DOCG Cerretta 2016 Riserva Elio Altare (ME 6 plo)"},"content":{"rendered":"<div class=\"tit\">\n<p data-start=\"0\" data-end=\"94\"><strong data-start=\"0\" data-end=\"13\">Alkuper\u00e4:<\/strong> Barolo DOCG<br data-start=\"25\" data-end=\"28\" \/><strong data-start=\"28\" data-end=\"45\" data-is-only-node=\"\">Ryp\u00e4lelajike:<\/strong> Nebbiolo<br data-start=\"54\" data-end=\"57\" \/><strong data-start=\"57\" data-end=\"74\">Tuotantoalue:<\/strong> Serralunga d&#8217;Alba<\/p>\n<p data-start=\"96\" data-end=\"252\"><strong data-start=\"96\" data-end=\"116\">Pullojent m\u00e4\u00e4r\u00e4:<\/strong> 4 000 \/ 5 000<br data-start=\"130\" data-end=\"133\" \/><strong data-start=\"133\" data-end=\"152\" data-is-only-node=\"\">K\u00f6ynn\u00f6sten ik\u00e4:<\/strong> 20 vuotta<br data-start=\"162\" data-end=\"165\" \/><strong data-start=\"165\" data-end=\"177\">Maaper\u00e4:<\/strong> hiekkakivi, kalkkikivi ja liitu<br data-start=\"209\" data-end=\"212\" \/><strong data-start=\"212\" data-end=\"228\">Ilmansuunta:<\/strong> etel\u00e4, kaakko, lounas<\/p>\n<p data-start=\"254\" data-end=\"673\" data-is-last-node=\"\" data-is-only-node=\"\"><strong data-start=\"254\" data-end=\"274\">Viininvalmistus:<\/strong> kuorimaseraatio noin 4\u20135 p\u00e4iv\u00e4n ajan l\u00e4mp\u00f6tilas\u00e4\u00e4dellyiss\u00e4 py\u00f6riviss\u00e4 k\u00e4ymistankeissa, kypsytys ranskalaisissa barrique-tynnyreiss\u00e4 24 kuukauden ajan<br data-start=\"424\" data-end=\"427\" \/><strong data-start=\"427\" data-end=\"436\" data-is-only-node=\"\">V\u00e4ri:<\/strong> eritt\u00e4in intensiivinen rubiininpunainen, jossa granaattisia vivahteita<\/p>\n<p>Appellation: Barolo DOCG<\/p>\n<p>Varietal:\u00a0Nebbiolo<\/p>\n<p data-start=\"254\" data-end=\"673\" data-is-last-node=\"\" data-is-only-node=\"\">Area of production:\u00a0Serralunga d&#8217;Alba<\/p>\n<p data-start=\"254\" data-end=\"673\" data-is-last-node=\"\" data-is-only-node=\"\">Bottles produced:\u00a04.000 \/\u00a0 5.000<\/p>\n<p data-start=\"254\" data-end=\"673\" data-is-last-node=\"\" data-is-only-node=\"\">Age of the vines:\u00a020 years old<\/p>\n<p data-start=\"254\" data-end=\"673\" data-is-last-node=\"\" data-is-only-node=\"\">Soil composition:\u00a0sandstone, limestone and chalk<\/p>\n<p data-start=\"254\" data-end=\"673\" data-is-last-node=\"\" data-is-only-node=\"\">Exposure:\u00a0south, south-east, south- west<\/p>\n<p data-start=\"254\" data-end=\"673\" data-is-last-node=\"\" data-is-only-node=\"\">Vinification: maceration on the skins for approx. 4\/5 days in rotary fermenters with temperature control, ageing in French barrique for 24 months<\/p>\n<p data-start=\"254\" data-end=\"673\" data-is-last-node=\"\" data-is-only-node=\"\">Color: very intense ruby red with garnet reflections Nose: fresh to the nose with mature fruits, spicy, tobacco, darker fruits, and licorice<\/p>\n<p data-start=\"254\" data-end=\"673\" data-is-last-node=\"\" data-is-only-node=\"\">Taste: warm and elegant, with minty and spicy notes<\/p>\n<\/div>\n","protected":false},"excerpt":{"rendered":"<div class=\"text-base my-auto mx-auto pb-10 [--thread-content-margin:--spacing(4)] @w-sm\/main:[--thread-content-margin:--spacing(6)] @w-lg\/main:[--thread-content-margin:--spacing(16)] px-(--thread-content-margin)\">\n<div class=\"[--thread-content-max-width:40rem] @w-lg\/main:[--thread-content-max-width:48rem] mx-auto max-w-(--thread-content-max-width) flex-1 group\/turn-messages focus-visible:outline-hidden relative flex w-full min-w-0 flex-col agent-turn\" tabindex=\"-1\">\n<div class=\"flex max-w-full flex-col grow\">\n<div class=\"min-h-8 text-message relative flex w-full flex-col items-end gap-2 text-start break-words whitespace-normal [.text-message+&amp;]:mt-1\" dir=\"auto\" data-message-author-role=\"assistant\" data-message-id=\"61213409-9485-4a0c-8779-7255cc14168d\" data-message-model-slug=\"gpt-5-2\">\n<div class=\"flex w-full flex-col gap-1 empty:hidden first:pt-[1px]\">\n<div class=\"markdown prose dark:prose-invert w-full break-words light markdown-new-styling\">\n<p data-start=\"0\" data-end=\"74\" data-is-last-node=\"\" data-is-only-node=\"\">Rajoitetun saatavuuden viini. L\u00e4mmin ja elegantti baroloharvinaisuus, jonka raikkaassa tuoksussa on kypsien hedelmien, mausteiden, tupakan, tummien hedelmien ja lakritsin aromeja.<br data-start=\"608\" data-end=\"611\" \/>Maku on l\u00e4mmin ja elegantti, jossa minttuisia ja mausteisia s\u00e4vyj\u00e4. Vuosikertaa on pullotettu vain noin 4500 kappaletta.<\/p>\n<\/div>\n<p data-start=\"0\" data-end=\"74\" data-is-last-node=\"\" data-is-only-node=\"\">A wine of limited availability. A warm and elegant Barolo rarity, with a fresh nose featuring aromas of ripe fruits, spices, tobacco, dark fruits, and licorice.<br data-start=\"160\" data-end=\"163\" \/>The palate is warm and elegant, with minty and spicy notes. Only about 4,500 bottles were produced of this vintage.<\/p>\n<\/div>\n<\/div>\n<\/div>\n<\/div>\n<\/div>\n","protected":false},"featured_media":8003,"template":"","meta":[],"product_brand":[],"product_cat":[294,352,353],"product_tag":[662,670,684,660,356],"class_list":{"0":"post-8017","1":"product","2":"type-product","3":"status-publish","4":"has-post-thumbnail","6":"product_cat-juomat-horeca","7":"product_cat-viinit","8":"product_cat-punaviinit","9":"product_tag-barolo","10":"product_tag-docg","11":"product_tag-elioaltare","12":"product_tag-nebbiolo","13":"product_tag-punaviini","15":"first","16":"instock","17":"taxable","18":"shipping-taxable","19":"product-type-simple"},"_links":{"self":[{"href":"https:\/\/monditaly.com\/kauppa\/wp-json\/wp\/v2\/product\/8017","targetHints":{"allow":["GET"]}}],"collection":[{"href":"https:\/\/monditaly.com\/kauppa\/wp-json\/wp\/v2\/product"}],"about":[{"href":"https:\/\/monditaly.com\/kauppa\/wp-json\/wp\/v2\/types\/product"}],"wp:featuredmedia":[{"embeddable":true,"href":"https:\/\/monditaly.com\/kauppa\/wp-json\/wp\/v2\/media\/8003"}],"wp:attachment":[{"href":"https:\/\/monditaly.com\/kauppa\/wp-json\/wp\/v2\/media?parent=8017"}],"wp:term":[{"taxonomy":"product_brand","embeddable":true,"href":"https:\/\/monditaly.com\/kauppa\/wp-json\/wp\/v2\/product_brand?post=8017"},{"taxonomy":"product_cat","embeddable":true,"href":"https:\/\/monditaly.com\/kauppa\/wp-json\/wp\/v2\/product_cat?post=8017"},{"taxonomy":"product_tag","embeddable":true,"href":"https:\/\/monditaly.com\/kauppa\/wp-json\/wp\/v2\/product_tag?post=8017"}],"curies":[{"name":"wp","href":"https:\/\/api.w.org\/{rel}","templated":true}]}}