{"id":8019,"date":"2025-12-16T16:09:18","date_gmt":"2025-12-16T14:09:18","guid":{"rendered":"https:\/\/monditaly.com\/kauppa\/?post_type=product&#038;p=8019"},"modified":"2026-01-02T11:14:30","modified_gmt":"2026-01-02T09:14:30","slug":"barolo-docg-arborina-2016-075-elio-altare-me-6-plo","status":"publish","type":"product","link":"https:\/\/monditaly.com\/kauppa\/tuote\/barolo-docg-arborina-2016-075-elio-altare-me-6-plo\/","title":{"rendered":"Barolo DOCG Arborina 2016 0,75 &#8211; Elio Altare (ME 6 plo)"},"content":{"rendered":"<p class=\"p1\">Appellation: Barolo DOCG<\/p>\n<p class=\"p1\">Varietal:\u00a0Nebbiolo<\/p>\n<p class=\"p1\">Area of production:\u00a0La Morra<\/p>\n<p class=\"p1\">Bottles produced:\u00a04.000 \/ 5.000<\/p>\n<p class=\"p1\">Age of the vines:\u00a0one parcel planted in 1948 by grandpa Giovanni, one planted in 1989<\/p>\n<p class=\"p1\">Soil composition:\u00a0marna stone with clay and sand<\/p>\n<p class=\"p1\">Exposure:\u00a0south, south-east<\/p>\n<p class=\"p1\">Vinification:\u00a0Maceration on the skins for approx. 4\/5 days in rotary fermenters with temperature control , ageing in French \u00a0barrique for 24 months<\/p>\n<p class=\"p1\">Color:\u00a0very intense ruby red with garnet reflections<\/p>\n<p class=\"p1\">Nose:\u00a0Fresh nose , rose petals, flowers, ethereal, light, sweet<\/p>\n<p class=\"p1\">Taste:\u00a0warm and elegant, with smooth but intense tannins<\/p>\n","protected":false},"excerpt":{"rendered":"<p>L\u00e4mmin ja t\u00e4ytel\u00e4inen Barolo. Sopivan hapokas punaviini, jossa miellytt\u00e4v\u00e4 ja pitk\u00e4 tummahkojen punaisten hedelmien maku.<br \/>\nRajoitetun saatavuuden viini.<\/p>\n<p>A warm and full-bodied Barolo. A well-balanced red wine with the right acidity and a pleasant, long-lasting flavour of dark red fruits.<br data-start=\"135\" data-end=\"138\" \/>A wine of limited availability.<\/p>\n","protected":false},"featured_media":8001,"template":"","meta":[],"product_brand":[],"product_cat":[294,352,353],"product_tag":[690,662,684,691,356],"class_list":{"0":"post-8019","1":"product","2":"type-product","3":"status-publish","4":"has-post-thumbnail","6":"product_cat-juomat-horeca","7":"product_cat-viinit","8":"product_cat-punaviinit","9":"product_tag-arborina","10":"product_tag-barolo","11":"product_tag-elioaltare","12":"product_tag-limitededition","13":"product_tag-punaviini","15":"first","16":"instock","17":"taxable","18":"shipping-taxable","19":"product-type-simple"},"_links":{"self":[{"href":"https:\/\/monditaly.com\/kauppa\/wp-json\/wp\/v2\/product\/8019","targetHints":{"allow":["GET"]}}],"collection":[{"href":"https:\/\/monditaly.com\/kauppa\/wp-json\/wp\/v2\/product"}],"about":[{"href":"https:\/\/monditaly.com\/kauppa\/wp-json\/wp\/v2\/types\/product"}],"wp:featuredmedia":[{"embeddable":true,"href":"https:\/\/monditaly.com\/kauppa\/wp-json\/wp\/v2\/media\/8001"}],"wp:attachment":[{"href":"https:\/\/monditaly.com\/kauppa\/wp-json\/wp\/v2\/media?parent=8019"}],"wp:term":[{"taxonomy":"product_brand","embeddable":true,"href":"https:\/\/monditaly.com\/kauppa\/wp-json\/wp\/v2\/product_brand?post=8019"},{"taxonomy":"product_cat","embeddable":true,"href":"https:\/\/monditaly.com\/kauppa\/wp-json\/wp\/v2\/product_cat?post=8019"},{"taxonomy":"product_tag","embeddable":true,"href":"https:\/\/monditaly.com\/kauppa\/wp-json\/wp\/v2\/product_tag?post=8019"}],"curies":[{"name":"wp","href":"https:\/\/api.w.org\/{rel}","templated":true}]}}