{"id":8023,"date":"2025-12-17T09:01:59","date_gmt":"2025-12-17T07:01:59","guid":{"rendered":"https:\/\/monditaly.com\/kauppa\/?post_type=product&#038;p=8023"},"modified":"2026-01-02T11:12:57","modified_gmt":"2026-01-02T09:12:57","slug":"sol-sangiovese-igt-marche-keg-20l","status":"publish","type":"product","link":"https:\/\/monditaly.com\/kauppa\/tuote\/sol-sangiovese-igt-marche-keg-20l\/","title":{"rendered":"SOL Sangiovese IGT Marche KEG 20l"},"content":{"rendered":"<p class=\"p1\">SOL hanaviinit valmistetaan venetsialaisen viininvalmistusperinteen mukaisesti laadukkaiksi ja helposti l\u00e4hestytt\u00e4viksi seurustelujuomiksi. SOL on per\u00e4isin vuonna 1930 perustetusta Cantina S. Osvaldosta Lonconista ja on osa Montelvini-ryhm\u00e4\u00e4. Jokainen keg-tynnyri kertoo tarinan huolellisesti valitusta sekoituksesta ja tarkasta viininvalmistusprosessista, jota Serenan perhe vaalii ja kehitt\u00e4\u00e4 perinteisiin nojaten.<\/p>\n<p class=\"p1\">SOL tap wines are crafted according to the Venetian winemaking tradition as high-quality, approachable wines for social enjoyment. SOL originates from Cantina S. Osvaldo in Loncon, founded in 1930, and is part of the Montelvini Group.<\/p>\n<p class=\"p1\">Each keg tells the story of a carefully selected blend and a meticulous winemaking process, preserved and enhanced by the Serena family in line with tradition.<\/p>\n","protected":false},"excerpt":{"rendered":"<p>SOL hanaviinit valmistetaan venetsialaisen viininvalmistusperinteen mukaisesti laadukkaiksi ja helposti l\u00e4hestytt\u00e4viksi seurustelujuomiksi. SOL on per\u00e4isin vuonna 1930 perustetusta Cantina S. Osvaldosta Lonconista ja on osa Montelvini-ryhm\u00e4\u00e4. Jokainen keg-tynnyri kertoo tarinan huolellisesti valitusta sekoituksesta ja tarkasta viininvalmistusprosessista, jota Serenan perhe vaalii ja kehitt\u00e4\u00e4 perinteisiin nojaten. SOL tap wines are crafted according to the Venetian winemaking tradition as [&#8230;]\n","protected":false},"featured_media":8024,"template":"","meta":[],"product_brand":[],"product_cat":[294,352,353],"product_tag":[695,694,356,692,693],"class_list":{"0":"post-8023","1":"product","2":"type-product","3":"status-publish","4":"has-post-thumbnail","6":"product_cat-juomat-horeca","7":"product_cat-viinit","8":"product_cat-punaviinit","9":"product_tag-keg","10":"product_tag-marche","11":"product_tag-punaviini","12":"product_tag-sangiovese","13":"product_tag-sol","15":"first","16":"instock","17":"taxable","18":"shipping-taxable","19":"product-type-simple"},"_links":{"self":[{"href":"https:\/\/monditaly.com\/kauppa\/wp-json\/wp\/v2\/product\/8023","targetHints":{"allow":["GET"]}}],"collection":[{"href":"https:\/\/monditaly.com\/kauppa\/wp-json\/wp\/v2\/product"}],"about":[{"href":"https:\/\/monditaly.com\/kauppa\/wp-json\/wp\/v2\/types\/product"}],"wp:featuredmedia":[{"embeddable":true,"href":"https:\/\/monditaly.com\/kauppa\/wp-json\/wp\/v2\/media\/8024"}],"wp:attachment":[{"href":"https:\/\/monditaly.com\/kauppa\/wp-json\/wp\/v2\/media?parent=8023"}],"wp:term":[{"taxonomy":"product_brand","embeddable":true,"href":"https:\/\/monditaly.com\/kauppa\/wp-json\/wp\/v2\/product_brand?post=8023"},{"taxonomy":"product_cat","embeddable":true,"href":"https:\/\/monditaly.com\/kauppa\/wp-json\/wp\/v2\/product_cat?post=8023"},{"taxonomy":"product_tag","embeddable":true,"href":"https:\/\/monditaly.com\/kauppa\/wp-json\/wp\/v2\/product_tag?post=8023"}],"curies":[{"name":"wp","href":"https:\/\/api.w.org\/{rel}","templated":true}]}}