{"id":8030,"date":"2025-12-17T09:48:52","date_gmt":"2025-12-17T07:48:52","guid":{"rendered":"https:\/\/monditaly.com\/kauppa\/?post_type=product&#038;p=8030"},"modified":"2026-01-02T00:35:22","modified_gmt":"2026-01-01T22:35:22","slug":"losi-olio-extravergine-di-oliva-dop-500ml-del-chianti-classico-monocultiva","status":"publish","type":"product","link":"https:\/\/monditaly.com\/kauppa\/tuote\/losi-olio-extravergine-di-oliva-dop-500ml-del-chianti-classico-monocultiva\/","title":{"rendered":"Losi Olio Extravergine di Oliva DOP 500ml del Chianti Classico Monocultiva"},"content":{"rendered":"<h3>Ainesosat \/ Ingredienser:<\/h3>\n<p><span data-sheets-formula-bar-text-style=\"font-size:7px;color:#000000;font-weight:normal;text-decoration:none;font-family:'docs-Lato';font-style:normal;text-decoration-skip-ink:none;\">Ekstraneitsytoliivi\u00f6ljy.\u00a0<\/span><\/p>\n<p><span data-sheets-formula-bar-text-style=\"font-size:7px;color:#000000;font-weight:bold;text-decoration:none;font-family:''docs-Lato'';font-style:normal;text-decoration-skip-ink:none;\">E<\/span><span data-sheets-formula-bar-text-style=\"font-size:7px;color:#000000;font-weight:normal;text-decoration:none;font-family:'docs-Lato';font-style:normal;text-decoration-skip-ink:none;\">xtra-virgin olivolja.\u00a0<\/span><\/p>\n<h3>Ravintoarvot per 100g \/ N\u00e4ringsv\u00e4rde per 100g:<\/h3>\n","protected":false},"excerpt":{"rendered":"<p data-start=\"183\" data-end=\"803\">Olio Extravergine di Oliva DOP Chianti Classico on toscanalainen extra-neitsytoliivi\u00f6ljy, jolla on DOP-alkuper\u00e4merkint\u00e4 (Denominazione di Origine Protetta) Chianti Classico. Se valmistetaan perinteisesti yksitt\u00e4isest\u00e4 oliivilajikkeesta (Correggiolo), jotka korjataan k\u00e4sin ja jalostetaan nopeasti s\u00e4ilytt\u00e4m\u00e4\u00e4n aromit ja laatu. DOP-merkint\u00e4 takaa, ett\u00e4 \u00f6ljy on tuotettu ja jalostettu Chianti Classico -alueella noudattaen s\u00e4\u00e4dettyj\u00e4 laatustandardeja. \u00d6ljyn makuprofiili on usein tasapainoinen ja aromaattinen, ja sit\u00e4 suositellaan k\u00e4ytett\u00e4v\u00e4ksi esimerkiksi salaateissa, leiv\u00e4n kanssa tai pastassa.<\/p>\n<p data-start=\"183\" data-end=\"803\">Olio Extravergine di Oliva DOP Chianti Classico is a Tuscan extra virgin olive oil with the DOP designation (Denominazione di Origine Protetta) Chianti Classico. It is traditionally produced from a single olive variety (Correggiolo), which is hand-harvested and processed quickly to preserve aromas and quality. The DOP certification guarantees that the oil is produced and processed in the Chianti Classico area in accordance with strict quality standards. The flavour profile is typically well balanced and aromatic, and it is recommended for use with salads, bread, or pasta.<\/p>\n<p>Huom. Kuvassa pienempi pullokoko.<\/p>\n","protected":false},"featured_media":8031,"template":"","meta":[],"product_brand":[],"product_cat":[46,110,76,160],"product_tag":[667,361,700,495,629,431,628,149],"class_list":{"0":"post-8030","1":"product","2":"type-product","3":"status-publish","4":"has-post-thumbnail","6":"product_cat-teolliset_elintarvikkeet","7":"product_cat-horeca-teolliset-elintarvikkeet","8":"product_cat-oljyt-balsamicot-ja-etikat-horeca","9":"product_cat-oliivioljyt-horeca","10":"product_tag-chianti","11":"product_tag-chianti-classico","12":"product_tag-correggiolo","13":"product_tag-dop","14":"product_tag-ekstraneitsytoliivioljy","15":"product_tag-extra-virgin-olive-oil","16":"product_tag-oliivioljy","17":"product_tag-olive","18":"product_shipping_class-horeca","20":"first","21":"onbackorder","22":"taxable","23":"shipping-taxable","24":"product-type-simple"},"_links":{"self":[{"href":"https:\/\/monditaly.com\/kauppa\/wp-json\/wp\/v2\/product\/8030","targetHints":{"allow":["GET"]}}],"collection":[{"href":"https:\/\/monditaly.com\/kauppa\/wp-json\/wp\/v2\/product"}],"about":[{"href":"https:\/\/monditaly.com\/kauppa\/wp-json\/wp\/v2\/types\/product"}],"wp:featuredmedia":[{"embeddable":true,"href":"https:\/\/monditaly.com\/kauppa\/wp-json\/wp\/v2\/media\/8031"}],"wp:attachment":[{"href":"https:\/\/monditaly.com\/kauppa\/wp-json\/wp\/v2\/media?parent=8030"}],"wp:term":[{"taxonomy":"product_brand","embeddable":true,"href":"https:\/\/monditaly.com\/kauppa\/wp-json\/wp\/v2\/product_brand?post=8030"},{"taxonomy":"product_cat","embeddable":true,"href":"https:\/\/monditaly.com\/kauppa\/wp-json\/wp\/v2\/product_cat?post=8030"},{"taxonomy":"product_tag","embeddable":true,"href":"https:\/\/monditaly.com\/kauppa\/wp-json\/wp\/v2\/product_tag?post=8030"}],"curies":[{"name":"wp","href":"https:\/\/api.w.org\/{rel}","templated":true}]}}