{"id":8068,"date":"2025-12-30T11:11:10","date_gmt":"2025-12-30T09:11:10","guid":{"rendered":"https:\/\/monditaly.com\/kauppa\/?post_type=product&#038;p=8068"},"modified":"2025-12-30T11:20:54","modified_gmt":"2025-12-30T09:20:54","slug":"gimetal-pyorea-reiallinen-pizzalapio-32cm-120-cm","status":"publish","type":"product","link":"https:\/\/monditaly.com\/kauppa\/tuote\/gimetal-pyorea-reiallinen-pizzalapio-32cm-120-cm\/","title":{"rendered":"GiMetal Py\u00f6re\u00e4 rei\u00e4llinen pizzalapio 32cm\/120 cm"},"content":{"rendered":"","protected":false},"excerpt":{"rendered":"<p>Varsi 120cm, lapion halkaisija 32cm.<\/p>\n<p>Aluminium rectangular perforated peel. Handle 120cm, peel diameter 32cm.<\/p>\n","protected":false},"featured_media":8070,"template":"","meta":[],"product_brand":[],"product_cat":[15,285,286],"product_tag":[702,80,195],"class_list":{"0":"post-8068","1":"product","2":"type-product","3":"status-publish","4":"has-post-thumbnail","6":"product_cat-non-food","7":"product_cat-keittiotarvikkeet","8":"product_cat-pizzatarvikkeet","9":"product_tag-gimetal","10":"product_tag-pizza","11":"product_tag-shovel","12":"product_shipping_class-horeca","14":"first","15":"instock","16":"taxable","17":"shipping-taxable","18":"product-type-simple"},"_links":{"self":[{"href":"https:\/\/monditaly.com\/kauppa\/wp-json\/wp\/v2\/product\/8068","targetHints":{"allow":["GET"]}}],"collection":[{"href":"https:\/\/monditaly.com\/kauppa\/wp-json\/wp\/v2\/product"}],"about":[{"href":"https:\/\/monditaly.com\/kauppa\/wp-json\/wp\/v2\/types\/product"}],"wp:featuredmedia":[{"embeddable":true,"href":"https:\/\/monditaly.com\/kauppa\/wp-json\/wp\/v2\/media\/8070"}],"wp:attachment":[{"href":"https:\/\/monditaly.com\/kauppa\/wp-json\/wp\/v2\/media?parent=8068"}],"wp:term":[{"taxonomy":"product_brand","embeddable":true,"href":"https:\/\/monditaly.com\/kauppa\/wp-json\/wp\/v2\/product_brand?post=8068"},{"taxonomy":"product_cat","embeddable":true,"href":"https:\/\/monditaly.com\/kauppa\/wp-json\/wp\/v2\/product_cat?post=8068"},{"taxonomy":"product_tag","embeddable":true,"href":"https:\/\/monditaly.com\/kauppa\/wp-json\/wp\/v2\/product_tag?post=8068"}],"curies":[{"name":"wp","href":"https:\/\/api.w.org\/{rel}","templated":true}]}}