{"id":808,"date":"2021-06-08T09:23:34","date_gmt":"2021-06-08T06:23:34","guid":{"rendered":"https:\/\/monditaly.com\/kauppa\/?post_type=product&#038;p=808"},"modified":"2024-07-05T14:26:28","modified_gmt":"2024-07-05T11:26:28","slug":"viander-mangiarbene-chilimurska-oljyssa-280g","status":"publish","type":"product","link":"https:\/\/monditaly.com\/kauppa\/tuote\/viander-mangiarbene-chilimurska-oljyssa-280g\/","title":{"rendered":"Viander Mangiarbene chilimurska \u00f6ljyss\u00e4 280g"},"content":{"rendered":"<h3>Ainesosat \/ Ingredienser:<\/h3>\n<p><span data-sheets-formula-bar-text-style=\"font-size:7px;color:#000000;font-weight:normal;text-decoration:none;font-family:'docs-Lato';font-style:normal;text-decoration-skip-ink:none;\">Pilkottu tulinen paprika 60% (EU ja EU:n ulkopuolelta), auringonkukka\u00f6ljy, viinietikka, suola, happamuudens\u00e4\u00e4t\u00f6aine: sitruunahappo (E330). <strong>Sis\u00e4lt\u00e4\u00e4 sulfiitteja.<\/strong> <strong>Voi sis\u00e4lt\u00e4\u00e4 kalaa.<\/strong> Gluteeniton. <\/span><\/p>\n<p><span data-sheets-formula-bar-text-style=\"font-size:7px;color:#000000;font-weight:normal;text-decoration:none;font-family:'docs-Lato';font-style:normal;text-decoration-skip-ink:none;\">Peperoncino-chili 60% (EU och utanf\u00f6r EU), solrosolja, vin\u00e4gar, salt, surhetsreglande medel: citronsyra (E330). <\/span><span data-sheets-formula-bar-text-style=\"font-size:7px;color:#000000;font-weight:bold;text-decoration:none;font-family:''docs-Lato'';font-style:normal;text-decoration-skip-ink:none;\"><strong>Inneh\u00e5ller sulfiter. Kan inneh\u00e5lla fisk.<\/strong><\/span><span data-sheets-formula-bar-text-style=\"font-size:7px;color:#000000;font-weight:normal;text-decoration:none;font-family:'docs-Lato';font-style:normal;text-decoration-skip-ink:none;\"> Glutenfri.<\/span><\/p>\n<h3>Ravintoarvot per 100g \/ N\u00e4ringsv\u00e4rde per 100g:<\/h3>\n<p>Energia \/ Energi 1187kJ \/ 288kcal<br \/>\nRasva \/ Fett 30,3 g<br \/>\njosta tyydyttynytt\u00e4 \/\u00a0varav m\u00e4ttade 3,0 g<br \/>\nHiilihydraatit \/ Kolhydrat 2,5 g<br \/>\njoista sokereita \/ varav sockerarter 1,0 g<br \/>\nKuitu \/ Fiber 0,0 g<br \/>\nProteiini \/ Protein 1,2 g<br \/>\nSuola \/ Salt 2,2 g<\/p>\n","protected":false},"excerpt":{"rendered":"<p>Hienonnettuja tulisia paprikoita auringonkukka\u00f6ljyss\u00e4. Tuote on past\u00f6roitu, ei sis\u00e4ll\u00e4 s\u00e4il\u00f6nt\u00e4aineita. S\u00e4ilytett\u00e4v\u00e4 viile\u00e4ss\u00e4 ja kuivassa paikassa. S\u00e4ilyt\u00e4 avattu tuote j\u00e4\u00e4kaapissa \u00f6ljyss\u00e4 ja k\u00e4yt\u00e4 30 p\u00e4iv\u00e4n sis\u00e4ll\u00e4.<\/p>\n<p>Spicy hot cream pepper.<\/p>\n","protected":false},"featured_media":2000,"template":"","meta":[],"product_brand":[],"product_cat":[111,71,173],"product_tag":[304,325,150,112,133],"class_list":{"0":"post-808","1":"product","2":"type-product","3":"status-publish","4":"has-post-thumbnail","6":"product_cat-yksityisasiakkaat","7":"product_cat-sailykkeet-yksityisasiakkaat","8":"product_cat-tahnat-yksityisasiakkaat","9":"product_tag-gluteeniton","10":"product_tag-gluten-free","11":"product_tag-paste","12":"product_tag-peperoncino","13":"product_tag-pepper","15":"first","16":"instock","17":"taxable","18":"shipping-taxable","19":"product-type-simple"},"_links":{"self":[{"href":"https:\/\/monditaly.com\/kauppa\/wp-json\/wp\/v2\/product\/808","targetHints":{"allow":["GET"]}}],"collection":[{"href":"https:\/\/monditaly.com\/kauppa\/wp-json\/wp\/v2\/product"}],"about":[{"href":"https:\/\/monditaly.com\/kauppa\/wp-json\/wp\/v2\/types\/product"}],"wp:featuredmedia":[{"embeddable":true,"href":"https:\/\/monditaly.com\/kauppa\/wp-json\/wp\/v2\/media\/2000"}],"wp:attachment":[{"href":"https:\/\/monditaly.com\/kauppa\/wp-json\/wp\/v2\/media?parent=808"}],"wp:term":[{"taxonomy":"product_brand","embeddable":true,"href":"https:\/\/monditaly.com\/kauppa\/wp-json\/wp\/v2\/product_brand?post=808"},{"taxonomy":"product_cat","embeddable":true,"href":"https:\/\/monditaly.com\/kauppa\/wp-json\/wp\/v2\/product_cat?post=808"},{"taxonomy":"product_tag","embeddable":true,"href":"https:\/\/monditaly.com\/kauppa\/wp-json\/wp\/v2\/product_tag?post=808"}],"curies":[{"name":"wp","href":"https:\/\/api.w.org\/{rel}","templated":true}]}}