{"id":8087,"date":"2026-01-02T09:45:09","date_gmt":"2026-01-02T07:45:09","guid":{"rendered":"https:\/\/monditaly.com\/kauppa\/?post_type=product&#038;p=8087"},"modified":"2026-01-02T10:00:25","modified_gmt":"2026-01-02T08:00:25","slug":"jean-michel-champagne-cuvee-cep-1ltk-6x075l","status":"publish","type":"product","link":"https:\/\/monditaly.com\/kauppa\/tuote\/jean-michel-champagne-cuvee-cep-1ltk-6x075l\/","title":{"rendered":"Jean Michel Champagne Cuvee CEP 1ltk (6&#215;0,75l)"},"content":{"rendered":"<p>Maa: Ranska<br \/>\nAlue: Champagne<br \/>\nViinityyppi: Champagne<br \/>\nPullokoko: 0,75 l<br \/>\nRyp\u00e4leet: 1\/3 Meunier, 1\/3 Chardonnay, 1\/3 Pinot Noir<br \/>\nSokerit: Brut nature (alle 1 g\/l j\u00e4\u00e4nn\u00f6ssokeria)<br \/>\nSato: 2019<\/p>\n<p>Ryp\u00e4leet poimittu k\u00e4sin. Alkoholik\u00e4yminen l\u00e4mp\u00f6tilas\u00e4\u00e4dellyiss\u00e4 ruostumattomissa ter\u00e4stankeissa. Ei j\u00e4\u00e4hdytyst\u00e4, ei suodatusta. Ei lis\u00e4ttyj\u00e4 sulfiitteja.<\/p>\n<p data-start=\"262\" data-end=\"314\" data-is-last-node=\"\" data-is-only-node=\"\"><br data-start=\"272\" data-end=\"275\" \/><\/p>\n","protected":false},"excerpt":{"rendered":"<p>Erinomainen Champagne AOC Extra Brut, valmistettu Chardonnaysta, Pinot Meunier\u2019st\u00e4 ja Chardonnaysta, erinomainen hinta\u2013laatusuhde. Ainutlaatuinen samppanja, joka on tehty ryp\u00e4leist\u00e4, joiden tarhat viljell\u00e4\u00e4n t\u00e4ysin luonnonmukaisesti: ilman torjunta-aineita ja kemiallisia k\u00e4sittelyj\u00e4, k\u00e4ytt\u00e4en ainoastaan luomuviljelyss\u00e4 sallittuja tuotantomenetelmi\u00e4. Tuoksussa on voimakkaita leivonnaisten, kukkien ja hedelmien vivahteita, ja suussa se on kuiva, tasapainoinen ja hyvin rakenteinen.<\/p>\n<p class=\"p1\">Excellent Champagne AOC Extra Brut based on Chardonnay, Pinot Meunier &amp; Chardonnay quality\/price. Unique Champagne that comes from grapes whose vineyards are cultivated in a completely natural way, without herbicides, without chemical treatments, the only production factors used are allowed in organic farming. You can perceive intense hints of baked goods, flowers and fruit while in the mouth it is dry, balanced and well-structured.<\/p>\n","protected":false},"featured_media":8088,"template":"","meta":[],"product_brand":[],"product_cat":[23,294,355],"product_tag":[371,703,372],"class_list":{"0":"post-8087","1":"product","2":"type-product","3":"status-publish","4":"has-post-thumbnail","6":"product_cat-juomat","7":"product_cat-juomat-horeca","8":"product_cat-kuohuviinit-samppanjat","9":"product_tag-champagne","10":"product_tag-cuvee","11":"product_tag-jean-michel","12":"product_shipping_class-horeca","14":"first","15":"instock","16":"taxable","17":"shipping-taxable","18":"product-type-simple"},"_links":{"self":[{"href":"https:\/\/monditaly.com\/kauppa\/wp-json\/wp\/v2\/product\/8087","targetHints":{"allow":["GET"]}}],"collection":[{"href":"https:\/\/monditaly.com\/kauppa\/wp-json\/wp\/v2\/product"}],"about":[{"href":"https:\/\/monditaly.com\/kauppa\/wp-json\/wp\/v2\/types\/product"}],"wp:featuredmedia":[{"embeddable":true,"href":"https:\/\/monditaly.com\/kauppa\/wp-json\/wp\/v2\/media\/8088"}],"wp:attachment":[{"href":"https:\/\/monditaly.com\/kauppa\/wp-json\/wp\/v2\/media?parent=8087"}],"wp:term":[{"taxonomy":"product_brand","embeddable":true,"href":"https:\/\/monditaly.com\/kauppa\/wp-json\/wp\/v2\/product_brand?post=8087"},{"taxonomy":"product_cat","embeddable":true,"href":"https:\/\/monditaly.com\/kauppa\/wp-json\/wp\/v2\/product_cat?post=8087"},{"taxonomy":"product_tag","embeddable":true,"href":"https:\/\/monditaly.com\/kauppa\/wp-json\/wp\/v2\/product_tag?post=8087"}],"curies":[{"name":"wp","href":"https:\/\/api.w.org\/{rel}","templated":true}]}}