{"id":8089,"date":"2026-01-02T10:14:33","date_gmt":"2026-01-02T08:14:33","guid":{"rendered":"https:\/\/monditaly.com\/kauppa\/?post_type=product&#038;p=8089"},"modified":"2026-01-02T10:27:03","modified_gmt":"2026-01-02T08:27:03","slug":"santome-san-richard-spumante-rosso-1ltk-6x075l","status":"publish","type":"product","link":"https:\/\/monditaly.com\/kauppa\/tuote\/santome-san-richard-spumante-rosso-1ltk-6x075l\/","title":{"rendered":"Santome San Richard Spumante Rosso 1ltk (6&#215;0,75l)"},"content":{"rendered":"<p>Maa: Italia<br \/>\nAlue: Roncade<br \/>\nViinityyppi: Kuohuviini, charmat-menetelm\u00e4 (toinen k\u00e4yminen tapahtuu paineistetussa ruostumattomasta ter\u00e4ksest\u00e4 valmistetussa s\u00e4ili\u00f6ss\u00e4 eli autoklaavissa; viini kypsyy sakan p\u00e4\u00e4ll\u00e4 kuusi kuukautta)<br \/>\nPullokoko: 0,75 l<br \/>\nRyp\u00e4leet: Raboso Piave<br \/>\nSokerit: 28 g\/l<br \/>\nHapot: 7.50 g\/l<br \/>\nAlkoholi: 11,5 %<\/p>\n<p>Suositeltu tarjoilul\u00e4mp\u00f6tila: 8 &#8211; 12\u00b0C<\/p>\n<p>&nbsp;<\/p>\n","protected":false},"excerpt":{"rendered":"<p class=\"p1\">Kuohuviini, jossa Raboso Piaven rohkea ja alkuper\u00e4inen luonne p\u00e4\u00e4see oikeuksiinsa. Punainen kuohuviini, joka sopii kaikkiin tilaisuuksiin. Sen miellytt\u00e4vyytt\u00e4 suussa korostaa Raboso-ryp\u00e4leelle tyypillinen kiehtova hapokkuus. Vangitseva ja viettelev\u00e4.<\/p>\n<p><strong data-start=\"66\" data-end=\"77\">Vaahto:<\/strong> runsas ja kermainen<br data-start=\"97\" data-end=\"100\" \/><strong data-start=\"100\" data-end=\"109\">V\u00e4ri:<\/strong> rubiininpunainen, purppuran s\u00e4vyin<br data-start=\"144\" data-end=\"147\" \/><strong data-start=\"147\" data-end=\"158\">Tuoksu:<\/strong> v\u00e4lit\u00f6n ja miellytt\u00e4v\u00e4. Kukkainen, jossa aistittavissa niittyorvokkia sek\u00e4 mets\u00e4mansikkaa, vadelmaa, karhunvatukkaa ja granaattiomenaa. Lopussa hienovaraisia balsamisia vivahteita.<br data-start=\"339\" data-end=\"342\" data-is-only-node=\"\" \/><strong data-start=\"342\" data-end=\"351\">Maku:<\/strong> raikas ja tasapainoinen; sokerit ovat hyv\u00e4ss\u00e4 harmoniassa luonnollisen hapokkuuden kanssa, ja tanniinit ovat hienostuneet. J\u00e4lkimaku on hedelm\u00e4inen ja pitk\u00e4kestoinen.<\/p>\n<p data-start=\"522\" data-end=\"796\"><strong data-start=\"522\" data-end=\"537\">Keitti\u00f6ss\u00e4:<\/strong> tarjoillaan mieluiten viile\u00e4n\u00e4, 8\u201310 \u00b0C:ssa. Erinomainen leikkeleiden, pizzan, hampurilaisten sek\u00e4 grillattujen lihojen kanssa. Sopii loistavasti my\u00f6s kulhollisen mansikoita seuraksi; l\u00e4mp\u00f6tilan nosto 12 \u00b0C:een tekee siit\u00e4 t\u00e4ydellisen kumppanin j\u00e4lkiruoalle.<\/p>\n<p class=\"p1\">Foam: rich and creamy<br \/>\nColor: ruby red with purple tinges<br \/>\nNose: spontaneous and pleasant. Floral hints of field violets, wild strawberries, raspberries, blackberries and pomegranates. A light nuanced balsamic notes at the end.<br \/>\nPalate: fresh and well-rounded, sugars well balanced with natural acidity, delicate tannins. Fruity persistence in the finish.<\/p>\n<p>In the kitchen: best served at a low temperature of 8\/10\u00b0C. Perfect with charcuterie, pizza, hamburger as well as grilled meats. Ideal with a bowl of strawberries and raising the temperature to 12\u00b0C is a perfect dessert complement.<\/p>\n","protected":false},"featured_media":8090,"template":"","meta":[],"product_brand":[],"product_cat":[23,294,355],"product_tag":[381,474,359,525],"class_list":{"0":"post-8089","1":"product","2":"type-product","3":"status-publish","4":"has-post-thumbnail","6":"product_cat-juomat","7":"product_cat-juomat-horeca","8":"product_cat-kuohuviinit-samppanjat","9":"product_tag-dry","10":"product_tag-rosso","11":"product_tag-santome","12":"product_tag-spumante","13":"product_shipping_class-horeca","15":"first","16":"instock","17":"taxable","18":"shipping-taxable","19":"product-type-simple"},"_links":{"self":[{"href":"https:\/\/monditaly.com\/kauppa\/wp-json\/wp\/v2\/product\/8089","targetHints":{"allow":["GET"]}}],"collection":[{"href":"https:\/\/monditaly.com\/kauppa\/wp-json\/wp\/v2\/product"}],"about":[{"href":"https:\/\/monditaly.com\/kauppa\/wp-json\/wp\/v2\/types\/product"}],"wp:featuredmedia":[{"embeddable":true,"href":"https:\/\/monditaly.com\/kauppa\/wp-json\/wp\/v2\/media\/8090"}],"wp:attachment":[{"href":"https:\/\/monditaly.com\/kauppa\/wp-json\/wp\/v2\/media?parent=8089"}],"wp:term":[{"taxonomy":"product_brand","embeddable":true,"href":"https:\/\/monditaly.com\/kauppa\/wp-json\/wp\/v2\/product_brand?post=8089"},{"taxonomy":"product_cat","embeddable":true,"href":"https:\/\/monditaly.com\/kauppa\/wp-json\/wp\/v2\/product_cat?post=8089"},{"taxonomy":"product_tag","embeddable":true,"href":"https:\/\/monditaly.com\/kauppa\/wp-json\/wp\/v2\/product_tag?post=8089"}],"curies":[{"name":"wp","href":"https:\/\/api.w.org\/{rel}","templated":true}]}}