{"id":810,"date":"2021-06-08T09:42:31","date_gmt":"2021-06-08T06:42:31","guid":{"rendered":"https:\/\/monditaly.com\/kauppa\/?post_type=product&#038;p=810"},"modified":"2025-03-26T18:18:54","modified_gmt":"2025-03-26T16:18:54","slug":"viander-savoiardi-keksi-1ltk","status":"publish","type":"product","link":"https:\/\/monditaly.com\/kauppa\/tuote\/viander-savoiardi-keksi-1ltk\/","title":{"rendered":"Viander Savoiardi keksi 1ltk (400g x 6 kpl)"},"content":{"rendered":"<h3>Ainesosat \/ Ingredienser:<\/h3>\n<p><strong>Vehn\u00e4<\/strong>jauho, sokeri, <strong>kananmuna<\/strong> 26% (vastaa 17% kaikista ainesosista), nostatusaineet (dinatriumfosfaatti, natriumbikarbonaatti, ammoniumkarbonaatti), aromit, suola.<\/p>\n<p><strong>Vete<\/strong>mj\u00f6l, socker, <strong>\u00e4gg<\/strong> 26% (motsvarar 17% av alla ingredienser), lyftmedel (dinatriumfosfat, natriumbikarbonat, ammoniumkarbonat), aro\u00e4mner, salt.<\/p>\n<h3>Ravintoarvot per 100g \/ N\u00e4ringsv\u00e4rde per 100g:<\/h3>\n<p>Energia \/ Energi 1615 kJ \/ 381 kcal<br \/>\nRasva \/ Fett 3,8 g josta tyydyttynytt\u00e4 \/ varav m\u00e4ttade 0,9 g<br \/>\nHiilihydraatit \/ Kolhydrat 78 g joista sokereita \/ varav sockerarter 42 g<br \/>\nKuitu \/ Fiber 2,0 g<br \/>\nProteiini \/ Protein 7,8 g<br \/>\nSuola \/ Salt 0,21 g<\/p>\n","protected":false},"excerpt":{"rendered":"<p><strong>Tuote myyd\u00e4\u00e4n myyntier\u00e4n\u00e4 1 ltk (6 kpl). \/ Sales unit 1 box (6 pcs).<\/strong><\/p>\n<p>Savoiardi-keksit tiramisun valmistukseen tai sellaisinaan nautittaviksi.<\/p>\n<p>Savoiardi biscuits.<\/p>\n","protected":false},"featured_media":2139,"template":"","meta":[],"product_brand":[],"product_cat":[46,110,72,234],"product_tag":[179],"class_list":{"0":"post-810","1":"product","2":"type-product","3":"status-publish","4":"has-post-thumbnail","6":"product_cat-teolliset_elintarvikkeet","7":"product_cat-horeca-teolliset-elintarvikkeet","8":"product_cat-leivat-keksit-ja-leivonnaiset-horeca","9":"product_cat-keksit-horeca","10":"product_tag-biscuit","11":"product_shipping_class-horeca","13":"first","14":"instock","15":"taxable","16":"shipping-taxable","17":"product-type-simple"},"_links":{"self":[{"href":"https:\/\/monditaly.com\/kauppa\/wp-json\/wp\/v2\/product\/810","targetHints":{"allow":["GET"]}}],"collection":[{"href":"https:\/\/monditaly.com\/kauppa\/wp-json\/wp\/v2\/product"}],"about":[{"href":"https:\/\/monditaly.com\/kauppa\/wp-json\/wp\/v2\/types\/product"}],"wp:featuredmedia":[{"embeddable":true,"href":"https:\/\/monditaly.com\/kauppa\/wp-json\/wp\/v2\/media\/2139"}],"wp:attachment":[{"href":"https:\/\/monditaly.com\/kauppa\/wp-json\/wp\/v2\/media?parent=810"}],"wp:term":[{"taxonomy":"product_brand","embeddable":true,"href":"https:\/\/monditaly.com\/kauppa\/wp-json\/wp\/v2\/product_brand?post=810"},{"taxonomy":"product_cat","embeddable":true,"href":"https:\/\/monditaly.com\/kauppa\/wp-json\/wp\/v2\/product_cat?post=810"},{"taxonomy":"product_tag","embeddable":true,"href":"https:\/\/monditaly.com\/kauppa\/wp-json\/wp\/v2\/product_tag?post=810"}],"curies":[{"name":"wp","href":"https:\/\/api.w.org\/{rel}","templated":true}]}}