{"id":8113,"date":"2026-01-07T12:23:14","date_gmt":"2026-01-07T10:23:14","guid":{"rendered":"https:\/\/monditaly.com\/kauppa\/?post_type=product&#038;p=8113"},"modified":"2026-01-07T12:28:55","modified_gmt":"2026-01-07T10:28:55","slug":"sori-fior-di-latte-mozzarella-napoli-pakaste-me-3kg","status":"publish","type":"product","link":"https:\/\/monditaly.com\/kauppa\/tuote\/sori-fior-di-latte-mozzarella-napoli-pakaste-me-3kg\/","title":{"rendered":"Sor\u00ec Fior di Latte Mozzarella Napoli, Pakaste ME 3kg"},"content":{"rendered":"<h3>Ainesosat:<\/h3>\n<p class=\"p1\">Past\u00f6roitu lehm\u00e4nMAITO, hapate, suola, juoksute. Maidon alkuper\u00e4maa: EU. Valmistettu Italiassa.<\/p>\n<p class=\"p1\">Ingredienser:<br \/>\nPast\u00f6riserad KOMJ\u00d6LK, syrakultur, salt, l\u00f6pe. Mj\u00f6lkens ursprung: EU. Tillverkat i Italien<\/p>\n<h3>Ravintoarvot\/ N\u00e4ringsv\u00e4rde per 100g:<\/h3>\n<p class=\"p2\">Energia\/ energi 1061 kJ\/256 Kcal<br \/>\nRasva\/Fett 21g<br \/>\njoista tyydyttynytt\u00e4\/ varav m\u00e4ttade 14g<br \/>\nHiilihydraatit\/ kolhydrater 0,7g<br \/>\njosta sokereita\/varav sockerarter 0,7g<br \/>\nProteiini\/ protein 16g<br \/>\nSuola\/salt 0,57g<\/p>\n","protected":false},"excerpt":{"rendered":"<p class=\"p1\">Hapokas ja aromaattinen Sor\u00ecn Fior di Latte on korkealaatuinen mozzarellajuusto (Julienne-leikkaus), joka sulaa kauniisti pizzan p\u00e4\u00e4lle. Pakaste.<\/p>\n<p class=\"p1\">Tangy and aromatic Sor\u00ec Fior di Latte Julienne Special Cut is a high-quality mozzarella cheese that melts beautifully on top of pizza. Frozen.<\/p>\n","protected":false},"featured_media":7095,"template":"","meta":[],"product_brand":[],"product_cat":[61,171,263],"product_tag":[476,533,200,539,203,496],"class_list":{"0":"post-8113","1":"product","2":"type-product","3":"status-publish","4":"has-post-thumbnail","6":"product_cat-pakasteet","7":"product_cat-pakasteet-horeca","8":"product_cat-pakastejuustot-horeca","9":"product_tag-fiordilatte","10":"product_tag-julienne","11":"product_tag-mozzarella","12":"product_tag-napoli","13":"product_tag-pakaste","14":"product_tag-sori","15":"product_shipping_class-viileat-pakaste","17":"first","18":"instock","19":"taxable","20":"shipping-taxable","21":"product-type-simple"},"_links":{"self":[{"href":"https:\/\/monditaly.com\/kauppa\/wp-json\/wp\/v2\/product\/8113","targetHints":{"allow":["GET"]}}],"collection":[{"href":"https:\/\/monditaly.com\/kauppa\/wp-json\/wp\/v2\/product"}],"about":[{"href":"https:\/\/monditaly.com\/kauppa\/wp-json\/wp\/v2\/types\/product"}],"wp:featuredmedia":[{"embeddable":true,"href":"https:\/\/monditaly.com\/kauppa\/wp-json\/wp\/v2\/media\/7095"}],"wp:attachment":[{"href":"https:\/\/monditaly.com\/kauppa\/wp-json\/wp\/v2\/media?parent=8113"}],"wp:term":[{"taxonomy":"product_brand","embeddable":true,"href":"https:\/\/monditaly.com\/kauppa\/wp-json\/wp\/v2\/product_brand?post=8113"},{"taxonomy":"product_cat","embeddable":true,"href":"https:\/\/monditaly.com\/kauppa\/wp-json\/wp\/v2\/product_cat?post=8113"},{"taxonomy":"product_tag","embeddable":true,"href":"https:\/\/monditaly.com\/kauppa\/wp-json\/wp\/v2\/product_tag?post=8113"}],"curies":[{"name":"wp","href":"https:\/\/api.w.org\/{rel}","templated":true}]}}