{"id":812,"date":"2021-06-08T09:49:56","date_gmt":"2021-06-08T06:49:56","guid":{"rendered":"https:\/\/monditaly.com\/kauppa\/?post_type=product&#038;p=812"},"modified":"2024-07-07T22:02:39","modified_gmt":"2024-07-07T19:02:39","slug":"amaretti-keksi-1ltk","status":"publish","type":"product","link":"https:\/\/monditaly.com\/kauppa\/tuote\/amaretti-keksi-1ltk\/","title":{"rendered":"Amaretti keksi 1 ltk (500g x 4 kpl)"},"content":{"rendered":"<h3>Ainesosat \/ Ingredienser:<\/h3>\n<h3>Ravintoarvot per 100g \/ N\u00e4ringsv\u00e4rde per 100g:<\/h3>\n","protected":false},"excerpt":{"rendered":"<p>Valmistettu manteleista, sokerista ja munanvalkuaisista. Voidaan tarjota j\u00e4lkiruokaviinin, lik\u00f6\u00f6rin tai kahvin kanssa. K\u00e4ytet\u00e4\u00e4n my\u00f6s pohjana j\u00e4lkiruoissa.<\/p>\n<p>Amaretti biscuits. Made from almonds along with sugar and egg whites.<\/p>\n","protected":false},"featured_media":4054,"template":"","meta":[],"product_brand":[],"product_cat":[110,72,234],"product_tag":[179],"class_list":{"0":"post-812","1":"product","2":"type-product","3":"status-publish","4":"has-post-thumbnail","6":"product_cat-horeca-teolliset-elintarvikkeet","7":"product_cat-leivat-keksit-ja-leivonnaiset-horeca","8":"product_cat-keksit-horeca","9":"product_tag-biscuit","10":"product_shipping_class-horeca","12":"first","13":"onbackorder","14":"taxable","15":"shipping-taxable","16":"product-type-simple"},"_links":{"self":[{"href":"https:\/\/monditaly.com\/kauppa\/wp-json\/wp\/v2\/product\/812","targetHints":{"allow":["GET"]}}],"collection":[{"href":"https:\/\/monditaly.com\/kauppa\/wp-json\/wp\/v2\/product"}],"about":[{"href":"https:\/\/monditaly.com\/kauppa\/wp-json\/wp\/v2\/types\/product"}],"wp:featuredmedia":[{"embeddable":true,"href":"https:\/\/monditaly.com\/kauppa\/wp-json\/wp\/v2\/media\/4054"}],"wp:attachment":[{"href":"https:\/\/monditaly.com\/kauppa\/wp-json\/wp\/v2\/media?parent=812"}],"wp:term":[{"taxonomy":"product_brand","embeddable":true,"href":"https:\/\/monditaly.com\/kauppa\/wp-json\/wp\/v2\/product_brand?post=812"},{"taxonomy":"product_cat","embeddable":true,"href":"https:\/\/monditaly.com\/kauppa\/wp-json\/wp\/v2\/product_cat?post=812"},{"taxonomy":"product_tag","embeddable":true,"href":"https:\/\/monditaly.com\/kauppa\/wp-json\/wp\/v2\/product_tag?post=812"}],"curies":[{"name":"wp","href":"https:\/\/api.w.org\/{rel}","templated":true}]}}