{"id":816,"date":"2021-06-08T10:17:24","date_gmt":"2021-06-08T07:17:24","guid":{"rendered":"https:\/\/monditaly.com\/kauppa\/?post_type=product&#038;p=816"},"modified":"2024-07-06T13:10:03","modified_gmt":"2024-07-06T10:10:03","slug":"viander-tiramisu-valmiste-310g","status":"publish","type":"product","link":"https:\/\/monditaly.com\/kauppa\/tuote\/viander-tiramisu-valmiste-310g\/","title":{"rendered":"Viander tiramisu valmiste 310g"},"content":{"rendered":"<h3>Ainesosat \/ Ingredienser:<\/h3>\n<p>Sokeri, jauhettu glykoosisiirappi, kasviskookosrasva, muunnettu t\u00e4rkkelys, maitoproteiini, stabilointiaine: E340ii, E452i, sakeuttamisaine E401, aromit, emulgointiaineet: E471, safloriuute, rasvaton maitojauhe, paakkuuntumisenestoaine: E341iii, v\u00e4riaine E160b. Saattaa sis\u00e4lt\u00e4\u00e4 <strong>kananmunia, p\u00e4hkin\u00f6it\u00e4, soijaa<\/strong>. Gluteeniton.<\/p>\n<p>Socker, pulveriserad glykosirap, vegetabiliskt kokosfett, modifierad st\u00e4rkelse, mj\u00f6lkprotein, stabiliseringsmedel: E340ii, E452i, f\u00f6rtjockningsmedel E401, arom\u00e4mne, emulgeringsmedel: E471, safflor extrakt, skummj\u00f6lkspulver, klumpf\u00f6rebyggande medel: E341iii, f\u00e4rg\u00e4mne E160b. Kan inneh\u00e5lla <strong>\u00e4gg, n\u00f6tter, soja<\/strong>. Glutenfri.<\/p>\n<h3>Ravintoarvot per 100g \/ N\u00e4ringsv\u00e4rde per 100g:<\/h3>\n<p>Energia \/ Energi 1963 kJ \/ 466 kcal<br \/>\nRasva \/ Fett 14 g<br \/>\njosta tyydyttynytt\u00e4 \/ varav m\u00e4ttade 13 g<br \/>\nHiilihydraatit \/ Kolhydrater 83 g<br \/>\njoista sokereita \/ varav sockerarter 57 g<br \/>\nProteiini \/ Protein 2,2 g<br \/>\nSuola \/ Salt 0,49 g<\/p>\n","protected":false},"excerpt":{"rendered":"<p>Pakkaus sis\u00e4lt\u00e4\u00e4: 200g savoiardi-keksej\u00e4, 100g kermavalmistetta ja 10g kaakaojauhetta. Lis\u00e4t\u00e4\u00e4n: 400ml kylm\u00e4\u00e4 maitoa ja 200ml kahvia.<\/p>\n<p>Valmistaminen:<br \/>\n1. Laita kermavalmiste astiaan, lis\u00e4\u00e4 400ml maitoa ja vatkaa nopealla teholla muutaman minuutin ajan.<br \/>\n2. Kasta 12 savoiardi-keksi\u00e4 nopeasti kahviin ja asettele ne sen j\u00e4lkeen tarjoiluvuokaan ja peit\u00e4 ne k\u00e4ytt\u00e4en noin puolet kermavalmisteesta. Tee sama lopuille savoiardeille ja ripottele lopuksi kaakaojauhetta p\u00e4\u00e4lle.<br \/>\n3. Laita j\u00e4lkiruoka j\u00e4\u00e4kaappiin v\u00e4hint\u00e4\u00e4n tunniksi ennen tarjoamista.<\/p>\n<p>S\u00e4ilytett\u00e4v\u00e4 viile\u00e4ss\u00e4 ja kuivassa ja poissa auringonvalosta. Valmistettu Italiassa.<\/p>\n<p>Tiramisu preparation.<\/p>\n","protected":false},"featured_media":2255,"template":"","meta":[],"product_brand":[],"product_cat":[46,110,74,158],"product_tag":[304,325,116,183],"class_list":{"0":"post-816","1":"product","2":"type-product","3":"status-publish","4":"has-post-thumbnail","6":"product_cat-teolliset_elintarvikkeet","7":"product_cat-horeca-teolliset-elintarvikkeet","8":"product_cat-kuivat-elintarvikkeet-horeca","9":"product_cat-valmisteet-jauhe-horeca","10":"product_tag-gluteeniton","11":"product_tag-gluten-free","12":"product_tag-jalkiruoka","13":"product_tag-tiramisu","14":"product_shipping_class-horeca","16":"first","17":"instock","18":"taxable","19":"shipping-taxable","20":"product-type-simple"},"_links":{"self":[{"href":"https:\/\/monditaly.com\/kauppa\/wp-json\/wp\/v2\/product\/816","targetHints":{"allow":["GET"]}}],"collection":[{"href":"https:\/\/monditaly.com\/kauppa\/wp-json\/wp\/v2\/product"}],"about":[{"href":"https:\/\/monditaly.com\/kauppa\/wp-json\/wp\/v2\/types\/product"}],"wp:featuredmedia":[{"embeddable":true,"href":"https:\/\/monditaly.com\/kauppa\/wp-json\/wp\/v2\/media\/2255"}],"wp:attachment":[{"href":"https:\/\/monditaly.com\/kauppa\/wp-json\/wp\/v2\/media?parent=816"}],"wp:term":[{"taxonomy":"product_brand","embeddable":true,"href":"https:\/\/monditaly.com\/kauppa\/wp-json\/wp\/v2\/product_brand?post=816"},{"taxonomy":"product_cat","embeddable":true,"href":"https:\/\/monditaly.com\/kauppa\/wp-json\/wp\/v2\/product_cat?post=816"},{"taxonomy":"product_tag","embeddable":true,"href":"https:\/\/monditaly.com\/kauppa\/wp-json\/wp\/v2\/product_tag?post=816"}],"curies":[{"name":"wp","href":"https:\/\/api.w.org\/{rel}","templated":true}]}}