{"id":819,"date":"2021-06-08T10:47:37","date_gmt":"2021-06-08T07:47:37","guid":{"rendered":"https:\/\/monditaly.com\/kauppa\/?post_type=product&#038;p=819"},"modified":"2024-07-06T13:04:37","modified_gmt":"2024-07-06T10:04:37","slug":"goccia-doro-aceto-vaalea-balsamico-1ltk","status":"publish","type":"product","link":"https:\/\/monditaly.com\/kauppa\/tuote\/goccia-doro-aceto-vaalea-balsamico-1ltk\/","title":{"rendered":"Goccia d&#8217;Oro Aceto vaalea balsamico 1ltk (500ml x 12 kpl)"},"content":{"rendered":"<h3>Ainesosat \/ Ingredienser:<\/h3>\n<h3>Ravintoarvot per 100g \/ N\u00e4ringsv\u00e4rde per 100g:<\/h3>\n","protected":false},"excerpt":{"rendered":"<p>Vaalea balsamico kevyehk\u00f6n makealla aromilla ja tasapainoisella hapokkuudella. Sopii p\u00e4ivitt\u00e4iseen ruoanlaittoon ja salaatteihin.<\/p>\n<p>Made from white wine vinegar and concentrated grape must. Grapes have been grown in the Modena region of Italy. Slightly sweet flavor with a moderate amount of acidity.<\/p>\n","protected":false},"featured_media":2524,"template":"","meta":[],"product_brand":[],"product_cat":[46,110,76,161],"product_tag":[414],"class_list":{"0":"post-819","1":"product","2":"type-product","3":"status-publish","4":"has-post-thumbnail","6":"product_cat-teolliset_elintarvikkeet","7":"product_cat-horeca-teolliset-elintarvikkeet","8":"product_cat-oljyt-balsamicot-ja-etikat-horeca","9":"product_cat-balsamicot-horeca","10":"product_tag-balsamic","11":"product_shipping_class-horeca","13":"first","14":"instock","15":"taxable","16":"shipping-taxable","17":"product-type-simple"},"_links":{"self":[{"href":"https:\/\/monditaly.com\/kauppa\/wp-json\/wp\/v2\/product\/819","targetHints":{"allow":["GET"]}}],"collection":[{"href":"https:\/\/monditaly.com\/kauppa\/wp-json\/wp\/v2\/product"}],"about":[{"href":"https:\/\/monditaly.com\/kauppa\/wp-json\/wp\/v2\/types\/product"}],"wp:featuredmedia":[{"embeddable":true,"href":"https:\/\/monditaly.com\/kauppa\/wp-json\/wp\/v2\/media\/2524"}],"wp:attachment":[{"href":"https:\/\/monditaly.com\/kauppa\/wp-json\/wp\/v2\/media?parent=819"}],"wp:term":[{"taxonomy":"product_brand","embeddable":true,"href":"https:\/\/monditaly.com\/kauppa\/wp-json\/wp\/v2\/product_brand?post=819"},{"taxonomy":"product_cat","embeddable":true,"href":"https:\/\/monditaly.com\/kauppa\/wp-json\/wp\/v2\/product_cat?post=819"},{"taxonomy":"product_tag","embeddable":true,"href":"https:\/\/monditaly.com\/kauppa\/wp-json\/wp\/v2\/product_tag?post=819"}],"curies":[{"name":"wp","href":"https:\/\/api.w.org\/{rel}","templated":true}]}}