{"id":820,"date":"2021-06-08T10:51:40","date_gmt":"2021-06-08T07:51:40","guid":{"rendered":"https:\/\/monditaly.com\/kauppa\/?post_type=product&#038;p=820"},"modified":"2025-12-03T22:52:45","modified_gmt":"2025-12-03T20:52:45","slug":"goccia-doro-ekstraneitsytoliivioljy-tryffelilla-250ml","status":"publish","type":"product","link":"https:\/\/monditaly.com\/kauppa\/tuote\/goccia-doro-ekstraneitsytoliivioljy-tryffelilla-250ml\/","title":{"rendered":"Goccia d&#8217;Oro ekstraneitsytoliivi\u00f6ljy tryffelill\u00e4 250ml"},"content":{"rendered":"<h3>Ainesosat \/ Ingredienser:<\/h3>\n<p>Extra Virgin oliivi\u00f6ljy, valkoinen tryffeli (Tuber magnacum Pico) 2%, aromit.<\/p>\n<p>Extra Virgin olivolja, vit tryffel (Tuber magnacum Pico) 2%, smak\u00e4mnen.<\/p>\n<h3>Ravintoarvot per 100g \/ N\u00e4ringsv\u00e4rde per 100g:<\/h3>\n<p>Energia \/ Energi 3404 kJ \/ 828 kcal<br \/>\nRasva \/ Fett 92 g<br \/>\njosta tyydyttynytt\u00e4 \/ varav m\u00e4ttade 14 g<br \/>\njosta kertatyydyttym\u00e4tt\u00f6mi\u00e4 69 g, monityydyttym\u00e4tt\u00f6mi\u00e4 9,0 g \/ varav enkelom\u00e4ttad 69 g, flerom\u00e4ttad 9,0 g<br \/>\nHiilihydraatit \/ Kolhydrater 0 g<br \/>\njoista sokereita \/ varav sockerarter 0 g<br \/>\nProteiini \/ Protein 0 g<br \/>\nSuola \/ Salt 0 g<\/p>\n","protected":false},"excerpt":{"rendered":"<p>Ekstraneitsytoliivi\u00f6ljy tryffelill\u00e4.<\/p>\n<p>Extra virgin olive oil with truffle.<\/p>\n","protected":false},"featured_media":2243,"template":"","meta":[],"product_brand":[],"product_cat":[46,76,160],"product_tag":[185,184,138,186],"class_list":{"0":"post-820","1":"product","2":"type-product","3":"status-publish","4":"has-post-thumbnail","6":"product_cat-teolliset_elintarvikkeet","7":"product_cat-oljyt-balsamicot-ja-etikat-horeca","8":"product_cat-oliivioljyt-horeca","9":"product_tag-extra","10":"product_tag-oil","11":"product_tag-truffle","12":"product_tag-virgin","13":"product_shipping_class-horeca","15":"first","16":"instock","17":"taxable","18":"shipping-taxable","19":"product-type-simple"},"_links":{"self":[{"href":"https:\/\/monditaly.com\/kauppa\/wp-json\/wp\/v2\/product\/820","targetHints":{"allow":["GET"]}}],"collection":[{"href":"https:\/\/monditaly.com\/kauppa\/wp-json\/wp\/v2\/product"}],"about":[{"href":"https:\/\/monditaly.com\/kauppa\/wp-json\/wp\/v2\/types\/product"}],"wp:featuredmedia":[{"embeddable":true,"href":"https:\/\/monditaly.com\/kauppa\/wp-json\/wp\/v2\/media\/2243"}],"wp:attachment":[{"href":"https:\/\/monditaly.com\/kauppa\/wp-json\/wp\/v2\/media?parent=820"}],"wp:term":[{"taxonomy":"product_brand","embeddable":true,"href":"https:\/\/monditaly.com\/kauppa\/wp-json\/wp\/v2\/product_brand?post=820"},{"taxonomy":"product_cat","embeddable":true,"href":"https:\/\/monditaly.com\/kauppa\/wp-json\/wp\/v2\/product_cat?post=820"},{"taxonomy":"product_tag","embeddable":true,"href":"https:\/\/monditaly.com\/kauppa\/wp-json\/wp\/v2\/product_tag?post=820"}],"curies":[{"name":"wp","href":"https:\/\/api.w.org\/{rel}","templated":true}]}}