{"id":821,"date":"2021-06-08T10:56:45","date_gmt":"2021-06-08T07:56:45","guid":{"rendered":"https:\/\/monditaly.com\/kauppa\/?post_type=product&#038;p=821"},"modified":"2024-08-09T19:52:36","modified_gmt":"2024-08-09T16:52:36","slug":"casa-temporin-linguine-tuorepasta-kananmunista-1ltk-1kg-x-5kpl","status":"publish","type":"product","link":"https:\/\/monditaly.com\/kauppa\/tuote\/casa-temporin-linguine-tuorepasta-kananmunista-1ltk-1kg-x-5kpl\/","title":{"rendered":"Casa Temporin Linguine tuorepasta kananmunista 1ltk (1kg x 5 kpl)"},"content":{"rendered":"<h3>Ainesosat:<\/h3>\n<p><span data-sheets-formula-bar-text-style=\"font-size:7px;color:#000000;font-weight:normal;text-decoration:none;font-family:'docs-Lato';font-style:normal;text-decoration-skip-ink:none;\">Durumvehn\u00e4suurimot, kananmunat 20%. <\/span><strong>Sis\u00e4lt\u00e4\u00e4 gluteenia, kananmunia. Saattaa sis\u00e4lt\u00e4\u00e4 j\u00e4\u00e4mi\u00e4 kalasta, nilvi\u00e4isist\u00e4, \u00e4yri\u00e4isist\u00e4, p\u00e4hkin\u00f6ist\u00e4, sinapista, soijasta, sellerist\u00e4, maidosta ja sen johdannaisista.<\/strong><\/p>\n<p><span data-sheets-formula-bar-text-style=\"font-size:7px;color:#000000;font-weight:normal;text-decoration:none;font-family:'docs-Lato';font-style:normal;text-decoration-skip-ink:none;\">Durumvetemj\u00f6l, \u00e4gg 20%. <\/span><strong>Inneh\u00e5ller gluten, \u00e4gg. Kan inneh\u00e5lla sp\u00e5r av fisk, mollusk, skaldjur, n\u00f6tter, senap, soja, selleri, mj\u00f6lk och mj\u00f6lkbaserade produkter.<\/strong><\/p>\n<h3>Ravintoarvot per 100g:<\/h3>\n<p>Energia \/ Energi 1253 kJ \/ 296 kcal<br \/>\nRasva \/ Fett 2,8 g josta tyydyttynytt\u00e4 \/ varav m\u00e4ttade 0,8 g<br \/>\nHiilihydraatit \/ Kolhydrat 55 g joista sokereita \/ varav sockerarter 1,7 g<br \/>\nProteiini \/ Protein 11 g<br \/>\nSuola \/ Salt 0,09 g<\/p>\n","protected":false},"excerpt":{"rendered":"<p><strong>Tuote myyd<\/strong><strong>\u00e4\u00e4n myyntier\u00e4n\u00e4 1 ltk (5 kpl). \/ Sales unit 1 box (5 pcs).<\/strong><\/p>\n<p>Tuorepastaa kananmunista ja durumvehn\u00e4suurimoista. Pakattu suojakaasuun.<\/p>\n<p>Linguine fresh egg pasta.<\/p>\n","protected":false},"featured_media":1268,"template":"","meta":[],"product_brand":[],"product_cat":[36,163,164],"product_tag":[],"class_list":{"0":"post-821","1":"product","2":"type-product","3":"status-publish","4":"has-post-thumbnail","6":"product_cat-viileat","7":"product_cat-viileat-horeca","8":"product_cat-tuorepasta-horeca","9":"product_shipping_class-viileat-pakaste","11":"first","12":"onbackorder","13":"taxable","14":"shipping-taxable","15":"product-type-simple"},"_links":{"self":[{"href":"https:\/\/monditaly.com\/kauppa\/wp-json\/wp\/v2\/product\/821","targetHints":{"allow":["GET"]}}],"collection":[{"href":"https:\/\/monditaly.com\/kauppa\/wp-json\/wp\/v2\/product"}],"about":[{"href":"https:\/\/monditaly.com\/kauppa\/wp-json\/wp\/v2\/types\/product"}],"wp:featuredmedia":[{"embeddable":true,"href":"https:\/\/monditaly.com\/kauppa\/wp-json\/wp\/v2\/media\/1268"}],"wp:attachment":[{"href":"https:\/\/monditaly.com\/kauppa\/wp-json\/wp\/v2\/media?parent=821"}],"wp:term":[{"taxonomy":"product_brand","embeddable":true,"href":"https:\/\/monditaly.com\/kauppa\/wp-json\/wp\/v2\/product_brand?post=821"},{"taxonomy":"product_cat","embeddable":true,"href":"https:\/\/monditaly.com\/kauppa\/wp-json\/wp\/v2\/product_cat?post=821"},{"taxonomy":"product_tag","embeddable":true,"href":"https:\/\/monditaly.com\/kauppa\/wp-json\/wp\/v2\/product_tag?post=821"}],"curies":[{"name":"wp","href":"https:\/\/api.w.org\/{rel}","templated":true}]}}