{"id":8243,"date":"2026-02-09T12:39:45","date_gmt":"2026-02-09T10:39:45","guid":{"rendered":"https:\/\/monditaly.com\/kauppa\/?post_type=product&#038;p=8243"},"modified":"2026-02-09T13:38:08","modified_gmt":"2026-02-09T11:38:08","slug":"bonetto-tonnikala-skipjack-auringonkukkaoljyssa-1-kg-me-1-kpl","status":"publish","type":"product","link":"https:\/\/monditaly.com\/kauppa\/tuote\/bonetto-tonnikala-skipjack-auringonkukkaoljyssa-1-kg-me-1-kpl\/","title":{"rendered":"Bonetto Tonnikala Skipjack auringonkukka\u00f6ljyss\u00e4 1 kg (ME 1 kpl)"},"content":{"rendered":"<h2 class=\"p1\">Ainesosat: Skipjack-tonnikala (Skipjack \u2013 <i>Katsuwonus pelamis<\/i>), auringonkukka\u00f6ljy, suola.<br \/>\nIngredients: Skipjack tuna (Skipjack \u2013 Katsuwonus pelamis), sunflower oil, salt.<\/h2>\n<p class=\"p1\">Kun saalis on pyydetty, raaka-aineet toimitetaan valtuutettuihin teollisuuslaitoksiin, joissa sovelletaan lain edellytt\u00e4mi\u00e4 prosessointimenetelmi\u00e4 ja tarkastuksia. Pyydetty kala leikataan poikittaisiksi paloiksi ja pakataan oliivi\u00f6ljyn kanssa sopivaan pussiin, jonka j\u00e4lkeen se k\u00e4y l\u00e4pi sulkemis-, sterilointi-, merkint\u00e4- ja pakkausprosessit.<\/p>\n<p class=\"p1\">Kalastusalue, jolta tuote on per\u00e4isin: Ecuador (kalastustuote FAO-alueelta 87). Pakattu alumiinipussiin.<\/p>\n<p class=\"p1\">After being fished, the raw materials arrive at authorised plants, in which all the processing methods and checks required by law are applied. The caught fish is cut into transversal segments, packaged with olive oil in its appropriate bag, which then undergo the processes of sealing, sterilization, labelling and packaging.<\/p>\n<p class=\"p1\">Fishing area the product comes from Ecuador (fishing product from zone FAO 87). Packed in an aluminum pouch.<\/p>\n","protected":false},"excerpt":{"rendered":"<p class=\"p1\"><b><br \/>\n<\/b>Mureat ja kevyet skipjack-tonnikalapalat auringonkukka\u00f6ljyss\u00e4. Ne sopivat k\u00e4ytett\u00e4v\u00e4ksi l\u00e4mpim\u00e4n\u00e4 p\u00e4\u00e4ruoissa tai kylm\u00e4n\u00e4 t\u00e4ytteen\u00e4 voileipiin ja crostineihin sek\u00e4 pizzan p\u00e4\u00e4lle.<br \/>\nTender and light skipjack tuna steaks in sunflower oil. It could be used warm on main courses or cold as a filling for sandwiches and crostini, and pizza topping.<\/p>\n","protected":false},"featured_media":8245,"template":"","meta":[],"product_brand":[],"product_cat":[46,110,70,82],"product_tag":[709,707,708,710],"class_list":{"0":"post-8243","1":"product","2":"type-product","3":"status-publish","4":"has-post-thumbnail","6":"product_cat-teolliset_elintarvikkeet","7":"product_cat-horeca-teolliset-elintarvikkeet","8":"product_cat-sailykkeet-horeca","9":"product_cat-kalatuotteet-horeca","10":"product_tag-bonetto","11":"product_tag-skipjack","12":"product_tag-tonnikala","13":"product_tag-tonnikalafile","15":"first","16":"instock","17":"taxable","18":"shipping-taxable","19":"product-type-simple"},"_links":{"self":[{"href":"https:\/\/monditaly.com\/kauppa\/wp-json\/wp\/v2\/product\/8243","targetHints":{"allow":["GET"]}}],"collection":[{"href":"https:\/\/monditaly.com\/kauppa\/wp-json\/wp\/v2\/product"}],"about":[{"href":"https:\/\/monditaly.com\/kauppa\/wp-json\/wp\/v2\/types\/product"}],"wp:featuredmedia":[{"embeddable":true,"href":"https:\/\/monditaly.com\/kauppa\/wp-json\/wp\/v2\/media\/8245"}],"wp:attachment":[{"href":"https:\/\/monditaly.com\/kauppa\/wp-json\/wp\/v2\/media?parent=8243"}],"wp:term":[{"taxonomy":"product_brand","embeddable":true,"href":"https:\/\/monditaly.com\/kauppa\/wp-json\/wp\/v2\/product_brand?post=8243"},{"taxonomy":"product_cat","embeddable":true,"href":"https:\/\/monditaly.com\/kauppa\/wp-json\/wp\/v2\/product_cat?post=8243"},{"taxonomy":"product_tag","embeddable":true,"href":"https:\/\/monditaly.com\/kauppa\/wp-json\/wp\/v2\/product_tag?post=8243"}],"curies":[{"name":"wp","href":"https:\/\/api.w.org\/{rel}","templated":true}]}}