{"id":8247,"date":"2026-02-10T15:08:41","date_gmt":"2026-02-10T13:08:41","guid":{"rendered":"https:\/\/monditaly.com\/kauppa\/?post_type=product&#038;p=8247"},"modified":"2026-02-10T15:32:57","modified_gmt":"2026-02-10T13:32:57","slug":"sori-provola-affumicata-3-kg","status":"publish","type":"product","link":"https:\/\/monditaly.com\/kauppa\/tuote\/sori-provola-affumicata-3-kg\/","title":{"rendered":"SOR\u00cc Provola affumicata, ME 3 kg (250g x 12)"},"content":{"rendered":"<h3>Ainesosat:<\/h3>\n<p class=\"p1\">Past\u00f6roitu lehm\u00e4nMAITO, hapate, suola, juoksute. Maidon alkuper\u00e4maa: EU-maat. Valmistusmaa: Italia<br \/>\n<span style=\"font-size: 14.4px;\">Ingredients: <\/span><span style=\"font-size: 14.4px;\">Pasteurized cow\u2019s MILK, lactic cultures, salt, rennet. <\/span><span style=\"font-size: 14.4px;\">Country of milking: milk from EU countries. <\/span><span style=\"font-size: 14.4px;\">Country of processing: Italy<\/span><\/p>\n<h3>Ravintoarvot\/ N\u00e4ringsv\u00e4rde per 100g:<\/h3>\n<p class=\"p1\">Energia 876 kJ\/ 211 kcal<br \/>\nRasva 16 g<br \/>\njosta tyydyttynytt\u00e4 11 g<br \/>\n<span style=\"font-size: 14.4px;\">Hiilihydraatit 0,7 g<br \/>\n<\/span>joista sokereita 0,7g<br \/>\nRavintokuitu 0,0 g<br \/>\nProteiini 16,0 g<br \/>\nSuola 0,57 g<\/p>\n","protected":false},"excerpt":{"rendered":"<p class=\"p1\">Tuoreesta lehm\u00e4nmaidosta valmistettu savunmakuinen juusto edustaa italialaisen pasta filata -meijeriperinteen parhaimmistoa. Provolalle on ominaista kullanruskea pinta ja pehme\u00e4, venyv\u00e4 rakenne. Juustolla on erinomaiset sulamisominaisuudet. Innovatiivinen mikrorei\u2019itetty pakkaus takaa erinomaisen s\u00e4ilyvyyden ja s\u00e4ilytt\u00e4\u00e4 juuston tuoreuden sek\u00e4 autenttisen maun.<\/p>\n<p>Made from fresh cow\u2019s milk, this smoked-flavoured cheese represents the best of the Italian pasta filata dairy tradition. Provola is characterized by its golden-brown rind and soft, stretchy texture. The cheese has excellent melting properties. The innovative micro-perforated packaging ensures optimal preservation, maintaining the cheese\u2019s freshness and authentic flavour.<\/p>\n","protected":false},"featured_media":8248,"template":"","meta":[],"product_brand":[],"product_cat":[110,36,163,246,248],"product_tag":[711,476,713,505,712,441,496],"class_list":{"0":"post-8247","1":"product","2":"type-product","3":"status-publish","4":"has-post-thumbnail","6":"product_cat-horeca-teolliset-elintarvikkeet","7":"product_cat-viileat","8":"product_cat-viileat-horeca","9":"product_cat-juustot-horeca","10":"product_cat-pehmeat-juustot-horeca","11":"product_tag-affumicata","12":"product_tag-fiordilatte","13":"product_tag-pastafilata","14":"product_tag-provola","15":"product_tag-savujuusto","16":"product_tag-savustettu","17":"product_tag-sori","18":"product_shipping_class-viileat-pakaste","20":"first","21":"instock","22":"taxable","23":"shipping-taxable","24":"product-type-simple"},"_links":{"self":[{"href":"https:\/\/monditaly.com\/kauppa\/wp-json\/wp\/v2\/product\/8247","targetHints":{"allow":["GET"]}}],"collection":[{"href":"https:\/\/monditaly.com\/kauppa\/wp-json\/wp\/v2\/product"}],"about":[{"href":"https:\/\/monditaly.com\/kauppa\/wp-json\/wp\/v2\/types\/product"}],"wp:featuredmedia":[{"embeddable":true,"href":"https:\/\/monditaly.com\/kauppa\/wp-json\/wp\/v2\/media\/8248"}],"wp:attachment":[{"href":"https:\/\/monditaly.com\/kauppa\/wp-json\/wp\/v2\/media?parent=8247"}],"wp:term":[{"taxonomy":"product_brand","embeddable":true,"href":"https:\/\/monditaly.com\/kauppa\/wp-json\/wp\/v2\/product_brand?post=8247"},{"taxonomy":"product_cat","embeddable":true,"href":"https:\/\/monditaly.com\/kauppa\/wp-json\/wp\/v2\/product_cat?post=8247"},{"taxonomy":"product_tag","embeddable":true,"href":"https:\/\/monditaly.com\/kauppa\/wp-json\/wp\/v2\/product_tag?post=8247"}],"curies":[{"name":"wp","href":"https:\/\/api.w.org\/{rel}","templated":true}]}}