{"id":825,"date":"2021-06-08T11:16:03","date_gmt":"2021-06-08T08:16:03","guid":{"rendered":"https:\/\/monditaly.com\/kauppa\/?post_type=product&#038;p=825"},"modified":"2024-08-09T19:52:35","modified_gmt":"2024-08-09T16:52:35","slug":"rognoni-provolone-piccante-juusto-n-3kg","status":"publish","type":"product","link":"https:\/\/monditaly.com\/kauppa\/tuote\/rognoni-provolone-piccante-juusto-n-3kg\/","title":{"rendered":"Rognoni Provolone piccante juusto n. 3kg"},"content":{"rendered":"<h3>Ainesosat \/ Ingredienser:<\/h3>\n<p>Maito, suola, juoksute. Pinnan s\u00e4il\u00f6nt\u00e4aineet: E202, E203, E235. <strong>Sis\u00e4lt\u00e4\u00e4 maitoa.<\/strong> Gluteeniton.<\/p>\n<p>Mj\u00f6lk, salt, l\u00f6pe. Ytkonserveringsmedel: E202, E203, E235. <strong>Inneh\u00e5ller mj\u00f6lk.<\/strong> Glutenfri.<\/p>\n<h3>Ravintoarvot per 100g \/ N\u00e4ringsv\u00e4rde per 100g:<\/h3>\n<p>Energia \/ Energi &#8211;<br \/>\nRasva \/ Fett 29 g<br \/>\njosta tyydyttynytt\u00e4 \/ varav m\u00e4ttade 20 g<br \/>\nHiilihydraatit \/ Kolhydrater 2,2 g<br \/>\njoista sokereita \/ varav sockerarter 0,1 g<br \/>\nProteiini \/ Protein 23 g<br \/>\nSuola \/ Salt 2,3 g<\/p>\n","protected":false},"excerpt":{"rendered":"<p>T\u00e4ysirasvainen, lehm\u00e4nmaidosta valmistettu kypsytetty juusto. Tuotantoalue Po-joen laakso Italian Lombardiassa.<\/p>\n<p>Provolone cheese is an aged pasta filata (stretched-curd) cheese. Modern provolone is a full-fat cow&#8217;s milk cheese with a smooth skin, produced mainly in the Po River Valley regions of Lombardy.<\/p>\n","protected":false},"featured_media":1247,"template":"","meta":[],"product_brand":[],"product_cat":[196,36,163,246,249],"product_tag":[187,304,325],"class_list":{"0":"post-825","1":"product","2":"type-product","3":"status-publish","4":"has-post-thumbnail","6":"product_cat-kilokauppa","7":"product_cat-viileat","8":"product_cat-viileat-horeca","9":"product_cat-juustot-horeca","10":"product_cat-kovat-juustot-horeca","11":"product_tag-cheese","12":"product_tag-gluteeniton","13":"product_tag-gluten-free","14":"product_shipping_class-viileat-pakaste","16":"first","17":"instock","18":"taxable","19":"shipping-taxable","20":"product-type-simple"},"_links":{"self":[{"href":"https:\/\/monditaly.com\/kauppa\/wp-json\/wp\/v2\/product\/825","targetHints":{"allow":["GET"]}}],"collection":[{"href":"https:\/\/monditaly.com\/kauppa\/wp-json\/wp\/v2\/product"}],"about":[{"href":"https:\/\/monditaly.com\/kauppa\/wp-json\/wp\/v2\/types\/product"}],"wp:featuredmedia":[{"embeddable":true,"href":"https:\/\/monditaly.com\/kauppa\/wp-json\/wp\/v2\/media\/1247"}],"wp:attachment":[{"href":"https:\/\/monditaly.com\/kauppa\/wp-json\/wp\/v2\/media?parent=825"}],"wp:term":[{"taxonomy":"product_brand","embeddable":true,"href":"https:\/\/monditaly.com\/kauppa\/wp-json\/wp\/v2\/product_brand?post=825"},{"taxonomy":"product_cat","embeddable":true,"href":"https:\/\/monditaly.com\/kauppa\/wp-json\/wp\/v2\/product_cat?post=825"},{"taxonomy":"product_tag","embeddable":true,"href":"https:\/\/monditaly.com\/kauppa\/wp-json\/wp\/v2\/product_tag?post=825"}],"curies":[{"name":"wp","href":"https:\/\/api.w.org\/{rel}","templated":true}]}}