{"id":827,"date":"2021-06-08T12:56:36","date_gmt":"2021-06-08T09:56:36","guid":{"rendered":"https:\/\/monditaly.com\/kauppa\/?post_type=product&#038;p=827"},"modified":"2024-08-09T19:52:35","modified_gmt":"2024-08-09T16:52:35","slug":"auricchio-pecorino-su-sardu-musta-leima-juusto-n-2800g","status":"publish","type":"product","link":"https:\/\/monditaly.com\/kauppa\/tuote\/auricchio-pecorino-su-sardu-musta-leima-juusto-n-2800g\/","title":{"rendered":"Auricchio Pecorino Su Sardu musta leima juusto n. 2,8kg"},"content":{"rendered":"<h3>Ainesosat:<\/h3>\n<p>Past\u00f6roitu lampaanmaito, suola, juoksute. S\u00e4il\u00f6nt\u00e4aine: E235 (pinnalla). V\u00e4riaine: E172 (pinnalla). <strong>Sis\u00e4lt\u00e4\u00e4 maitoa.<\/strong><\/p>\n<p>Past\u00f6riserad f\u00e5rmj\u00f6lk, salt, l\u00f6pe. Konserveringsmedel: E235 (p\u00e5 ytan). F\u00e4rg\u00e4mne: E172 (p\u00e5 ytan). <strong>Inneh\u00e5ller mj\u00f6lk.<\/strong><\/p>\n<h3>Ravintoarvot per 100g:<\/h3>\n<p>Energia \/ Energi 1848 kj \/ 446 kcal<br \/>\nRasva \/ Fett 38 g josta tyydyttyneit\u00e4 \/ varav m\u00e4ttade 25 g<br \/>\nHiilihydraatteja \/ Kolhydrat 0 g josta sokereita \/ varav sockerarter 0 g<br \/>\nKuituja \/ Fiber 0 g<br \/>\nProteiini \/ Protein 26 g<br \/>\nSuola \/ Salt 2,0 g<\/p>\n","protected":false},"excerpt":{"rendered":"<p>Lampaanmaitojuusto, miellytt\u00e4v\u00e4n pikantti maku. Kypsytetty yli 60 p\u00e4iv\u00e4\u00e4. Kuori ei ole sy\u00f6t\u00e4v\u00e4. S\u00e4ilytys j\u00e4\u00e4kaapissa.<\/p>\n","protected":false},"featured_media":1251,"template":"","meta":[],"product_brand":[],"product_cat":[196,36,163,246,249],"product_tag":[187],"class_list":{"0":"post-827","1":"product","2":"type-product","3":"status-publish","4":"has-post-thumbnail","6":"product_cat-kilokauppa","7":"product_cat-viileat","8":"product_cat-viileat-horeca","9":"product_cat-juustot-horeca","10":"product_cat-kovat-juustot-horeca","11":"product_tag-cheese","12":"product_shipping_class-viileat-pakaste","14":"first","15":"outofstock","16":"taxable","17":"shipping-taxable","18":"product-type-simple"},"_links":{"self":[{"href":"https:\/\/monditaly.com\/kauppa\/wp-json\/wp\/v2\/product\/827","targetHints":{"allow":["GET"]}}],"collection":[{"href":"https:\/\/monditaly.com\/kauppa\/wp-json\/wp\/v2\/product"}],"about":[{"href":"https:\/\/monditaly.com\/kauppa\/wp-json\/wp\/v2\/types\/product"}],"wp:featuredmedia":[{"embeddable":true,"href":"https:\/\/monditaly.com\/kauppa\/wp-json\/wp\/v2\/media\/1251"}],"wp:attachment":[{"href":"https:\/\/monditaly.com\/kauppa\/wp-json\/wp\/v2\/media?parent=827"}],"wp:term":[{"taxonomy":"product_brand","embeddable":true,"href":"https:\/\/monditaly.com\/kauppa\/wp-json\/wp\/v2\/product_brand?post=827"},{"taxonomy":"product_cat","embeddable":true,"href":"https:\/\/monditaly.com\/kauppa\/wp-json\/wp\/v2\/product_cat?post=827"},{"taxonomy":"product_tag","embeddable":true,"href":"https:\/\/monditaly.com\/kauppa\/wp-json\/wp\/v2\/product_tag?post=827"}],"curies":[{"name":"wp","href":"https:\/\/api.w.org\/{rel}","templated":true}]}}