{"id":829,"date":"2021-06-08T13:18:54","date_gmt":"2021-06-08T10:18:54","guid":{"rendered":"https:\/\/monditaly.com\/kauppa\/?post_type=product&#038;p=829"},"modified":"2025-10-22T10:01:42","modified_gmt":"2025-10-22T07:01:42","slug":"auricchio-pecorino-collesardo-gloria-nuori-juusto-n-2800g","status":"publish","type":"product","link":"https:\/\/monditaly.com\/kauppa\/tuote\/auricchio-pecorino-collesardo-gloria-nuori-juusto-n-2800g\/","title":{"rendered":"Auricchio Pecorino Collesardo Gloria nuori juusto n. 2,8kg"},"content":{"rendered":"<h3>Ainesosat:<\/h3>\n<p>Past\u00f6roitu lampaanmaito (97,98%), suola (2%), juoksute (0,02%), s\u00e4il\u00f6nt\u00e4aine: E235 (pinnalla), v\u00e4riaine: E160b, E172 (pinnalla).<\/p>\n<p>Past\u00f6riserad f\u00e5rmj\u00f6lk (97,98%), salt (2%), l\u00f6pe (0,02%), konserveringsmedel: E235 (p\u00e5 ytan), f\u00e4rg\u00e4mne: E160b, E172 (p\u00e5 ytan).<\/p>\n<h3>Ravintoarvot per 100g:<\/h3>\n<p>Energia \/ Energi 1774 kJ \/ 428 kcal<br \/>\nRasva \/ Fett 36 g josta tyydyttynytt\u00e4 \/ varav m\u00e4ttade 24 g<br \/>\nHiilihydraatit \/ Kolhydrat 0 g joista sokereita \/ varav sockerarter 0 g<br \/>\nKuitu \/ Fiber 0 g<br \/>\nProteiini \/ Protein 26 g<br \/>\nSuola \/ Salt 1,8 g<\/p>\n","protected":false},"excerpt":{"rendered":"<p><span style=\"font-weight: 400;\">Pehme\u00e4 lampaanmaitojuusto, kypsytetty 4-6 viikkoa. Maultaan miellytt\u00e4v\u00e4n makeahko ja aromaattinen. <\/span>S\u00e4ilytys j\u00e4\u00e4kaapissa +4 \/+6. Kuori ei ole sy\u00f6t\u00e4v\u00e4.<\/p>\n<p>Soft sheep&#8217;s milk cheese, matured for 4-6 weeks. Pleasantly sweet and aromatic on the palate. Storage in the refrigerator +4 \/+6. The rind is not edible.<\/p>\n","protected":false},"featured_media":1252,"template":"","meta":[],"product_brand":[],"product_cat":[196,36,163,246,249],"product_tag":[187],"class_list":{"0":"post-829","1":"product","2":"type-product","3":"status-publish","4":"has-post-thumbnail","6":"product_cat-kilokauppa","7":"product_cat-viileat","8":"product_cat-viileat-horeca","9":"product_cat-juustot-horeca","10":"product_cat-kovat-juustot-horeca","11":"product_tag-cheese","12":"product_shipping_class-viileat-pakaste","14":"first","15":"onbackorder","16":"taxable","17":"shipping-taxable","18":"product-type-simple"},"_links":{"self":[{"href":"https:\/\/monditaly.com\/kauppa\/wp-json\/wp\/v2\/product\/829","targetHints":{"allow":["GET"]}}],"collection":[{"href":"https:\/\/monditaly.com\/kauppa\/wp-json\/wp\/v2\/product"}],"about":[{"href":"https:\/\/monditaly.com\/kauppa\/wp-json\/wp\/v2\/types\/product"}],"wp:featuredmedia":[{"embeddable":true,"href":"https:\/\/monditaly.com\/kauppa\/wp-json\/wp\/v2\/media\/1252"}],"wp:attachment":[{"href":"https:\/\/monditaly.com\/kauppa\/wp-json\/wp\/v2\/media?parent=829"}],"wp:term":[{"taxonomy":"product_brand","embeddable":true,"href":"https:\/\/monditaly.com\/kauppa\/wp-json\/wp\/v2\/product_brand?post=829"},{"taxonomy":"product_cat","embeddable":true,"href":"https:\/\/monditaly.com\/kauppa\/wp-json\/wp\/v2\/product_cat?post=829"},{"taxonomy":"product_tag","embeddable":true,"href":"https:\/\/monditaly.com\/kauppa\/wp-json\/wp\/v2\/product_tag?post=829"}],"curies":[{"name":"wp","href":"https:\/\/api.w.org\/{rel}","templated":true}]}}