{"id":834,"date":"2021-06-08T13:31:20","date_gmt":"2021-06-08T10:31:20","guid":{"rendered":"https:\/\/monditaly.com\/kauppa\/?post_type=product&#038;p=834"},"modified":"2025-03-07T10:40:39","modified_gmt":"2025-03-07T08:40:39","slug":"biraghi-gorgonzola-erborinato-dop-juusto-1-8-n-1500g","status":"publish","type":"product","link":"https:\/\/monditaly.com\/kauppa\/tuote\/biraghi-gorgonzola-erborinato-dop-juusto-1-8-n-1500g\/","title":{"rendered":"Biraghi Gorgonzola Erborinato D.O.P juusto 1\/8 n. 1,5kg"},"content":{"rendered":"<h3>Ainesosat:<\/h3>\n<p><span data-sheets-formula-bar-text-style=\"font-size:7px;color:#000000;font-weight:bold;text-decoration:none;font-family:''docs-Lato'';font-style:normal;text-decoration-skip-ink:none;\">Maito<\/span><span data-sheets-formula-bar-text-style=\"font-size:7px;color:#000000;font-weight:normal;text-decoration:none;font-family:'docs-Lato';font-style:normal;text-decoration-skip-ink:none;\">, suola, juoksute. Gluteeniton. <strong>Sis\u00e4lt\u00e4\u00e4 <\/strong><\/span><strong>maito<\/strong><span data-sheets-formula-bar-text-style=\"font-size:7px;color:#000000;font-weight:normal;text-decoration:none;font-family:'docs-Lato';font-style:normal;text-decoration-skip-ink:none;\"><strong>a.<\/strong> <\/span><\/p>\n<p><span data-sheets-formula-bar-text-style=\"font-size:7px;color:#000000;font-weight:normal;text-decoration:none;font-family:'docs-Lato';font-style:normal;text-decoration-skip-ink:none;\">M<\/span><span data-sheets-formula-bar-text-style=\"font-size:7px;color:#000000;font-weight:bold;text-decoration:none;font-family:''docs-Lato'';font-style:normal;text-decoration-skip-ink:none;\">j\u00f6lk<\/span><span data-sheets-formula-bar-text-style=\"font-size:7px;color:#000000;font-weight:normal;text-decoration:none;font-family:'docs-Lato';font-style:normal;text-decoration-skip-ink:none;\">, salt, l\u00f6pe. Glutenfri. <strong>Inneh\u00e5ller mj\u00f6lk.<\/strong><\/span><\/p>\n<h3>Ravintoarvot per 100g:<\/h3>\n<p>Energia \/ Energi 1332 kJ \/ 321 kcal<br \/>\nRasva \/ Fett 21,0 g josta tyydyttynytt\u00e4 \/ varav m\u00e4ttade 18,9 g<br \/>\nHiilihydraatit \/ Kolhydrat 0,6 g joista sokereita \/ varav sockerarter 0,1 g<br \/>\nKuitu \/ Fiber 0,0 g<br \/>\nProteiini \/ Protein 19 g<br \/>\nSuola \/ Salt 1,9 g<\/p>\n","protected":false},"excerpt":{"rendered":"<p>D.O.P -alkuper\u00e4merkitty gorgonzolajuusto. Pehme\u00e4 rakenne ja vahva maku.<\/p>\n","protected":false},"featured_media":3649,"template":"","meta":[],"product_brand":[],"product_cat":[196,36,163,246,250],"product_tag":[187,304,325],"class_list":{"0":"post-834","1":"product","2":"type-product","3":"status-publish","4":"has-post-thumbnail","6":"product_cat-kilokauppa","7":"product_cat-viileat","8":"product_cat-viileat-horeca","9":"product_cat-juustot-horeca","10":"product_cat-homejuustot-horeca","11":"product_tag-cheese","12":"product_tag-gluteeniton","13":"product_tag-gluten-free","14":"product_shipping_class-viileat-pakaste","16":"first","17":"instock","18":"taxable","19":"shipping-taxable","20":"product-type-simple"},"_links":{"self":[{"href":"https:\/\/monditaly.com\/kauppa\/wp-json\/wp\/v2\/product\/834","targetHints":{"allow":["GET"]}}],"collection":[{"href":"https:\/\/monditaly.com\/kauppa\/wp-json\/wp\/v2\/product"}],"about":[{"href":"https:\/\/monditaly.com\/kauppa\/wp-json\/wp\/v2\/types\/product"}],"wp:featuredmedia":[{"embeddable":true,"href":"https:\/\/monditaly.com\/kauppa\/wp-json\/wp\/v2\/media\/3649"}],"wp:attachment":[{"href":"https:\/\/monditaly.com\/kauppa\/wp-json\/wp\/v2\/media?parent=834"}],"wp:term":[{"taxonomy":"product_brand","embeddable":true,"href":"https:\/\/monditaly.com\/kauppa\/wp-json\/wp\/v2\/product_brand?post=834"},{"taxonomy":"product_cat","embeddable":true,"href":"https:\/\/monditaly.com\/kauppa\/wp-json\/wp\/v2\/product_cat?post=834"},{"taxonomy":"product_tag","embeddable":true,"href":"https:\/\/monditaly.com\/kauppa\/wp-json\/wp\/v2\/product_tag?post=834"}],"curies":[{"name":"wp","href":"https:\/\/api.w.org\/{rel}","templated":true}]}}