{"id":836,"date":"2021-06-08T14:01:31","date_gmt":"2021-06-08T11:01:31","guid":{"rendered":"https:\/\/monditaly.com\/kauppa\/?post_type=product&#038;p=836"},"modified":"2024-10-02T15:24:53","modified_gmt":"2024-10-02T12:24:53","slug":"valcolatte-fior-di-latte-mozzarella-juusto-1ltk","status":"publish","type":"product","link":"https:\/\/monditaly.com\/kauppa\/tuote\/valcolatte-fior-di-latte-mozzarella-juusto-1ltk\/","title":{"rendered":"Valcolatte Fior di Latte mozzarella juusto 1ltk, 4kg (100g x 40 kpl)"},"content":{"rendered":"<h3>Ainesosat:<\/h3>\n<p>Pastoroitu lehm\u00e4n maito*, suola (NaCl), mikrobiper\u00e4inen juoksete, maitohappobakteeri. <strong>Sis\u00e4lt\u00e4\u00e4 maitoa.<\/strong> *Maidon alkuper\u00e4: Italia.<\/p>\n<p>Past\u00f6riserad komj\u00f6lk*, salt (NaCl), mikrobiell l\u00f6pe, mj\u00f6lksyrabakterier. <strong>Inneh\u00e5ller mj\u00f6lk.<\/strong> *Mj\u00f6lk ursprung: Italie.<\/p>\n<h3>Ravintoarvot per 100g:<\/h3>\n<p>Energia \/ Energi 1001 kJ \/ 241 kcal<br \/>\nRasva \/ Fett 19 g josta tyydyttynytt\u00e4 \/ varav m\u00e4ttade 13 g<br \/>\nHiilihydraatit 0,5 g joista sokereita \/ varav sockerarter 0,5 g<br \/>\nProteiini \/ Protein 17 g<br \/>\nSuola \/ Salt 0,68 g<\/p>\n","protected":false},"excerpt":{"rendered":"<p><strong>Tuote myyd\u00e4\u00e4n myyntier\u00e4n\u00e4 1 ltk (4 kpl x 1 kg). \/ Sales unit 1 box (4 pcs x 1 kg).<\/strong><\/p>\n","protected":false},"featured_media":1261,"template":"","meta":[],"product_brand":[],"product_cat":[36,163,246,251],"product_tag":[187,200],"class_list":{"0":"post-836","1":"product","2":"type-product","3":"status-publish","4":"has-post-thumbnail","6":"product_cat-viileat","7":"product_cat-viileat-horeca","8":"product_cat-juustot-horeca","9":"product_cat-mozzarella-horeca","10":"product_tag-cheese","11":"product_tag-mozzarella","12":"product_shipping_class-viileat-pakaste","14":"first","15":"instock","16":"taxable","17":"shipping-taxable","18":"product-type-simple"},"_links":{"self":[{"href":"https:\/\/monditaly.com\/kauppa\/wp-json\/wp\/v2\/product\/836","targetHints":{"allow":["GET"]}}],"collection":[{"href":"https:\/\/monditaly.com\/kauppa\/wp-json\/wp\/v2\/product"}],"about":[{"href":"https:\/\/monditaly.com\/kauppa\/wp-json\/wp\/v2\/types\/product"}],"wp:featuredmedia":[{"embeddable":true,"href":"https:\/\/monditaly.com\/kauppa\/wp-json\/wp\/v2\/media\/1261"}],"wp:attachment":[{"href":"https:\/\/monditaly.com\/kauppa\/wp-json\/wp\/v2\/media?parent=836"}],"wp:term":[{"taxonomy":"product_brand","embeddable":true,"href":"https:\/\/monditaly.com\/kauppa\/wp-json\/wp\/v2\/product_brand?post=836"},{"taxonomy":"product_cat","embeddable":true,"href":"https:\/\/monditaly.com\/kauppa\/wp-json\/wp\/v2\/product_cat?post=836"},{"taxonomy":"product_tag","embeddable":true,"href":"https:\/\/monditaly.com\/kauppa\/wp-json\/wp\/v2\/product_tag?post=836"}],"curies":[{"name":"wp","href":"https:\/\/api.w.org\/{rel}","templated":true}]}}